{"id":1884,"date":"2022-10-21T08:05:54","date_gmt":"2022-10-21T08:05:54","guid":{"rendered":"https:\/\/okechamp.pl\/?page_id=1884"},"modified":"2024-09-27T12:07:54","modified_gmt":"2024-09-27T12:07:54","slug":"stypendium","status":"publish","type":"page","link":"https:\/\/okechamp.pl\/en\/kariera\/stypendium\/","title":{"rendered":"Scholarship"},"content":{"rendered":"<div data-elementor-type=\"wp-page\" data-elementor-id=\"1884\" class=\"elementor elementor-1884\" data-elementor-post-type=\"page\">\n\t\t\t\t\t\t<section data-particle_enable=\"false\" data-particle-mobile-disabled=\"false\" class=\"elementor-section elementor-top-section elementor-element elementor-element-52c7a44 elementor-section-boxed elementor-section-height-default elementor-section-height-default exad-glass-effect-no exad-sticky-section-no\" data-id=\"52c7a44\" data-element_type=\"section\" data-settings=\"{&quot;jet_parallax_layout_list&quot;:[]}\">\n\t\t\t\t\t\t<div class=\"elementor-container elementor-column-gap-default\">\n\t\t\t\t\t<div class=\"elementor-column elementor-col-100 elementor-top-column elementor-element elementor-element-224d8b6 exad-glass-effect-no exad-sticky-section-no\" data-id=\"224d8b6\" data-element_type=\"column\">\n\t\t\t<div class=\"elementor-widget-wrap elementor-element-populated\">\n\t\t\t\t\t\t<div class=\"elementor-element elementor-element-a1ba1c4 exad-sticky-section-no exad-glass-effect-no elementor-widget elementor-widget-heading\" data-id=\"a1ba1c4\" data-element_type=\"widget\" data-widget_type=\"heading.default\">\n\t\t\t\t<div class=\"elementor-widget-container\">\n\t\t\t<style>\/*! elementor - v3.20.0 - 10-04-2024 *\/\n.elementor-heading-title{padding:0;margin:0;line-height:1}.elementor-widget-heading .elementor-heading-title[class*=elementor-size-]>a{color:inherit;font-size:inherit;line-height:inherit}.elementor-widget-heading .elementor-heading-title.elementor-size-small{font-size:15px}.elementor-widget-heading .elementor-heading-title.elementor-size-medium{font-size:19px}.elementor-widget-heading .elementor-heading-title.elementor-size-large{font-size:29px}.elementor-widget-heading .elementor-heading-title.elementor-size-xl{font-size:39px}.elementor-widget-heading .elementor-heading-title.elementor-size-xxl{font-size:59px}<\/style><h2 class=\"elementor-heading-title elementor-size-default\">Scholarship<\/h2>\t\t<\/div>\n\t\t\t\t<\/div>\n\t\t\t\t\t<\/div>\n\t\t<\/div>\n\t\t\t\t\t<\/div>\n\t\t<\/section>\n\t\t\t\t<section data-particle_enable=\"false\" data-particle-mobile-disabled=\"false\" class=\"elementor-section elementor-top-section elementor-element elementor-element-56d1a19 elementor-section-boxed elementor-section-height-default elementor-section-height-default exad-glass-effect-no exad-sticky-section-no\" data-id=\"56d1a19\" data-element_type=\"section\" data-settings=\"{&quot;jet_parallax_layout_list&quot;:[]}\">\n\t\t\t\t\t\t<div class=\"elementor-container elementor-column-gap-default\">\n\t\t\t\t\t<div class=\"elementor-column elementor-col-100 elementor-top-column elementor-element elementor-element-72d5b7b exad-glass-effect-no exad-sticky-section-no\" data-id=\"72d5b7b\" data-element_type=\"column\">\n\t\t\t<div class=\"elementor-widget-wrap\">\n\t\t\t\t\t\t\t<\/div>\n\t\t<\/div>\n\t\t\t\t\t<\/div>\n\t\t<\/section>\n\t\t\t\t<section data-particle_enable=\"false\" data-particle-mobile-disabled=\"false\" class=\"elementor-section elementor-top-section elementor-element elementor-element-95316f2 elementor-section-boxed elementor-section-height-default elementor-section-height-default exad-glass-effect-no exad-sticky-section-no\" data-id=\"95316f2\" data-element_type=\"section\" data-settings=\"{&quot;jet_parallax_layout_list&quot;:[]}\">\n\t\t\t\t\t\t<div class=\"elementor-container elementor-column-gap-default\">\n\t\t\t\t\t<div class=\"elementor-column elementor-col-100 elementor-top-column elementor-element elementor-element-9c74a8d exad-glass-effect-no exad-sticky-section-no\" data-id=\"9c74a8d\" data-element_type=\"column\">\n\t\t\t<div class=\"elementor-widget-wrap elementor-element-populated\">\n\t\t\t\t\t\t<div class=\"elementor-element elementor-element-fd80dc5 exad-sticky-section-no exad-glass-effect-no elementor-widget elementor-widget-image\" data-id=\"fd80dc5\" data-element_type=\"widget\" data-widget_type=\"image.default\">\n\t\t\t\t<div class=\"elementor-widget-container\">\n\t\t\t<style>\/*! elementor - v3.20.0 - 10-04-2024 *\/\n.elementor-widget-image{text-align:center}.elementor-widget-image a{display:inline-block}.elementor-widget-image a img[src$=\".svg\"]{width:48px}.elementor-widget-image img{vertical-align:middle;display:inline-block}<\/style>\t\t\t\t\t\t\t\t\t\t<img decoding=\"async\" src=\"https:\/\/okechamp.pl\/wp-content\/uploads\/2024\/09\/STYPENDIUM_2024-2025_plakat-8.pdf\" title=\"\" alt=\"\" loading=\"lazy\" \/>\t\t\t\t\t\t\t\t\t\t\t\t\t<\/div>\n\t\t\t\t<\/div>\n\t\t\t\t<div class=\"elementor-element elementor-element-107511a exad-sticky-section-no exad-glass-effect-no elementor-widget elementor-widget-image\" data-id=\"107511a\" data-element_type=\"widget\" data-widget_type=\"image.default\">\n\t\t\t\t<div class=\"elementor-widget-container\">\n\t\t\t\t\t\t\t\t\t\t\t\t\t<img fetchpriority=\"high\" decoding=\"async\" width=\"724\" height=\"1024\" src=\"https:\/\/okechamp.pl\/wp-content\/uploads\/2024\/09\/STYPENDIUM_2024-2025_plakat-724x1024.jpg\" class=\"attachment-large size-large wp-image-2934\" alt=\"\" srcset=\"https:\/\/okechamp.pl\/wp-content\/uploads\/2024\/09\/STYPENDIUM_2024-2025_plakat-724x1024.jpg 724w, https:\/\/okechamp.pl\/wp-content\/uploads\/2024\/09\/STYPENDIUM_2024-2025_plakat-212x300.jpg 212w, https:\/\/okechamp.pl\/wp-content\/uploads\/2024\/09\/STYPENDIUM_2024-2025_plakat-768x1086.jpg 768w, https:\/\/okechamp.pl\/wp-content\/uploads\/2024\/09\/STYPENDIUM_2024-2025_plakat-1086x1536.jpg 1086w, https:\/\/okechamp.pl\/wp-content\/uploads\/2024\/09\/STYPENDIUM_2024-2025_plakat-8x12.jpg 8w, https:\/\/okechamp.pl\/wp-content\/uploads\/2024\/09\/STYPENDIUM_2024-2025_plakat.jpg 1358w\" sizes=\"(max-width: 724px) 100vw, 724px\" \/>\t\t\t\t\t\t\t\t\t\t\t\t\t<\/div>\n\t\t\t\t<\/div>\n\t\t\t\t<section data-particle_enable=\"false\" data-particle-mobile-disabled=\"false\" class=\"elementor-section elementor-inner-section elementor-element elementor-element-63d760c elementor-section-boxed elementor-section-height-default elementor-section-height-default exad-glass-effect-no exad-sticky-section-no\" data-id=\"63d760c\" data-element_type=\"section\" data-settings=\"{&quot;jet_parallax_layout_list&quot;:[]}\">\n\t\t\t\t\t\t<div class=\"elementor-container elementor-column-gap-default\">\n\t\t\t\t\t<div class=\"elementor-column elementor-col-100 elementor-inner-column elementor-element elementor-element-45631ea exad-glass-effect-no exad-sticky-section-no\" data-id=\"45631ea\" data-element_type=\"column\">\n\t\t\t<div class=\"elementor-widget-wrap elementor-element-populated\">\n\t\t\t\t\t\t<div class=\"elementor-element elementor-element-12d860b elementor-widget__width-auto exad-sticky-section-no exad-glass-effect-no elementor-widget elementor-widget-button\" data-id=\"12d860b\" data-element_type=\"widget\" data-widget_type=\"button.default\">\n\t\t\t\t<div class=\"elementor-widget-container\">\n\t\t\t\t\t<div class=\"elementor-button-wrapper\">\n\t\t\t<a class=\"elementor-button elementor-button-link elementor-size-sm\" href=\"https:\/\/okechamp.pl\/wp-content\/uploads\/2024\/09\/Zalacznik-nr-1.pdf\" target=\"_blank\" rel=\"nofollow\">\n\t\t\t\t\t\t<span class=\"elementor-button-content-wrapper\">\n\t\t\t\t\t\t<span class=\"elementor-button-text\">Download attachment 1<\/span>\n\t\t<\/span>\n\t\t\t\t\t<\/a>\n\t\t<\/div>\n\t\t\t\t<\/div>\n\t\t\t\t<\/div>\n\t\t\t\t<div class=\"elementor-element elementor-element-2922f8c elementor-widget__width-auto exad-sticky-section-no exad-glass-effect-no elementor-widget elementor-widget-button\" data-id=\"2922f8c\" data-element_type=\"widget\" data-widget_type=\"button.default\">\n\t\t\t\t<div class=\"elementor-widget-container\">\n\t\t\t\t\t<div class=\"elementor-button-wrapper\">\n\t\t\t<a class=\"elementor-button elementor-button-link elementor-size-sm\" href=\"https:\/\/okechamp.pl\/wp-content\/uploads\/2024\/09\/Zalacznik-nr-2.pdf\" target=\"_blank\" rel=\"nofollow\">\n\t\t\t\t\t\t<span class=\"elementor-button-content-wrapper\">\n\t\t\t\t\t\t<span class=\"elementor-button-text\">Download attachment 2<\/span>\n\t\t<\/span>\n\t\t\t\t\t<\/a>\n\t\t<\/div>\n\t\t\t\t<\/div>\n\t\t\t\t<\/div>\n\t\t\t\t<div class=\"elementor-element elementor-element-ae4c74a elementor-widget__width-auto exad-sticky-section-no exad-glass-effect-no elementor-widget elementor-widget-button\" data-id=\"ae4c74a\" data-element_type=\"widget\" data-widget_type=\"button.default\">\n\t\t\t\t<div class=\"elementor-widget-container\">\n\t\t\t\t\t<div class=\"elementor-button-wrapper\">\n\t\t\t<a class=\"elementor-button elementor-button-link elementor-size-sm\" href=\"https:\/\/okechamp.pl\/wp-content\/uploads\/2024\/09\/Regulamin-przyznawania-stypendium_2024-2.pdf\" target=\"_blank\" rel=\"nofollow\">\n\t\t\t\t\t\t<span class=\"elementor-button-content-wrapper\">\n\t\t\t\t\t\t<span class=\"elementor-button-text\">Terms and Conditions<\/span>\n\t\t<\/span>\n\t\t\t\t\t<\/a>\n\t\t<\/div>\n\t\t\t\t<\/div>\n\t\t\t\t<\/div>\n\t\t\t\t\t<\/div>\n\t\t<\/div>\n\t\t\t\t\t<\/div>\n\t\t<\/section>\n\t\t\t\t\t<\/div>\n\t\t<\/div>\n\t\t\t\t\t<\/div>\n\t\t<\/section>\n\t\t<div class=\"elementor-element elementor-element-d02e328 e-flex e-con-boxed e-con e-parent\" data-id=\"d02e328\" data-element_type=\"container\" data-core-v316-plus=\"true\">\n\t\t\t\t\t<div class=\"e-con-inner\">\n\t\t\t\t\t<\/div>\n\t\t\t\t<\/div>\n\t\t\t\t<\/div>","protected":false},"excerpt":{"rendered":"<p>Stypendium Pobierz za\u0142\u0105cznik nr 1 Pobierz za\u0142\u0105cznik nr 2 Regulamin stypendium<\/p>","protected":false},"author":3,"featured_media":0,"parent":378,"menu_order":0,"comment_status":"closed","ping_status":"closed","template":"elementor_header_footer","meta":{"footnotes":""},"class_list":["post-1884","page","type-page","status-publish","hentry","entry"],"yoast_head":"<!-- This site is optimized with the Yoast SEO plugin v23.4 - https:\/\/yoast.com\/wordpress\/plugins\/seo\/ -->\n<title>Stypendium - Okechamp Group<\/title>\n<meta name=\"robots\" content=\"index, follow, max-snippet:-1, max-image-preview:large, max-video-preview:-1\" \/>\n<link rel=\"canonical\" href=\"https:\/\/okechamp.pl\/en\/kariera\/stypendium\/\" \/>\n<meta property=\"og:locale\" content=\"en_US\" \/>\n<meta property=\"og:type\" content=\"article\" \/>\n<meta property=\"og:title\" content=\"Stypendium - Okechamp Group\" \/>\n<meta property=\"og:description\" content=\"Stypendium Pobierz za\u0142\u0105cznik nr 1 Pobierz za\u0142\u0105cznik nr 2 Regulamin stypendium\" \/>\n<meta property=\"og:url\" content=\"https:\/\/okechamp.pl\/en\/kariera\/stypendium\/\" \/>\n<meta property=\"og:site_name\" content=\"Okechamp Group\" \/>\n<meta property=\"article:modified_time\" content=\"2024-09-27T12:07:54+00:00\" \/>\n<meta property=\"og:image\" content=\"https:\/\/okechamp.pl\/wp-content\/uploads\/2024\/09\/STYPENDIUM_2024-2025_plakat-8.pdf\" \/>\n<meta name=\"twitter:card\" content=\"summary_large_image\" \/>\n<meta name=\"twitter:label1\" content=\"Est. reading time\" \/>\n\t<meta name=\"twitter:data1\" content=\"1 minute\" \/>\n<script type=\"application\/ld+json\" class=\"yoast-schema-graph\">{\"@context\":\"https:\/\/schema.org\",\"@graph\":[{\"@type\":\"WebPage\",\"@id\":\"https:\/\/okechamp.pl\/kariera\/stypendium\/\",\"url\":\"https:\/\/okechamp.pl\/kariera\/stypendium\/\",\"name\":\"Stypendium - Okechamp Group\",\"isPartOf\":{\"@id\":\"https:\/\/okechamp.pl\/#website\"},\"primaryImageOfPage\":{\"@id\":\"https:\/\/okechamp.pl\/kariera\/stypendium\/#primaryimage\"},\"image\":{\"@id\":\"https:\/\/okechamp.pl\/kariera\/stypendium\/#primaryimage\"},\"thumbnailUrl\":\"https:\/\/okechamp.pl\/wp-content\/uploads\/2024\/09\/STYPENDIUM_2024-2025_plakat-8.pdf\",\"datePublished\":\"2022-10-21T08:05:54+00:00\",\"dateModified\":\"2024-09-27T12:07:54+00:00\",\"breadcrumb\":{\"@id\":\"https:\/\/okechamp.pl\/kariera\/stypendium\/#breadcrumb\"},\"inLanguage\":\"en-US\",\"potentialAction\":[{\"@type\":\"ReadAction\",\"target\":[\"https:\/\/okechamp.pl\/kariera\/stypendium\/\"]}]},{\"@type\":\"ImageObject\",\"inLanguage\":\"en-US\",\"@id\":\"https:\/\/okechamp.pl\/kariera\/stypendium\/#primaryimage\",\"url\":\"https:\/\/okechamp.pl\/wp-content\/uploads\/2024\/09\/STYPENDIUM_2024-2025_plakat-8.pdf\",\"contentUrl\":\"https:\/\/okechamp.pl\/wp-content\/uploads\/2024\/09\/STYPENDIUM_2024-2025_plakat-8.pdf\"},{\"@type\":\"BreadcrumbList\",\"@id\":\"https:\/\/okechamp.pl\/kariera\/stypendium\/#breadcrumb\",\"itemListElement\":[{\"@type\":\"ListItem\",\"position\":1,\"name\":\"Strona g\u0142\u00f3wna\",\"item\":\"https:\/\/okechamp.pl\/\"},{\"@type\":\"ListItem\",\"position\":2,\"name\":\"Kariera\",\"item\":\"https:\/\/okechamp.pl\/kariera\/\"},{\"@type\":\"ListItem\",\"position\":3,\"name\":\"Stypendium\"}]},{\"@type\":\"WebSite\",\"@id\":\"https:\/\/okechamp.pl\/#website\",\"url\":\"https:\/\/okechamp.pl\/\",\"name\":\"Okechamp Group\",\"description\":\"producent pieczarek\",\"publisher\":{\"@id\":\"https:\/\/okechamp.pl\/#organization\"},\"potentialAction\":[{\"@type\":\"SearchAction\",\"target\":{\"@type\":\"EntryPoint\",\"urlTemplate\":\"https:\/\/okechamp.pl\/?s={search_term_string}\"},\"query-input\":{\"@type\":\"PropertyValueSpecification\",\"valueRequired\":true,\"valueName\":\"search_term_string\"}}],\"inLanguage\":\"en-US\"},{\"@type\":\"Organization\",\"@id\":\"https:\/\/okechamp.pl\/#organization\",\"name\":\"Okechamp Group\",\"url\":\"https:\/\/okechamp.pl\/\",\"logo\":{\"@type\":\"ImageObject\",\"inLanguage\":\"en-US\",\"@id\":\"https:\/\/okechamp.pl\/#\/schema\/logo\/image\/\",\"url\":\"https:\/\/okechamp.pl\/wp-content\/uploads\/2022\/02\/logo_okechamp.png\",\"contentUrl\":\"https:\/\/okechamp.pl\/wp-content\/uploads\/2022\/02\/logo_okechamp.png\",\"width\":110,\"height\":66,\"caption\":\"Okechamp Group\"},\"image\":{\"@id\":\"https:\/\/okechamp.pl\/#\/schema\/logo\/image\/\"}}]}<\/script>\n<!-- \/ Yoast SEO plugin. -->","yoast_head_json":{"title":"Stypendium - Okechamp Group","robots":{"index":"index","follow":"follow","max-snippet":"max-snippet:-1","max-image-preview":"max-image-preview:large","max-video-preview":"max-video-preview:-1"},"canonical":"https:\/\/okechamp.pl\/en\/kariera\/stypendium\/","og_locale":"en_US","og_type":"article","og_title":"Stypendium - Okechamp Group","og_description":"Stypendium Pobierz za\u0142\u0105cznik nr 1 Pobierz za\u0142\u0105cznik nr 2 Regulamin stypendium","og_url":"https:\/\/okechamp.pl\/en\/kariera\/stypendium\/","og_site_name":"Okechamp Group","article_modified_time":"2024-09-27T12:07:54+00:00","og_image":[{"url":"https:\/\/okechamp.pl\/wp-content\/uploads\/2024\/09\/STYPENDIUM_2024-2025_plakat-8.pdf"}],"twitter_card":"summary_large_image","twitter_misc":{"Est. reading time":"1 minute"},"schema":{"@context":"https:\/\/schema.org","@graph":[{"@type":"WebPage","@id":"https:\/\/okechamp.pl\/kariera\/stypendium\/","url":"https:\/\/okechamp.pl\/kariera\/stypendium\/","name":"Stypendium - Okechamp Group","isPartOf":{"@id":"https:\/\/okechamp.pl\/#website"},"primaryImageOfPage":{"@id":"https:\/\/okechamp.pl\/kariera\/stypendium\/#primaryimage"},"image":{"@id":"https:\/\/okechamp.pl\/kariera\/stypendium\/#primaryimage"},"thumbnailUrl":"https:\/\/okechamp.pl\/wp-content\/uploads\/2024\/09\/STYPENDIUM_2024-2025_plakat-8.pdf","datePublished":"2022-10-21T08:05:54+00:00","dateModified":"2024-09-27T12:07:54+00:00","breadcrumb":{"@id":"https:\/\/okechamp.pl\/kariera\/stypendium\/#breadcrumb"},"inLanguage":"en-US","potentialAction":[{"@type":"ReadAction","target":["https:\/\/okechamp.pl\/kariera\/stypendium\/"]}]},{"@type":"ImageObject","inLanguage":"en-US","@id":"https:\/\/okechamp.pl\/kariera\/stypendium\/#primaryimage","url":"https:\/\/okechamp.pl\/wp-content\/uploads\/2024\/09\/STYPENDIUM_2024-2025_plakat-8.pdf","contentUrl":"https:\/\/okechamp.pl\/wp-content\/uploads\/2024\/09\/STYPENDIUM_2024-2025_plakat-8.pdf"},{"@type":"BreadcrumbList","@id":"https:\/\/okechamp.pl\/kariera\/stypendium\/#breadcrumb","itemListElement":[{"@type":"ListItem","position":1,"name":"Strona g\u0142\u00f3wna","item":"https:\/\/okechamp.pl\/"},{"@type":"ListItem","position":2,"name":"Kariera","item":"https:\/\/okechamp.pl\/kariera\/"},{"@type":"ListItem","position":3,"name":"Stypendium"}]},{"@type":"WebSite","@id":"https:\/\/okechamp.pl\/#website","url":"https:\/\/okechamp.pl\/","name":"Okechamp Group","description":"producent pieczarek","publisher":{"@id":"https:\/\/okechamp.pl\/#organization"},"potentialAction":[{"@type":"SearchAction","target":{"@type":"EntryPoint","urlTemplate":"https:\/\/okechamp.pl\/?s={search_term_string}"},"query-input":{"@type":"PropertyValueSpecification","valueRequired":true,"valueName":"search_term_string"}}],"inLanguage":"en-US"},{"@type":"Organization","@id":"https:\/\/okechamp.pl\/#organization","name":"Okechamp Group","url":"https:\/\/okechamp.pl\/","logo":{"@type":"ImageObject","inLanguage":"en-US","@id":"https:\/\/okechamp.pl\/#\/schema\/logo\/image\/","url":"https:\/\/okechamp.pl\/wp-content\/uploads\/2022\/02\/logo_okechamp.png","contentUrl":"https:\/\/okechamp.pl\/wp-content\/uploads\/2022\/02\/logo_okechamp.png","width":110,"height":66,"caption":"Okechamp Group"},"image":{"@id":"https:\/\/okechamp.pl\/#\/schema\/logo\/image\/"}}]}},"_links":{"self":[{"href":"https:\/\/okechamp.pl\/en\/wp-json\/wp\/v2\/pages\/1884","targetHints":{"allow":["GET"]}}],"collection":[{"href":"https:\/\/okechamp.pl\/en\/wp-json\/wp\/v2\/pages"}],"about":[{"href":"https:\/\/okechamp.pl\/en\/wp-json\/wp\/v2\/types\/page"}],"author":[{"embeddable":true,"href":"https:\/\/okechamp.pl\/en\/wp-json\/wp\/v2\/users\/3"}],"replies":[{"embeddable":true,"href":"https:\/\/okechamp.pl\/en\/wp-json\/wp\/v2\/comments?post=1884"}],"version-history":[{"count":67,"href":"https:\/\/okechamp.pl\/en\/wp-json\/wp\/v2\/pages\/1884\/revisions"}],"predecessor-version":[{"id":2962,"href":"https:\/\/okechamp.pl\/en\/wp-json\/wp\/v2\/pages\/1884\/revisions\/2962"}],"up":[{"embeddable":true,"href":"https:\/\/okechamp.pl\/en\/wp-json\/wp\/v2\/pages\/378"}],"wp:attachment":[{"href":"https:\/\/okechamp.pl\/en\/wp-json\/wp\/v2\/media?parent=1884"}],"curies":[{"name":"wp","href":"https:\/\/api.w.org\/{rel}","templated":true}]}}