{"id":1911,"date":"2022-11-29T13:42:13","date_gmt":"2022-11-29T13:42:13","guid":{"rendered":"https:\/\/okechamp.pl\/ogloszenie\/"},"modified":"2026-01-02T12:06:36","modified_gmt":"2026-01-02T12:06:36","slug":"ogloszenie","status":"publish","type":"page","link":"https:\/\/okechamp.pl\/en\/ogloszenie\/","title":{"rendered":"Job offer"},"content":{"rendered":"<div data-elementor-type=\"wp-page\" data-elementor-id=\"1911\" class=\"elementor elementor-1911\" data-elementor-post-type=\"page\">\n\t\t\t\t\t\t<section data-particle_enable=\"false\" data-particle-mobile-disabled=\"false\" class=\"elementor-section elementor-top-section elementor-element elementor-element-a5d0be3 elementor-section-boxed elementor-section-height-default elementor-section-height-default exad-glass-effect-no exad-sticky-section-no\" data-id=\"a5d0be3\" data-element_type=\"section\" data-settings=\"{&quot;jet_parallax_layout_list&quot;:[]}\">\n\t\t\t\t\t\t<div class=\"elementor-container elementor-column-gap-default\">\n\t\t\t\t\t<div class=\"elementor-column elementor-col-100 elementor-top-column elementor-element elementor-element-a2a1286 exad-glass-effect-no exad-sticky-section-no\" data-id=\"a2a1286\" data-element_type=\"column\">\n\t\t\t<div class=\"elementor-widget-wrap elementor-element-populated\">\n\t\t\t\t\t\t<div class=\"elementor-element elementor-element-1bbdfc7 exad-sticky-section-no exad-glass-effect-no elementor-widget elementor-widget-html\" data-id=\"1bbdfc7\" data-element_type=\"widget\" data-widget_type=\"html.default\">\n\t\t\t\t<div class=\"elementor-widget-container\">\n\t\t\t<div id=\"hrick-root\"><div id=\"recruitments-wrapper\"><div class=\"recruitment-details\"><img decoding=\"async\" style=\"display: block; width: 100%; height: auto;\" src=\"\/wp-content\/plugins\/s4u-elementapp-offers\/tpl_1.png\" alt=\"\">\n    <div class=\"clearfix\">&nbsp;<\/div>\n    <div style=\"font-size: 14px;\"><strong style=\"color: #105227;\">OKECHAMP GROUP<\/strong> is a group of companies (OKECHAMP S.A. Poland and OKECHAMP B.V. The Netherlands), which together form one of the world leaders in mushroom production and processing. Our quality and production standards enable us to supply a wide range of processed mushrooms to customers all over the world. We carry out our production activities in Poland and the Netherlands.<\/div>\n\n    <div style=\"font-size: 14px;\">The organisational culture at   <strong style=\"color: #105227;\">OKECHAMP<\/strong> is based on the Code of Values, i.e. values such as quality, development, competi-tiveness, respect, honesty and good atmosphere.<br\/><br\/>If you want to create a friendly and ethical working environment with us based on partnership, then we are waiting for you. We are currently looking for:<\/div>\n    \n    \n    \t\t<\/div>\n\t\t\t\t<\/div>\n\t\t\t\t\t<\/div>\n\t\t<\/div>\n\t\t\t\t\t<\/div>\n\t\t<\/section>\n\t\t\t\t<\/div>","protected":false},"excerpt":{"rendered":"<p>&nbsp; OKECHAMP GROUP jest grup\u0105 firm (OKECHAMP S.A.w restrukturyzacji Polska i OKECHAMP B.V. Niderlandy), kt\u00f3re razem tworz\u0105 jednego ze \u015bwiatowych lider\u00f3w w produkcji i przetw\u00f3rstwie pieczarek. Nasza jako\u015b\u0107 oraz standardy produkcji pozwalaj\u0105 na dostarczanie szerokiego asortymentu grzyb\u00f3w przetworzonych do Klient\u00f3w na ca\u0142ym \u015bwiecie. Swoj\u0105 dzia\u0142alno\u015b\u0107 produkcyjn\u0105 prowadzimy w Polsce i Holandii. Kultura organizacyjna w OKECHAMP [&hellip;]<\/p>","protected":false},"author":3,"featured_media":0,"parent":0,"menu_order":0,"comment_status":"closed","ping_status":"closed","template":"","meta":{"footnotes":""},"class_list":["post-1911","page","type-page","status-publish","hentry","entry"],"yoast_head":"<!-- This site is optimized with the Yoast SEO plugin v23.4 - https:\/\/yoast.com\/wordpress\/plugins\/seo\/ -->\n<title>Oferta pracy - Okechamp Group<\/title>\n<meta name=\"robots\" content=\"index, follow, max-snippet:-1, max-image-preview:large, max-video-preview:-1\" \/>\n<link rel=\"canonical\" href=\"https:\/\/okechamp.pl\/en\/ogloszenie\/\" \/>\n<meta property=\"og:locale\" content=\"en_US\" \/>\n<meta property=\"og:type\" content=\"article\" \/>\n<meta property=\"og:title\" content=\"Oferta pracy - Okechamp Group\" \/>\n<meta property=\"og:description\" content=\"&nbsp; OKECHAMP GROUP jest grup\u0105 firm (OKECHAMP S.A.w restrukturyzacji Polska i OKECHAMP B.V. Niderlandy), kt\u00f3re razem tworz\u0105 jednego ze \u015bwiatowych lider\u00f3w w produkcji i przetw\u00f3rstwie pieczarek. Nasza jako\u015b\u0107 oraz standardy produkcji pozwalaj\u0105 na dostarczanie szerokiego asortymentu grzyb\u00f3w przetworzonych do Klient\u00f3w na ca\u0142ym \u015bwiecie. Swoj\u0105 dzia\u0142alno\u015b\u0107 produkcyjn\u0105 prowadzimy w Polsce i Holandii. Kultura organizacyjna w OKECHAMP [&hellip;]\" \/>\n<meta property=\"og:url\" content=\"https:\/\/okechamp.pl\/en\/ogloszenie\/\" \/>\n<meta property=\"og:site_name\" content=\"Okechamp Group\" \/>\n<meta property=\"article:modified_time\" content=\"2026-01-02T12:06:36+00:00\" \/>\n<meta name=\"twitter:card\" content=\"summary_large_image\" \/>\n<meta name=\"twitter:label1\" content=\"Est. reading time\" \/>\n\t<meta name=\"twitter:data1\" content=\"1 minute\" \/>\n<script type=\"application\/ld+json\" class=\"yoast-schema-graph\">{\"@context\":\"https:\/\/schema.org\",\"@graph\":[{\"@type\":\"WebPage\",\"@id\":\"https:\/\/okechamp.pl\/ogloszenie\/\",\"url\":\"https:\/\/okechamp.pl\/ogloszenie\/\",\"name\":\"Oferta pracy - Okechamp Group\",\"isPartOf\":{\"@id\":\"https:\/\/okechamp.pl\/#website\"},\"datePublished\":\"2022-11-29T13:42:13+00:00\",\"dateModified\":\"2026-01-02T12:06:36+00:00\",\"breadcrumb\":{\"@id\":\"https:\/\/okechamp.pl\/ogloszenie\/#breadcrumb\"},\"inLanguage\":\"en-US\",\"potentialAction\":[{\"@type\":\"ReadAction\",\"target\":[\"https:\/\/okechamp.pl\/ogloszenie\/\"]}]},{\"@type\":\"BreadcrumbList\",\"@id\":\"https:\/\/okechamp.pl\/ogloszenie\/#breadcrumb\",\"itemListElement\":[{\"@type\":\"ListItem\",\"position\":1,\"name\":\"Strona g\u0142\u00f3wna\",\"item\":\"https:\/\/okechamp.pl\/\"},{\"@type\":\"ListItem\",\"position\":2,\"name\":\"Oferta pracy\"}]},{\"@type\":\"WebSite\",\"@id\":\"https:\/\/okechamp.pl\/#website\",\"url\":\"https:\/\/okechamp.pl\/\",\"name\":\"Okechamp Group\",\"description\":\"producent pieczarek\",\"publisher\":{\"@id\":\"https:\/\/okechamp.pl\/#organization\"},\"potentialAction\":[{\"@type\":\"SearchAction\",\"target\":{\"@type\":\"EntryPoint\",\"urlTemplate\":\"https:\/\/okechamp.pl\/?s={search_term_string}\"},\"query-input\":{\"@type\":\"PropertyValueSpecification\",\"valueRequired\":true,\"valueName\":\"search_term_string\"}}],\"inLanguage\":\"en-US\"},{\"@type\":\"Organization\",\"@id\":\"https:\/\/okechamp.pl\/#organization\",\"name\":\"Okechamp Group\",\"url\":\"https:\/\/okechamp.pl\/\",\"logo\":{\"@type\":\"ImageObject\",\"inLanguage\":\"en-US\",\"@id\":\"https:\/\/okechamp.pl\/#\/schema\/logo\/image\/\",\"url\":\"https:\/\/okechamp.pl\/wp-content\/uploads\/2022\/02\/logo_okechamp.png\",\"contentUrl\":\"https:\/\/okechamp.pl\/wp-content\/uploads\/2022\/02\/logo_okechamp.png\",\"width\":110,\"height\":66,\"caption\":\"Okechamp Group\"},\"image\":{\"@id\":\"https:\/\/okechamp.pl\/#\/schema\/logo\/image\/\"}}]}<\/script>\n<!-- \/ Yoast SEO plugin. -->","yoast_head_json":{"title":"Oferta pracy - Okechamp Group","robots":{"index":"index","follow":"follow","max-snippet":"max-snippet:-1","max-image-preview":"max-image-preview:large","max-video-preview":"max-video-preview:-1"},"canonical":"https:\/\/okechamp.pl\/en\/ogloszenie\/","og_locale":"en_US","og_type":"article","og_title":"Oferta pracy - Okechamp Group","og_description":"&nbsp; OKECHAMP GROUP jest grup\u0105 firm (OKECHAMP S.A.w restrukturyzacji Polska i OKECHAMP B.V. Niderlandy), kt\u00f3re razem tworz\u0105 jednego ze \u015bwiatowych lider\u00f3w w produkcji i przetw\u00f3rstwie pieczarek. Nasza jako\u015b\u0107 oraz standardy produkcji pozwalaj\u0105 na dostarczanie szerokiego asortymentu grzyb\u00f3w przetworzonych do Klient\u00f3w na ca\u0142ym \u015bwiecie. Swoj\u0105 dzia\u0142alno\u015b\u0107 produkcyjn\u0105 prowadzimy w Polsce i Holandii. Kultura organizacyjna w OKECHAMP [&hellip;]","og_url":"https:\/\/okechamp.pl\/en\/ogloszenie\/","og_site_name":"Okechamp Group","article_modified_time":"2026-01-02T12:06:36+00:00","twitter_card":"summary_large_image","twitter_misc":{"Est. reading time":"1 minute"},"schema":{"@context":"https:\/\/schema.org","@graph":[{"@type":"WebPage","@id":"https:\/\/okechamp.pl\/ogloszenie\/","url":"https:\/\/okechamp.pl\/ogloszenie\/","name":"Oferta pracy - Okechamp Group","isPartOf":{"@id":"https:\/\/okechamp.pl\/#website"},"datePublished":"2022-11-29T13:42:13+00:00","dateModified":"2026-01-02T12:06:36+00:00","breadcrumb":{"@id":"https:\/\/okechamp.pl\/ogloszenie\/#breadcrumb"},"inLanguage":"en-US","potentialAction":[{"@type":"ReadAction","target":["https:\/\/okechamp.pl\/ogloszenie\/"]}]},{"@type":"BreadcrumbList","@id":"https:\/\/okechamp.pl\/ogloszenie\/#breadcrumb","itemListElement":[{"@type":"ListItem","position":1,"name":"Strona g\u0142\u00f3wna","item":"https:\/\/okechamp.pl\/"},{"@type":"ListItem","position":2,"name":"Oferta pracy"}]},{"@type":"WebSite","@id":"https:\/\/okechamp.pl\/#website","url":"https:\/\/okechamp.pl\/","name":"Okechamp Group","description":"producent pieczarek","publisher":{"@id":"https:\/\/okechamp.pl\/#organization"},"potentialAction":[{"@type":"SearchAction","target":{"@type":"EntryPoint","urlTemplate":"https:\/\/okechamp.pl\/?s={search_term_string}"},"query-input":{"@type":"PropertyValueSpecification","valueRequired":true,"valueName":"search_term_string"}}],"inLanguage":"en-US"},{"@type":"Organization","@id":"https:\/\/okechamp.pl\/#organization","name":"Okechamp Group","url":"https:\/\/okechamp.pl\/","logo":{"@type":"ImageObject","inLanguage":"en-US","@id":"https:\/\/okechamp.pl\/#\/schema\/logo\/image\/","url":"https:\/\/okechamp.pl\/wp-content\/uploads\/2022\/02\/logo_okechamp.png","contentUrl":"https:\/\/okechamp.pl\/wp-content\/uploads\/2022\/02\/logo_okechamp.png","width":110,"height":66,"caption":"Okechamp Group"},"image":{"@id":"https:\/\/okechamp.pl\/#\/schema\/logo\/image\/"}}]}},"_links":{"self":[{"href":"https:\/\/okechamp.pl\/en\/wp-json\/wp\/v2\/pages\/1911","targetHints":{"allow":["GET"]}}],"collection":[{"href":"https:\/\/okechamp.pl\/en\/wp-json\/wp\/v2\/pages"}],"about":[{"href":"https:\/\/okechamp.pl\/en\/wp-json\/wp\/v2\/types\/page"}],"author":[{"embeddable":true,"href":"https:\/\/okechamp.pl\/en\/wp-json\/wp\/v2\/users\/3"}],"replies":[{"embeddable":true,"href":"https:\/\/okechamp.pl\/en\/wp-json\/wp\/v2\/comments?post=1911"}],"version-history":[{"count":22,"href":"https:\/\/okechamp.pl\/en\/wp-json\/wp\/v2\/pages\/1911\/revisions"}],"predecessor-version":[{"id":3864,"href":"https:\/\/okechamp.pl\/en\/wp-json\/wp\/v2\/pages\/1911\/revisions\/3864"}],"wp:attachment":[{"href":"https:\/\/okechamp.pl\/en\/wp-json\/wp\/v2\/media?parent=1911"}],"curies":[{"name":"wp","href":"https:\/\/api.w.org\/{rel}","templated":true}]}}