{"id":346,"date":"2022-03-01T09:41:07","date_gmt":"2022-03-01T09:41:07","guid":{"rendered":"https:\/\/2022.okechamp.pl\/?page_id=346"},"modified":"2025-03-05T21:18:49","modified_gmt":"2025-03-05T21:18:49","slug":"csr","status":"publish","type":"page","link":"https:\/\/okechamp.pl\/en\/csr\/","title":{"rendered":"CSR"},"content":{"rendered":"<div data-elementor-type=\"wp-page\" data-elementor-id=\"346\" class=\"elementor elementor-346\" data-elementor-post-type=\"page\">\n\t\t\t\t\t\t<section data-particle_enable=\"false\" data-particle-mobile-disabled=\"false\" class=\"elementor-section elementor-top-section elementor-element elementor-element-bb64b1d elementor-section-full_width elementor-section-height-default elementor-section-height-default exad-glass-effect-no exad-sticky-section-no\" data-id=\"bb64b1d\" data-element_type=\"section\" data-settings=\"{&quot;jet_parallax_layout_list&quot;:[]}\">\n\t\t\t\t\t\t<div class=\"elementor-container elementor-column-gap-default\">\n\t\t\t\t\t<div class=\"elementor-column elementor-col-50 elementor-top-column elementor-element elementor-element-7b05f9f exad-glass-effect-no exad-sticky-section-no\" data-id=\"7b05f9f\" data-element_type=\"column\">\n\t\t\t<div class=\"elementor-widget-wrap elementor-element-populated\">\n\t\t\t\t\t\t<div class=\"elementor-element elementor-element-89d841b exad-sticky-section-no exad-glass-effect-no elementor-widget elementor-widget-image\" data-id=\"89d841b\" data-element_type=\"widget\" data-widget_type=\"image.default\">\n\t\t\t\t<div class=\"elementor-widget-container\">\n\t\t\t<style>\/*! elementor - v3.20.0 - 10-04-2024 *\/\n.elementor-widget-image{text-align:center}.elementor-widget-image a{display:inline-block}.elementor-widget-image a img[src$=\".svg\"]{width:48px}.elementor-widget-image img{vertical-align:middle;display:inline-block}<\/style>\t\t\t\t\t\t\t\t\t\t<img fetchpriority=\"high\" decoding=\"async\" width=\"490\" height=\"389\" src=\"https:\/\/2022.okechamp.pl\/wp-content\/uploads\/2022\/03\/kodeks_en.png\" class=\"attachment-large size-large wp-image-497\" alt=\"\" srcset=\"\" sizes=\"(max-width: 490px) 100vw, 490px\" data-srcset=\"\" \/>\t\t\t\t\t\t\t\t\t\t\t\t\t<\/div>\n\t\t\t\t<\/div>\n\t\t\t\t\t<\/div>\n\t\t<\/div>\n\t\t\t\t<div class=\"elementor-column elementor-col-50 elementor-top-column elementor-element elementor-element-cf5a741 exad-glass-effect-no exad-sticky-section-no\" data-id=\"cf5a741\" data-element_type=\"column\">\n\t\t\t<div class=\"elementor-widget-wrap elementor-element-populated\">\n\t\t\t\t\t\t<div class=\"elementor-element elementor-element-d9c5d4f exad-sticky-section-no exad-glass-effect-no elementor-widget elementor-widget-heading\" data-id=\"d9c5d4f\" data-element_type=\"widget\" data-widget_type=\"heading.default\">\n\t\t\t\t<div class=\"elementor-widget-container\">\n\t\t\t<style>\/*! elementor - v3.20.0 - 10-04-2024 *\/\n.elementor-heading-title{padding:0;margin:0;line-height:1}.elementor-widget-heading .elementor-heading-title[class*=elementor-size-]>a{color:inherit;font-size:inherit;line-height:inherit}.elementor-widget-heading .elementor-heading-title.elementor-size-small{font-size:15px}.elementor-widget-heading .elementor-heading-title.elementor-size-medium{font-size:19px}.elementor-widget-heading .elementor-heading-title.elementor-size-large{font-size:29px}.elementor-widget-heading .elementor-heading-title.elementor-size-xl{font-size:39px}.elementor-widget-heading .elementor-heading-title.elementor-size-xxl{font-size:59px}<\/style><h2 class=\"elementor-heading-title elementor-size-default\">CODE OF VALUES<\/h2>\t\t<\/div>\n\t\t\t\t<\/div>\n\t\t\t\t<div class=\"elementor-element elementor-element-8d3d478 elementor-mobile-align-center elementor-align-center exad-sticky-section-no exad-glass-effect-no elementor-widget elementor-widget-button\" data-id=\"8d3d478\" data-element_type=\"widget\" data-widget_type=\"button.default\">\n\t\t\t\t<div class=\"elementor-widget-container\">\n\t\t\t\t\t<div class=\"elementor-button-wrapper\">\n\t\t\t<a class=\"elementor-button elementor-button-link elementor-size-sm\" href=\"https:\/\/okechamp.pl\/en\/csr\/kodeks-wartosci\/\">\n\t\t\t\t\t\t<span class=\"elementor-button-content-wrapper\">\n\t\t\t\t\t\t<span class=\"elementor-button-text\">Read more<\/span>\n\t\t<\/span>\n\t\t\t\t\t<\/a>\n\t\t<\/div>\n\t\t\t\t<\/div>\n\t\t\t\t<\/div>\n\t\t\t\t\t<\/div>\n\t\t<\/div>\n\t\t\t\t\t<\/div>\n\t\t<\/section>\n\t\t\t\t<section data-particle_enable=\"false\" data-particle-mobile-disabled=\"false\" class=\"elementor-section elementor-top-section elementor-element elementor-element-981c50c elementor-section-full_width elementor-section-height-min-height elementor-section-items-stretch elementor-section-content-middle elementor-section-height-default exad-glass-effect-no exad-sticky-section-no\" data-id=\"981c50c\" data-element_type=\"section\" data-settings=\"{&quot;jet_parallax_layout_list&quot;:[]}\">\n\t\t\t\t\t\t<div class=\"elementor-container elementor-column-gap-default\">\n\t\t\t\t\t<div class=\"elementor-column elementor-col-50 elementor-top-column elementor-element elementor-element-667a95b exad-glass-effect-no exad-sticky-section-no\" data-id=\"667a95b\" data-element_type=\"column\">\n\t\t\t<div class=\"elementor-widget-wrap elementor-element-populated\">\n\t\t\t\t\t\t<div class=\"elementor-element elementor-element-40ba37e exad-sticky-section-no exad-glass-effect-no elementor-widget elementor-widget-heading\" data-id=\"40ba37e\" data-element_type=\"widget\" data-widget_type=\"heading.default\">\n\t\t\t\t<div class=\"elementor-widget-container\">\n\t\t\t<h2 class=\"elementor-heading-title elementor-size-default translation-block\">CORPORATE SOCIAL<br> RESPONSIBILITY<\/h2>\t\t<\/div>\n\t\t\t\t<\/div>\n\t\t\t\t<div class=\"elementor-element elementor-element-1e4f987 elementor-mobile-align-center elementor-align-center exad-sticky-section-no exad-glass-effect-no elementor-widget elementor-widget-button\" data-id=\"1e4f987\" data-element_type=\"widget\" data-widget_type=\"button.default\">\n\t\t\t\t<div class=\"elementor-widget-container\">\n\t\t\t\t\t<div class=\"elementor-button-wrapper\">\n\t\t\t<a class=\"elementor-button elementor-button-link elementor-size-sm\" href=\"https:\/\/okechamp.pl\/en\/csr\/spoleczna-odpowiedzialnosc-biznesu\/\">\n\t\t\t\t\t\t<span class=\"elementor-button-content-wrapper\">\n\t\t\t\t\t\t<span class=\"elementor-button-text\">Read more<\/span>\n\t\t<\/span>\n\t\t\t\t\t<\/a>\n\t\t<\/div>\n\t\t\t\t<\/div>\n\t\t\t\t<\/div>\n\t\t\t\t\t<\/div>\n\t\t<\/div>\n\t\t\t\t<div class=\"elementor-column elementor-col-50 elementor-top-column elementor-element elementor-element-6d05171 exad-glass-effect-no exad-sticky-section-no\" data-id=\"6d05171\" data-element_type=\"column\" data-settings=\"{&quot;background_background&quot;:&quot;classic&quot;}\">\n\t\t\t<div class=\"elementor-widget-wrap\">\n\t\t\t\t\t\t\t<\/div>\n\t\t<\/div>\n\t\t\t\t\t<\/div>\n\t\t<\/section>\n\t\t\t\t<section data-particle_enable=\"false\" data-particle-mobile-disabled=\"false\" class=\"elementor-section elementor-top-section elementor-element elementor-element-7458326 elementor-section-full_width elementor-section-height-min-height elementor-section-items-stretch elementor-section-content-middle elementor-section-height-default exad-glass-effect-no exad-sticky-section-no\" data-id=\"7458326\" data-element_type=\"section\" data-settings=\"{&quot;jet_parallax_layout_list&quot;:[]}\">\n\t\t\t\t\t\t<div class=\"elementor-container elementor-column-gap-default\">\n\t\t\t\t\t<div class=\"elementor-column elementor-col-50 elementor-top-column elementor-element elementor-element-2dd1625 exad-glass-effect-no exad-sticky-section-no\" data-id=\"2dd1625\" data-element_type=\"column\" data-settings=\"{&quot;background_background&quot;:&quot;classic&quot;}\">\n\t\t\t<div class=\"elementor-widget-wrap\">\n\t\t\t\t\t\t\t<\/div>\n\t\t<\/div>\n\t\t\t\t<div class=\"elementor-column elementor-col-50 elementor-top-column elementor-element elementor-element-4eea264 exad-glass-effect-no exad-sticky-section-no\" data-id=\"4eea264\" data-element_type=\"column\">\n\t\t\t<div class=\"elementor-widget-wrap elementor-element-populated\">\n\t\t\t\t\t\t<div class=\"elementor-element elementor-element-611126b exad-sticky-section-no exad-glass-effect-no elementor-widget elementor-widget-heading\" data-id=\"611126b\" data-element_type=\"widget\" data-widget_type=\"heading.default\">\n\t\t\t\t<div class=\"elementor-widget-container\">\n\t\t\t<h2 class=\"elementor-heading-title elementor-size-default\">SUSTAINABLE <br>DEVELOPMENT<\/h2>\t\t<\/div>\n\t\t\t\t<\/div>\n\t\t\t\t<div class=\"elementor-element elementor-element-66f4629 elementor-mobile-align-center elementor-align-center exad-sticky-section-no exad-glass-effect-no elementor-widget elementor-widget-button\" data-id=\"66f4629\" data-element_type=\"widget\" data-widget_type=\"button.default\">\n\t\t\t\t<div class=\"elementor-widget-container\">\n\t\t\t\t\t<div class=\"elementor-button-wrapper\">\n\t\t\t<a class=\"elementor-button elementor-button-link elementor-size-sm\" href=\"https:\/\/okechamp.pl\/en\/csr\/zwrownowazony-rozwoj\/\">\n\t\t\t\t\t\t<span class=\"elementor-button-content-wrapper\">\n\t\t\t\t\t\t<span class=\"elementor-button-text\">Read more<\/span>\n\t\t<\/span>\n\t\t\t\t\t<\/a>\n\t\t<\/div>\n\t\t\t\t<\/div>\n\t\t\t\t<\/div>\n\t\t\t\t\t<\/div>\n\t\t<\/div>\n\t\t\t\t\t<\/div>\n\t\t<\/section>\n\t\t\t\t<section data-particle_enable=\"false\" data-particle-mobile-disabled=\"false\" class=\"elementor-section elementor-top-section elementor-element elementor-element-4a15e3f elementor-section-full_width elementor-section-height-min-height elementor-section-items-stretch elementor-section-content-middle elementor-section-height-default exad-glass-effect-no exad-sticky-section-no\" data-id=\"4a15e3f\" data-element_type=\"section\" data-settings=\"{&quot;jet_parallax_layout_list&quot;:[]}\">\n\t\t\t\t\t\t<div class=\"elementor-container elementor-column-gap-default\">\n\t\t\t\t\t<div class=\"elementor-column elementor-col-50 elementor-top-column elementor-element elementor-element-ea35f94 exad-glass-effect-no exad-sticky-section-no\" data-id=\"ea35f94\" data-element_type=\"column\">\n\t\t\t<div class=\"elementor-widget-wrap elementor-element-populated\">\n\t\t\t\t\t\t<div class=\"elementor-element elementor-element-f7a528a exad-sticky-section-no exad-glass-effect-no elementor-widget elementor-widget-heading\" data-id=\"f7a528a\" data-element_type=\"widget\" data-widget_type=\"heading.default\">\n\t\t\t\t<div class=\"elementor-widget-container\">\n\t\t\t<h2 class=\"elementor-heading-title elementor-size-default\">FOUNDATION<\/h2>\t\t<\/div>\n\t\t\t\t<\/div>\n\t\t\t\t<div class=\"elementor-element elementor-element-3d187c4 elementor-mobile-align-center elementor-align-center exad-sticky-section-no exad-glass-effect-no elementor-widget elementor-widget-button\" data-id=\"3d187c4\" data-element_type=\"widget\" data-widget_type=\"button.default\">\n\t\t\t\t<div class=\"elementor-widget-container\">\n\t\t\t\t\t<div class=\"elementor-button-wrapper\">\n\t\t\t<a class=\"elementor-button elementor-button-link elementor-size-sm\" href=\"https:\/\/okechamp.pl\/en\/csr\/fundacja\/\">\n\t\t\t\t\t\t<span class=\"elementor-button-content-wrapper\">\n\t\t\t\t\t\t<span class=\"elementor-button-text\">Read more<\/span>\n\t\t<\/span>\n\t\t\t\t\t<\/a>\n\t\t<\/div>\n\t\t\t\t<\/div>\n\t\t\t\t<\/div>\n\t\t\t\t\t<\/div>\n\t\t<\/div>\n\t\t\t\t<div class=\"elementor-column elementor-col-50 elementor-top-column elementor-element elementor-element-9a1290a exad-glass-effect-no exad-sticky-section-no\" data-id=\"9a1290a\" data-element_type=\"column\" data-settings=\"{&quot;background_background&quot;:&quot;classic&quot;}\">\n\t\t\t<div class=\"elementor-widget-wrap\">\n\t\t\t\t\t\t\t<\/div>\n\t\t<\/div>\n\t\t\t\t\t<\/div>\n\t\t<\/section>\n\t\t\t\t<section data-particle_enable=\"false\" data-particle-mobile-disabled=\"false\" class=\"elementor-section elementor-top-section elementor-element elementor-element-c727c53 elementor-section-full_width elementor-section-height-min-height elementor-section-items-stretch elementor-section-content-middle elementor-section-height-default exad-glass-effect-no exad-sticky-section-no\" data-id=\"c727c53\" data-element_type=\"section\" data-settings=\"{&quot;jet_parallax_layout_list&quot;:[]}\">\n\t\t\t\t\t\t<div class=\"elementor-container elementor-column-gap-default\">\n\t\t\t\t\t<div class=\"elementor-column elementor-col-50 elementor-top-column elementor-element elementor-element-e2a8f55 exad-sticky-section-no\" data-id=\"e2a8f55\" data-element_type=\"column\" data-settings=\"{&quot;background_background&quot;:&quot;classic&quot;}\">\n\t\t\t<div class=\"elementor-widget-wrap\">\n\t\t\t\t\t\t\t<\/div>\n\t\t<\/div>\n\t\t\t\t<div class=\"elementor-column elementor-col-50 elementor-top-column elementor-element elementor-element-fc0de3b exad-glass-effect-no exad-sticky-section-no\" data-id=\"fc0de3b\" data-element_type=\"column\">\n\t\t\t<div class=\"elementor-widget-wrap elementor-element-populated\">\n\t\t\t\t\t\t<div class=\"elementor-element elementor-element-2b23366 exad-sticky-section-no exad-glass-effect-no elementor-widget elementor-widget-heading\" data-id=\"2b23366\" data-element_type=\"widget\" data-widget_type=\"heading.default\">\n\t\t\t\t<div class=\"elementor-widget-container\">\n\t\t\t<h2 class=\"elementor-heading-title elementor-size-default\">THE PROTECTION OF MINORS<\/h2>\t\t<\/div>\n\t\t\t\t<\/div>\n\t\t\t\t<div class=\"elementor-element elementor-element-478f272 elementor-mobile-align-center elementor-align-center exad-sticky-section-no exad-glass-effect-no elementor-widget elementor-widget-button\" data-id=\"478f272\" data-element_type=\"widget\" data-widget_type=\"button.default\">\n\t\t\t\t<div class=\"elementor-widget-container\">\n\t\t\t\t\t<div class=\"elementor-button-wrapper\">\n\t\t\t<a class=\"elementor-button elementor-button-link elementor-size-sm\" href=\"https:\/\/okechamp.pl\/en\/csr\/ochrona-maloletnich\/\">\n\t\t\t\t\t\t<span class=\"elementor-button-content-wrapper\">\n\t\t\t\t\t\t<span class=\"elementor-button-text\">Read more<\/span>\n\t\t<\/span>\n\t\t\t\t\t<\/a>\n\t\t<\/div>\n\t\t\t\t<\/div>\n\t\t\t\t<\/div>\n\t\t\t\t\t<\/div>\n\t\t<\/div>\n\t\t\t\t\t<\/div>\n\t\t<\/section>\n\t\t\t\t<\/div>","protected":false},"excerpt":{"rendered":"<p>KODEKS WARTO\u015aCI Zobacz wi\u0119cej SPO\u0141ECZNA ODPOWIEDZIALNO\u015a\u0106 BIZNESU Zobacz wi\u0119cej ZR\u00d3WNOWA\u017bONY ROZW\u00d3J Dowiedz si\u0119 wi\u0119cej FUNDACJA Zobacz wi\u0119cej OCHRONA MA\u0141OLETNICH Dowiedz si\u0119 wi\u0119cej<\/p>","protected":false},"author":1,"featured_media":0,"parent":0,"menu_order":0,"comment_status":"closed","ping_status":"closed","template":"elementor_header_footer","meta":{"footnotes":""},"class_list":["post-346","page","type-page","status-publish","hentry","entry"],"yoast_head":"<!-- This site is optimized with the Yoast SEO plugin v23.4 - https:\/\/yoast.com\/wordpress\/plugins\/seo\/ -->\n<title>CSR - Okechamp Group<\/title>\n<meta name=\"robots\" content=\"index, follow, max-snippet:-1, max-image-preview:large, max-video-preview:-1\" \/>\n<link rel=\"canonical\" href=\"https:\/\/okechamp.pl\/en\/csr\/\" \/>\n<meta property=\"og:locale\" content=\"en_US\" \/>\n<meta property=\"og:type\" content=\"article\" \/>\n<meta property=\"og:title\" content=\"CSR - Okechamp Group\" \/>\n<meta property=\"og:description\" content=\"KODEKS WARTO\u015aCI Zobacz wi\u0119cej SPO\u0141ECZNA ODPOWIEDZIALNO\u015a\u0106 BIZNESU Zobacz wi\u0119cej ZR\u00d3WNOWA\u017bONY ROZW\u00d3J Dowiedz si\u0119 wi\u0119cej FUNDACJA Zobacz wi\u0119cej OCHRONA MA\u0141OLETNICH Dowiedz si\u0119 wi\u0119cej\" \/>\n<meta property=\"og:url\" content=\"https:\/\/okechamp.pl\/en\/csr\/\" \/>\n<meta property=\"og:site_name\" content=\"Okechamp Group\" \/>\n<meta property=\"article:modified_time\" content=\"2025-03-05T21:18:49+00:00\" \/>\n<meta property=\"og:image\" content=\"https:\/\/okechamp.pl\/wp-content\/uploads\/2022\/02\/home_values_1.webp\" \/>\n<meta name=\"twitter:card\" content=\"summary_large_image\" \/>\n<meta name=\"twitter:label1\" content=\"Est. reading time\" \/>\n\t<meta name=\"twitter:data1\" content=\"1 minute\" \/>\n<script type=\"application\/ld+json\" class=\"yoast-schema-graph\">{\"@context\":\"https:\/\/schema.org\",\"@graph\":[{\"@type\":\"WebPage\",\"@id\":\"https:\/\/okechamp.pl\/csr\/\",\"url\":\"https:\/\/okechamp.pl\/csr\/\",\"name\":\"CSR - Okechamp Group\",\"isPartOf\":{\"@id\":\"https:\/\/okechamp.pl\/#website\"},\"primaryImageOfPage\":{\"@id\":\"https:\/\/okechamp.pl\/csr\/#primaryimage\"},\"image\":{\"@id\":\"https:\/\/okechamp.pl\/csr\/#primaryimage\"},\"thumbnailUrl\":\"https:\/\/okechamp.pl\/wp-content\/uploads\/2022\/02\/home_values_1.webp\",\"datePublished\":\"2022-03-01T09:41:07+00:00\",\"dateModified\":\"2025-03-05T21:18:49+00:00\",\"breadcrumb\":{\"@id\":\"https:\/\/okechamp.pl\/csr\/#breadcrumb\"},\"inLanguage\":\"en-US\",\"potentialAction\":[{\"@type\":\"ReadAction\",\"target\":[\"https:\/\/okechamp.pl\/csr\/\"]}]},{\"@type\":\"ImageObject\",\"inLanguage\":\"en-US\",\"@id\":\"https:\/\/okechamp.pl\/csr\/#primaryimage\",\"url\":\"https:\/\/okechamp.pl\/wp-content\/uploads\/2022\/02\/home_values_1.webp\",\"contentUrl\":\"https:\/\/okechamp.pl\/wp-content\/uploads\/2022\/02\/home_values_1.webp\"},{\"@type\":\"BreadcrumbList\",\"@id\":\"https:\/\/okechamp.pl\/csr\/#breadcrumb\",\"itemListElement\":[{\"@type\":\"ListItem\",\"position\":1,\"name\":\"Strona g\u0142\u00f3wna\",\"item\":\"https:\/\/okechamp.pl\/\"},{\"@type\":\"ListItem\",\"position\":2,\"name\":\"CSR\"}]},{\"@type\":\"WebSite\",\"@id\":\"https:\/\/okechamp.pl\/#website\",\"url\":\"https:\/\/okechamp.pl\/\",\"name\":\"Okechamp Group\",\"description\":\"producent pieczarek\",\"publisher\":{\"@id\":\"https:\/\/okechamp.pl\/#organization\"},\"potentialAction\":[{\"@type\":\"SearchAction\",\"target\":{\"@type\":\"EntryPoint\",\"urlTemplate\":\"https:\/\/okechamp.pl\/?s={search_term_string}\"},\"query-input\":{\"@type\":\"PropertyValueSpecification\",\"valueRequired\":true,\"valueName\":\"search_term_string\"}}],\"inLanguage\":\"en-US\"},{\"@type\":\"Organization\",\"@id\":\"https:\/\/okechamp.pl\/#organization\",\"name\":\"Okechamp Group\",\"url\":\"https:\/\/okechamp.pl\/\",\"logo\":{\"@type\":\"ImageObject\",\"inLanguage\":\"en-US\",\"@id\":\"https:\/\/okechamp.pl\/#\/schema\/logo\/image\/\",\"url\":\"https:\/\/okechamp.pl\/wp-content\/uploads\/2022\/02\/logo_okechamp.png\",\"contentUrl\":\"https:\/\/okechamp.pl\/wp-content\/uploads\/2022\/02\/logo_okechamp.png\",\"width\":110,\"height\":66,\"caption\":\"Okechamp Group\"},\"image\":{\"@id\":\"https:\/\/okechamp.pl\/#\/schema\/logo\/image\/\"}}]}<\/script>\n<!-- \/ Yoast SEO plugin. -->","yoast_head_json":{"title":"CSR - Okechamp Group","robots":{"index":"index","follow":"follow","max-snippet":"max-snippet:-1","max-image-preview":"max-image-preview:large","max-video-preview":"max-video-preview:-1"},"canonical":"https:\/\/okechamp.pl\/en\/csr\/","og_locale":"en_US","og_type":"article","og_title":"CSR - Okechamp Group","og_description":"KODEKS WARTO\u015aCI Zobacz wi\u0119cej SPO\u0141ECZNA ODPOWIEDZIALNO\u015a\u0106 BIZNESU Zobacz wi\u0119cej ZR\u00d3WNOWA\u017bONY ROZW\u00d3J Dowiedz si\u0119 wi\u0119cej FUNDACJA Zobacz wi\u0119cej OCHRONA MA\u0141OLETNICH Dowiedz si\u0119 wi\u0119cej","og_url":"https:\/\/okechamp.pl\/en\/csr\/","og_site_name":"Okechamp Group","article_modified_time":"2025-03-05T21:18:49+00:00","og_image":[{"url":"https:\/\/okechamp.pl\/wp-content\/uploads\/2022\/02\/home_values_1.webp"}],"twitter_card":"summary_large_image","twitter_misc":{"Est. reading time":"1 minute"},"schema":{"@context":"https:\/\/schema.org","@graph":[{"@type":"WebPage","@id":"https:\/\/okechamp.pl\/csr\/","url":"https:\/\/okechamp.pl\/csr\/","name":"CSR - Okechamp Group","isPartOf":{"@id":"https:\/\/okechamp.pl\/#website"},"primaryImageOfPage":{"@id":"https:\/\/okechamp.pl\/csr\/#primaryimage"},"image":{"@id":"https:\/\/okechamp.pl\/csr\/#primaryimage"},"thumbnailUrl":"https:\/\/okechamp.pl\/wp-content\/uploads\/2022\/02\/home_values_1.webp","datePublished":"2022-03-01T09:41:07+00:00","dateModified":"2025-03-05T21:18:49+00:00","breadcrumb":{"@id":"https:\/\/okechamp.pl\/csr\/#breadcrumb"},"inLanguage":"en-US","potentialAction":[{"@type":"ReadAction","target":["https:\/\/okechamp.pl\/csr\/"]}]},{"@type":"ImageObject","inLanguage":"en-US","@id":"https:\/\/okechamp.pl\/csr\/#primaryimage","url":"https:\/\/okechamp.pl\/wp-content\/uploads\/2022\/02\/home_values_1.webp","contentUrl":"https:\/\/okechamp.pl\/wp-content\/uploads\/2022\/02\/home_values_1.webp"},{"@type":"BreadcrumbList","@id":"https:\/\/okechamp.pl\/csr\/#breadcrumb","itemListElement":[{"@type":"ListItem","position":1,"name":"Strona g\u0142\u00f3wna","item":"https:\/\/okechamp.pl\/"},{"@type":"ListItem","position":2,"name":"CSR"}]},{"@type":"WebSite","@id":"https:\/\/okechamp.pl\/#website","url":"https:\/\/okechamp.pl\/","name":"Okechamp Group","description":"producent pieczarek","publisher":{"@id":"https:\/\/okechamp.pl\/#organization"},"potentialAction":[{"@type":"SearchAction","target":{"@type":"EntryPoint","urlTemplate":"https:\/\/okechamp.pl\/?s={search_term_string}"},"query-input":{"@type":"PropertyValueSpecification","valueRequired":true,"valueName":"search_term_string"}}],"inLanguage":"en-US"},{"@type":"Organization","@id":"https:\/\/okechamp.pl\/#organization","name":"Okechamp Group","url":"https:\/\/okechamp.pl\/","logo":{"@type":"ImageObject","inLanguage":"en-US","@id":"https:\/\/okechamp.pl\/#\/schema\/logo\/image\/","url":"https:\/\/okechamp.pl\/wp-content\/uploads\/2022\/02\/logo_okechamp.png","contentUrl":"https:\/\/okechamp.pl\/wp-content\/uploads\/2022\/02\/logo_okechamp.png","width":110,"height":66,"caption":"Okechamp Group"},"image":{"@id":"https:\/\/okechamp.pl\/#\/schema\/logo\/image\/"}}]}},"_links":{"self":[{"href":"https:\/\/okechamp.pl\/en\/wp-json\/wp\/v2\/pages\/346","targetHints":{"allow":["GET"]}}],"collection":[{"href":"https:\/\/okechamp.pl\/en\/wp-json\/wp\/v2\/pages"}],"about":[{"href":"https:\/\/okechamp.pl\/en\/wp-json\/wp\/v2\/types\/page"}],"author":[{"embeddable":true,"href":"https:\/\/okechamp.pl\/en\/wp-json\/wp\/v2\/users\/1"}],"replies":[{"embeddable":true,"href":"https:\/\/okechamp.pl\/en\/wp-json\/wp\/v2\/comments?post=346"}],"version-history":[{"count":46,"href":"https:\/\/okechamp.pl\/en\/wp-json\/wp\/v2\/pages\/346\/revisions"}],"predecessor-version":[{"id":3538,"href":"https:\/\/okechamp.pl\/en\/wp-json\/wp\/v2\/pages\/346\/revisions\/3538"}],"wp:attachment":[{"href":"https:\/\/okechamp.pl\/en\/wp-json\/wp\/v2\/media?parent=346"}],"curies":[{"name":"wp","href":"https:\/\/api.w.org\/{rel}","templated":true}]}}