{"id":348,"date":"2022-03-01T09:41:27","date_gmt":"2022-03-01T09:41:27","guid":{"rendered":"https:\/\/2022.okechamp.pl\/?page_id=348"},"modified":"2026-05-11T11:32:24","modified_gmt":"2026-05-11T11:32:24","slug":"kodeks-postepowania","status":"publish","type":"page","link":"https:\/\/okechamp.pl\/en\/csr\/kodeks-wartosci\/","title":{"rendered":"Code of Conduct"},"content":{"rendered":"<div data-elementor-type=\"wp-page\" data-elementor-id=\"348\" class=\"elementor elementor-348\" data-elementor-post-type=\"page\">\n\t\t\t\t\t\t<section data-particle_enable=\"false\" data-particle-mobile-disabled=\"false\" class=\"elementor-section elementor-top-section elementor-element elementor-element-7d2fd9e elementor-section-boxed elementor-section-height-default elementor-section-height-default exad-glass-effect-no exad-sticky-section-no\" data-id=\"7d2fd9e\" data-element_type=\"section\" data-settings=\"{&quot;jet_parallax_layout_list&quot;:[]}\">\n\t\t\t\t\t\t<div class=\"elementor-container elementor-column-gap-default\">\n\t\t\t\t\t<div class=\"elementor-column elementor-col-100 elementor-top-column elementor-element elementor-element-0600df8 exad-glass-effect-no exad-sticky-section-no\" data-id=\"0600df8\" data-element_type=\"column\">\n\t\t\t<div class=\"elementor-widget-wrap elementor-element-populated\">\n\t\t\t\t\t\t<div class=\"elementor-element elementor-element-4ac2874 exad-sticky-section-no exad-glass-effect-no elementor-widget elementor-widget-global elementor-global-543 elementor-widget-heading\" data-id=\"4ac2874\" data-element_type=\"widget\" data-widget_type=\"heading.default\">\n\t\t\t\t<div class=\"elementor-widget-container\">\n\t\t\t<style>\/*! elementor - v3.20.0 - 10-04-2024 *\/\n.elementor-heading-title{padding:0;margin:0;line-height:1}.elementor-widget-heading .elementor-heading-title[class*=elementor-size-]>a{color:inherit;font-size:inherit;line-height:inherit}.elementor-widget-heading .elementor-heading-title.elementor-size-small{font-size:15px}.elementor-widget-heading .elementor-heading-title.elementor-size-medium{font-size:19px}.elementor-widget-heading .elementor-heading-title.elementor-size-large{font-size:29px}.elementor-widget-heading .elementor-heading-title.elementor-size-xl{font-size:39px}.elementor-widget-heading .elementor-heading-title.elementor-size-xxl{font-size:59px}<\/style><h2 class=\"elementor-heading-title elementor-size-default\">Code of Conduct<\/h2>\t\t<\/div>\n\t\t\t\t<\/div>\n\t\t\t\t\t<\/div>\n\t\t<\/div>\n\t\t\t\t\t<\/div>\n\t\t<\/section>\n\t\t\t\t<section data-particle_enable=\"false\" data-particle-mobile-disabled=\"false\" class=\"elementor-section elementor-top-section elementor-element elementor-element-c05f79d elementor-section-boxed elementor-section-height-default elementor-section-height-default exad-glass-effect-no exad-sticky-section-no\" data-id=\"c05f79d\" data-element_type=\"section\" data-settings=\"{&quot;jet_parallax_layout_list&quot;:[]}\">\n\t\t\t\t\t\t<div class=\"elementor-container elementor-column-gap-default\">\n\t\t\t\t\t<div class=\"elementor-column elementor-col-100 elementor-top-column elementor-element elementor-element-08fc36d exad-glass-effect-no exad-sticky-section-no\" data-id=\"08fc36d\" data-element_type=\"column\">\n\t\t\t<div class=\"elementor-widget-wrap elementor-element-populated\">\n\t\t\t\t\t\t<div class=\"elementor-element elementor-element-c20f14c exad-sticky-section-no exad-glass-effect-no elementor-widget elementor-widget-text-editor\" data-id=\"c20f14c\" data-element_type=\"widget\" data-widget_type=\"text-editor.default\">\n\t\t\t\t<div class=\"elementor-widget-container\">\n\t\t\t<style>\/*! elementor - v3.20.0 - 10-04-2024 *\/\n.elementor-widget-text-editor.elementor-drop-cap-view-stacked .elementor-drop-cap{background-color:#69727d;color:#fff}.elementor-widget-text-editor.elementor-drop-cap-view-framed .elementor-drop-cap{color:#69727d;border:3px solid;background-color:transparent}.elementor-widget-text-editor:not(.elementor-drop-cap-view-default) .elementor-drop-cap{margin-top:8px}.elementor-widget-text-editor:not(.elementor-drop-cap-view-default) .elementor-drop-cap-letter{width:1em;height:1em}.elementor-widget-text-editor .elementor-drop-cap{float:left;text-align:center;line-height:1;font-size:50px}.elementor-widget-text-editor .elementor-drop-cap-letter{display:inline-block}<\/style>\t\t\t\t<p class=\" translation-block\"><strong>Code of Conduct<\/strong> is a set of <strong>values, principles, standards, responsibilities, and\nappropriate practices<\/strong> governing the daily operations of OKECHAMP. It encompasses\ndesired behaviors in relationships with employees, clients, stakeholders, and competitors. The\nCode defines what OKECHAMP considers appropriate and inappropriate conduct. It serves as\na manifesto of our core values and a testament to our commitment to ethical and responsible\nbusiness practices. We believe that by <strong>adhering to the Code of Conduct<\/strong>, we can cultivate\na <strong>work culture that fosters mutual respect, transparency, and trust.<\/strong> Our existing\nCode of Values, which includes key principles, is an integral part of this regulation.<\/p>\t\t\t\t\t\t<\/div>\n\t\t\t\t<\/div>\n\t\t\t\t<div class=\"elementor-element elementor-element-30dc83d exad-sticky-section-no exad-glass-effect-no elementor-widget elementor-widget-text-editor\" data-id=\"30dc83d\" data-element_type=\"widget\" data-widget_type=\"text-editor.default\">\n\t\t\t\t<div class=\"elementor-widget-container\">\n\t\t\t\t\t\t\t<p class=\" translation-block\"><strong>This Code of Ethics<\/strong> not supersede applicable legal norms but is a guide for standards of\nbehaviour. Our Code of Ethics was created by Employees of all departments who share its\nvalues. It is the duty of every Employee to comply with that.<\/p>\t\t\t\t\t\t<\/div>\n\t\t\t\t<\/div>\n\t\t\t\t<div class=\"elementor-element elementor-element-e558fa8 exad-sticky-section-no exad-glass-effect-no elementor-widget elementor-widget-text-editor\" data-id=\"e558fa8\" data-element_type=\"widget\" data-widget_type=\"text-editor.default\">\n\t\t\t\t<div class=\"elementor-widget-container\">\n\t\t\t\t\t\t\t<p class=\" translation-block\">Together, we are creating\na <strong>professional<\/strong> work environment for individuals <strong>seeking development<\/strong>,\nwhere <strong>key values<\/strong> include:<\/p>\t\t\t\t\t\t<\/div>\n\t\t\t\t<\/div>\n\t\t\t\t<div class=\"elementor-element elementor-element-e4b88dc exad-sticky-section-no exad-glass-effect-no elementor-widget elementor-widget-image\" data-id=\"e4b88dc\" data-element_type=\"widget\" data-widget_type=\"image.default\">\n\t\t\t\t<div class=\"elementor-widget-container\">\n\t\t\t<style>\/*! elementor - v3.20.0 - 10-04-2024 *\/\n.elementor-widget-image{text-align:center}.elementor-widget-image a{display:inline-block}.elementor-widget-image a img[src$=\".svg\"]{width:48px}.elementor-widget-image img{vertical-align:middle;display:inline-block}<\/style>\t\t\t\t\t\t\t\t\t\t<img fetchpriority=\"high\" decoding=\"async\" width=\"490\" height=\"389\" src=\"https:\/\/2022.okechamp.pl\/wp-content\/uploads\/2022\/03\/kodeks_en.png\" class=\"attachment-full size-full wp-image-497\" alt=\"\" srcset=\"\" sizes=\"(max-width: 490px) 100vw, 490px\" data-srcset=\"\" \/>\t\t\t\t\t\t\t\t\t\t\t\t\t<\/div>\n\t\t\t\t<\/div>\n\t\t\t\t\t<\/div>\n\t\t<\/div>\n\t\t\t\t\t<\/div>\n\t\t<\/section>\n\t\t\t\t<section data-particle_enable=\"false\" data-particle-mobile-disabled=\"false\" class=\"elementor-section elementor-top-section elementor-element elementor-element-833876f elementor-section-boxed elementor-section-height-default elementor-section-height-default exad-glass-effect-no exad-sticky-section-no\" data-id=\"833876f\" data-element_type=\"section\" data-settings=\"{&quot;jet_parallax_layout_list&quot;:[]}\">\n\t\t\t\t\t\t<div class=\"elementor-container elementor-column-gap-default\">\n\t\t\t\t\t<div class=\"elementor-column elementor-col-100 elementor-top-column elementor-element elementor-element-ee24556 exad-glass-effect-no exad-sticky-section-no\" data-id=\"ee24556\" data-element_type=\"column\">\n\t\t\t<div class=\"elementor-widget-wrap elementor-element-populated\">\n\t\t\t\t\t\t<div class=\"elementor-element elementor-element-d217656 elementor-widget__width-auto exad-sticky-section-no exad-glass-effect-no elementor-widget elementor-widget-image\" data-id=\"d217656\" data-element_type=\"widget\" data-widget_type=\"image.default\">\n\t\t\t\t<div class=\"elementor-widget-container\">\n\t\t\t\t\t\t\t\t\t\t\t\t\t<img decoding=\"async\" width=\"145\" height=\"199\" src=\"https:\/\/okechamp.pl\/wp-content\/uploads\/2024\/04\/1712830589-598245-2-e1712906363643.png\" class=\"attachment-full size-full wp-image-2613\" alt=\"\" srcset=\"https:\/\/okechamp.pl\/wp-content\/uploads\/2024\/04\/1712830589-598245-2-e1712906363643.png 145w, https:\/\/okechamp.pl\/wp-content\/uploads\/2024\/04\/1712830589-598245-2-e1712906363643-9x12.png 9w\" sizes=\"(max-width: 145px) 100vw, 145px\" \/>\t\t\t\t\t\t\t\t\t\t\t\t\t<\/div>\n\t\t\t\t<\/div>\n\t\t\t\t<div class=\"elementor-element elementor-element-47fc3c7 elementor-position-left elementor-vertical-align-middle elementor-widget__width-initial elementor-view-default elementor-mobile-position-top exad-sticky-section-no exad-glass-effect-no elementor-widget elementor-widget-icon-box\" data-id=\"47fc3c7\" data-element_type=\"widget\" data-no-translation=\"\" data-widget_type=\"icon-box.default\">\n\t\t\t\t<div class=\"elementor-widget-container\">\n\t\t\t<link rel=\"stylesheet\" href=\"https:\/\/okechamp.pl\/wp-content\/plugins\/elementor\/assets\/css\/widget-icon-box.min.css\"><style>.elementor-element-47fc3c7{display:none !important}<\/style>\t\t<\/div>\n\t\t\t\t<\/div>\n\t\t\t\t<div class=\"elementor-element elementor-element-79dd775 elementor-position-left elementor-vertical-align-middle elementor-widget__width-initial elementor-view-default elementor-mobile-position-top exad-sticky-section-no exad-glass-effect-no elementor-widget elementor-widget-icon-box\" data-id=\"79dd775\" data-element_type=\"widget\" data-no-translation=\"\" data-widget_type=\"icon-box.default\">\n\t\t\t\t<div class=\"elementor-widget-container\">\n\t\t\t\t\t<div class=\"elementor-icon-box-wrapper\">\n\t\t\t\t\t\t<div class=\"elementor-icon-box-icon\">\n\t\t\t\t<a href=\"https:\/\/okechamp.pl\/wp-content\/uploads\/2026\/05\/Code-of-Conduct-2026_ENG.pdf\" target=\"_blank\" class=\"elementor-icon elementor-animation-\" tabindex=\"-1\">\n\t\t\t\t<i aria-hidden=\"true\" class=\"teenyicon ti-pdf\"><\/i>\t\t\t\t<\/a>\n\t\t\t<\/div>\n\t\t\t\t\t\t<div class=\"elementor-icon-box-content\">\n\t\t\t\t<h3 class=\"elementor-icon-box-title\">\n\t\t\t\t\t<a href=\"https:\/\/okechamp.pl\/wp-content\/uploads\/2026\/05\/Code-of-Conduct-2026_ENG.pdf\" target=\"_blank\" >\n\t\t\t\t\t\tThe full version of the document\t\t\t\t\t<\/a>\n\t\t\t\t<\/h3>\n\t\t\t\t\t\t\t<\/div>\n\t\t<\/div>\n\t\t\t\t<\/div>\n\t\t\t\t<\/div>\n\t\t\t\t<div class=\"elementor-element elementor-element-bdb97c0 elementor-position-left elementor-vertical-align-middle elementor-widget__width-initial elementor-view-default elementor-mobile-position-top exad-sticky-section-no exad-glass-effect-no elementor-widget elementor-widget-icon-box\" data-id=\"bdb97c0\" data-element_type=\"widget\" data-no-translation=\"\" data-widget_type=\"icon-box.default\">\n\t\t\t\t<div class=\"elementor-widget-container\">\n\t\t\t<style>.elementor-element-bdb97c0{display:none !important}<\/style>\t\t<\/div>\n\t\t\t\t<\/div>\n\t\t\t\t\t<\/div>\n\t\t<\/div>\n\t\t\t\t\t<\/div>\n\t\t<\/section>\n\t\t\t\t<\/div>","protected":false},"excerpt":{"rendered":"<p>Code of Conduct, czyli po polsku Kodeks Post\u0119powania jest zbiorem warto\u015bci, zasad, standard\u00f3w, odpowiedzialno\u015bci oraz odpowiednich praktyk post\u0119powania Firmy OKECHAMP w codziennym dzia\u0142aniu. Zawiera on po\u017c\u0105dane zachowania w relacjach z pracownikami, klientami, interesariuszami i konkurencj\u0105. Definiuje, co OKECHAMP uwa\u017ca za w\u0142a\u015bciwe i za niew\u0142a\u015bciwe zachowanie. Kodeks jest manifestem naszych podstawowych warto\u015bci i \u015bwiadectwem naszego zaanga\u017cowania [&hellip;]<\/p>","protected":false},"author":1,"featured_media":0,"parent":346,"menu_order":0,"comment_status":"closed","ping_status":"closed","template":"elementor_header_footer","meta":{"footnotes":""},"class_list":["post-348","page","type-page","status-publish","hentry","entry"],"yoast_head":"<!-- This site is optimized with the Yoast SEO plugin v23.4 - https:\/\/yoast.com\/wordpress\/plugins\/seo\/ -->\n<title>Kodeks post\u0119powania - Okechamp Group<\/title>\n<meta name=\"robots\" content=\"index, follow, max-snippet:-1, max-image-preview:large, max-video-preview:-1\" \/>\n<link rel=\"canonical\" href=\"https:\/\/okechamp.pl\/en\/csr\/kodeks-wartosci\/\" \/>\n<meta property=\"og:locale\" content=\"en_US\" \/>\n<meta property=\"og:type\" content=\"article\" \/>\n<meta property=\"og:title\" content=\"Kodeks post\u0119powania - Okechamp Group\" \/>\n<meta property=\"og:description\" content=\"Code of Conduct, czyli po polsku Kodeks Post\u0119powania jest zbiorem warto\u015bci, zasad, standard\u00f3w, odpowiedzialno\u015bci oraz odpowiednich praktyk post\u0119powania Firmy OKECHAMP w codziennym dzia\u0142aniu. Zawiera on po\u017c\u0105dane zachowania w relacjach z pracownikami, klientami, interesariuszami i konkurencj\u0105. Definiuje, co OKECHAMP uwa\u017ca za w\u0142a\u015bciwe i za niew\u0142a\u015bciwe zachowanie. Kodeks jest manifestem naszych podstawowych warto\u015bci i \u015bwiadectwem naszego zaanga\u017cowania [&hellip;]\" \/>\n<meta property=\"og:url\" content=\"https:\/\/okechamp.pl\/en\/csr\/kodeks-wartosci\/\" \/>\n<meta property=\"og:site_name\" content=\"Okechamp Group\" \/>\n<meta property=\"article:modified_time\" content=\"2026-05-11T11:32:24+00:00\" \/>\n<meta property=\"og:image\" content=\"https:\/\/okechamp.pl\/wp-content\/uploads\/2022\/02\/home_values_1.webp\" \/>\n<meta name=\"twitter:card\" content=\"summary_large_image\" \/>\n<meta name=\"twitter:label1\" content=\"Est. reading time\" \/>\n\t<meta name=\"twitter:data1\" content=\"2 minutes\" \/>\n<script type=\"application\/ld+json\" class=\"yoast-schema-graph\">{\"@context\":\"https:\/\/schema.org\",\"@graph\":[{\"@type\":\"WebPage\",\"@id\":\"https:\/\/okechamp.pl\/csr\/kodeks-postepowania\/\",\"url\":\"https:\/\/okechamp.pl\/csr\/kodeks-postepowania\/\",\"name\":\"Kodeks post\u0119powania - Okechamp Group\",\"isPartOf\":{\"@id\":\"https:\/\/okechamp.pl\/#website\"},\"primaryImageOfPage\":{\"@id\":\"https:\/\/okechamp.pl\/csr\/kodeks-postepowania\/#primaryimage\"},\"image\":{\"@id\":\"https:\/\/okechamp.pl\/csr\/kodeks-postepowania\/#primaryimage\"},\"thumbnailUrl\":\"https:\/\/okechamp.pl\/wp-content\/uploads\/2022\/02\/home_values_1.webp\",\"datePublished\":\"2022-03-01T09:41:27+00:00\",\"dateModified\":\"2026-05-11T11:32:24+00:00\",\"breadcrumb\":{\"@id\":\"https:\/\/okechamp.pl\/csr\/kodeks-postepowania\/#breadcrumb\"},\"inLanguage\":\"en-US\",\"potentialAction\":[{\"@type\":\"ReadAction\",\"target\":[\"https:\/\/okechamp.pl\/csr\/kodeks-postepowania\/\"]}]},{\"@type\":\"ImageObject\",\"inLanguage\":\"en-US\",\"@id\":\"https:\/\/okechamp.pl\/csr\/kodeks-postepowania\/#primaryimage\",\"url\":\"https:\/\/okechamp.pl\/wp-content\/uploads\/2022\/02\/home_values_1.webp\",\"contentUrl\":\"https:\/\/okechamp.pl\/wp-content\/uploads\/2022\/02\/home_values_1.webp\"},{\"@type\":\"BreadcrumbList\",\"@id\":\"https:\/\/okechamp.pl\/csr\/kodeks-postepowania\/#breadcrumb\",\"itemListElement\":[{\"@type\":\"ListItem\",\"position\":1,\"name\":\"Strona g\u0142\u00f3wna\",\"item\":\"https:\/\/okechamp.pl\/\"},{\"@type\":\"ListItem\",\"position\":2,\"name\":\"CSR\",\"item\":\"https:\/\/okechamp.pl\/csr\/\"},{\"@type\":\"ListItem\",\"position\":3,\"name\":\"Kodeks post\u0119powania\"}]},{\"@type\":\"WebSite\",\"@id\":\"https:\/\/okechamp.pl\/#website\",\"url\":\"https:\/\/okechamp.pl\/\",\"name\":\"Okechamp Group\",\"description\":\"producent pieczarek\",\"publisher\":{\"@id\":\"https:\/\/okechamp.pl\/#organization\"},\"potentialAction\":[{\"@type\":\"SearchAction\",\"target\":{\"@type\":\"EntryPoint\",\"urlTemplate\":\"https:\/\/okechamp.pl\/?s={search_term_string}\"},\"query-input\":{\"@type\":\"PropertyValueSpecification\",\"valueRequired\":true,\"valueName\":\"search_term_string\"}}],\"inLanguage\":\"en-US\"},{\"@type\":\"Organization\",\"@id\":\"https:\/\/okechamp.pl\/#organization\",\"name\":\"Okechamp Group\",\"url\":\"https:\/\/okechamp.pl\/\",\"logo\":{\"@type\":\"ImageObject\",\"inLanguage\":\"en-US\",\"@id\":\"https:\/\/okechamp.pl\/#\/schema\/logo\/image\/\",\"url\":\"https:\/\/okechamp.pl\/wp-content\/uploads\/2022\/02\/logo_okechamp.png\",\"contentUrl\":\"https:\/\/okechamp.pl\/wp-content\/uploads\/2022\/02\/logo_okechamp.png\",\"width\":110,\"height\":66,\"caption\":\"Okechamp Group\"},\"image\":{\"@id\":\"https:\/\/okechamp.pl\/#\/schema\/logo\/image\/\"}}]}<\/script>\n<!-- \/ Yoast SEO plugin. -->","yoast_head_json":{"title":"Kodeks post\u0119powania - Okechamp Group","robots":{"index":"index","follow":"follow","max-snippet":"max-snippet:-1","max-image-preview":"max-image-preview:large","max-video-preview":"max-video-preview:-1"},"canonical":"https:\/\/okechamp.pl\/en\/csr\/kodeks-wartosci\/","og_locale":"en_US","og_type":"article","og_title":"Kodeks post\u0119powania - Okechamp Group","og_description":"Code of Conduct, czyli po polsku Kodeks Post\u0119powania jest zbiorem warto\u015bci, zasad, standard\u00f3w, odpowiedzialno\u015bci oraz odpowiednich praktyk post\u0119powania Firmy OKECHAMP w codziennym dzia\u0142aniu. Zawiera on po\u017c\u0105dane zachowania w relacjach z pracownikami, klientami, interesariuszami i konkurencj\u0105. Definiuje, co OKECHAMP uwa\u017ca za w\u0142a\u015bciwe i za niew\u0142a\u015bciwe zachowanie. Kodeks jest manifestem naszych podstawowych warto\u015bci i \u015bwiadectwem naszego zaanga\u017cowania [&hellip;]","og_url":"https:\/\/okechamp.pl\/en\/csr\/kodeks-wartosci\/","og_site_name":"Okechamp Group","article_modified_time":"2026-05-11T11:32:24+00:00","og_image":[{"url":"https:\/\/okechamp.pl\/wp-content\/uploads\/2022\/02\/home_values_1.webp"}],"twitter_card":"summary_large_image","twitter_misc":{"Est. reading time":"2 minutes"},"schema":{"@context":"https:\/\/schema.org","@graph":[{"@type":"WebPage","@id":"https:\/\/okechamp.pl\/csr\/kodeks-postepowania\/","url":"https:\/\/okechamp.pl\/csr\/kodeks-postepowania\/","name":"Kodeks post\u0119powania - Okechamp Group","isPartOf":{"@id":"https:\/\/okechamp.pl\/#website"},"primaryImageOfPage":{"@id":"https:\/\/okechamp.pl\/csr\/kodeks-postepowania\/#primaryimage"},"image":{"@id":"https:\/\/okechamp.pl\/csr\/kodeks-postepowania\/#primaryimage"},"thumbnailUrl":"https:\/\/okechamp.pl\/wp-content\/uploads\/2022\/02\/home_values_1.webp","datePublished":"2022-03-01T09:41:27+00:00","dateModified":"2026-05-11T11:32:24+00:00","breadcrumb":{"@id":"https:\/\/okechamp.pl\/csr\/kodeks-postepowania\/#breadcrumb"},"inLanguage":"en-US","potentialAction":[{"@type":"ReadAction","target":["https:\/\/okechamp.pl\/csr\/kodeks-postepowania\/"]}]},{"@type":"ImageObject","inLanguage":"en-US","@id":"https:\/\/okechamp.pl\/csr\/kodeks-postepowania\/#primaryimage","url":"https:\/\/okechamp.pl\/wp-content\/uploads\/2022\/02\/home_values_1.webp","contentUrl":"https:\/\/okechamp.pl\/wp-content\/uploads\/2022\/02\/home_values_1.webp"},{"@type":"BreadcrumbList","@id":"https:\/\/okechamp.pl\/csr\/kodeks-postepowania\/#breadcrumb","itemListElement":[{"@type":"ListItem","position":1,"name":"Strona g\u0142\u00f3wna","item":"https:\/\/okechamp.pl\/"},{"@type":"ListItem","position":2,"name":"CSR","item":"https:\/\/okechamp.pl\/csr\/"},{"@type":"ListItem","position":3,"name":"Kodeks post\u0119powania"}]},{"@type":"WebSite","@id":"https:\/\/okechamp.pl\/#website","url":"https:\/\/okechamp.pl\/","name":"Okechamp Group","description":"producent pieczarek","publisher":{"@id":"https:\/\/okechamp.pl\/#organization"},"potentialAction":[{"@type":"SearchAction","target":{"@type":"EntryPoint","urlTemplate":"https:\/\/okechamp.pl\/?s={search_term_string}"},"query-input":{"@type":"PropertyValueSpecification","valueRequired":true,"valueName":"search_term_string"}}],"inLanguage":"en-US"},{"@type":"Organization","@id":"https:\/\/okechamp.pl\/#organization","name":"Okechamp Group","url":"https:\/\/okechamp.pl\/","logo":{"@type":"ImageObject","inLanguage":"en-US","@id":"https:\/\/okechamp.pl\/#\/schema\/logo\/image\/","url":"https:\/\/okechamp.pl\/wp-content\/uploads\/2022\/02\/logo_okechamp.png","contentUrl":"https:\/\/okechamp.pl\/wp-content\/uploads\/2022\/02\/logo_okechamp.png","width":110,"height":66,"caption":"Okechamp Group"},"image":{"@id":"https:\/\/okechamp.pl\/#\/schema\/logo\/image\/"}}]}},"_links":{"self":[{"href":"https:\/\/okechamp.pl\/en\/wp-json\/wp\/v2\/pages\/348","targetHints":{"allow":["GET"]}}],"collection":[{"href":"https:\/\/okechamp.pl\/en\/wp-json\/wp\/v2\/pages"}],"about":[{"href":"https:\/\/okechamp.pl\/en\/wp-json\/wp\/v2\/types\/page"}],"author":[{"embeddable":true,"href":"https:\/\/okechamp.pl\/en\/wp-json\/wp\/v2\/users\/1"}],"replies":[{"embeddable":true,"href":"https:\/\/okechamp.pl\/en\/wp-json\/wp\/v2\/comments?post=348"}],"version-history":[{"count":80,"href":"https:\/\/okechamp.pl\/en\/wp-json\/wp\/v2\/pages\/348\/revisions"}],"predecessor-version":[{"id":4171,"href":"https:\/\/okechamp.pl\/en\/wp-json\/wp\/v2\/pages\/348\/revisions\/4171"}],"up":[{"embeddable":true,"href":"https:\/\/okechamp.pl\/en\/wp-json\/wp\/v2\/pages\/346"}],"wp:attachment":[{"href":"https:\/\/okechamp.pl\/en\/wp-json\/wp\/v2\/media?parent=348"}],"curies":[{"name":"wp","href":"https:\/\/api.w.org\/{rel}","templated":true}]}}