{"id":364,"date":"2022-03-01T09:45:36","date_gmt":"2022-03-01T09:45:36","guid":{"rendered":"https:\/\/2022.okechamp.pl\/?page_id=364"},"modified":"2022-03-10T16:51:27","modified_gmt":"2022-03-10T16:51:27","slug":"oferta","status":"publish","type":"page","link":"https:\/\/okechamp.pl\/en\/oferta\/","title":{"rendered":"OFFER"},"content":{"rendered":"<div data-elementor-type=\"wp-page\" data-elementor-id=\"364\" class=\"elementor elementor-364\" data-elementor-post-type=\"page\">\n\t\t\t\t\t\t<section data-particle_enable=\"false\" data-particle-mobile-disabled=\"false\" class=\"elementor-section elementor-top-section elementor-element elementor-element-7d8d224 elementor-section-boxed elementor-section-height-default elementor-section-height-default exad-glass-effect-no exad-sticky-section-no\" data-id=\"7d8d224\" data-element_type=\"section\" data-settings=\"{&quot;jet_parallax_layout_list&quot;:[]}\">\n\t\t\t\t\t\t<div class=\"elementor-container elementor-column-gap-default\">\n\t\t\t\t\t<div class=\"elementor-column elementor-col-100 elementor-top-column elementor-element elementor-element-1baa987 exad-glass-effect-no exad-sticky-section-no\" data-id=\"1baa987\" data-element_type=\"column\">\n\t\t\t<div class=\"elementor-widget-wrap elementor-element-populated\">\n\t\t\t\t\t\t<div class=\"elementor-element elementor-element-924257e exad-sticky-section-no exad-glass-effect-no elementor-widget elementor-widget-global elementor-global-543 elementor-widget-heading\" data-id=\"924257e\" data-element_type=\"widget\" data-widget_type=\"heading.default\">\n\t\t\t\t<div class=\"elementor-widget-container\">\n\t\t\t<style>\/*! elementor - v3.20.0 - 10-04-2024 *\/\n.elementor-heading-title{padding:0;margin:0;line-height:1}.elementor-widget-heading .elementor-heading-title[class*=elementor-size-]>a{color:inherit;font-size:inherit;line-height:inherit}.elementor-widget-heading .elementor-heading-title.elementor-size-small{font-size:15px}.elementor-widget-heading .elementor-heading-title.elementor-size-medium{font-size:19px}.elementor-widget-heading .elementor-heading-title.elementor-size-large{font-size:29px}.elementor-widget-heading .elementor-heading-title.elementor-size-xl{font-size:39px}.elementor-widget-heading .elementor-heading-title.elementor-size-xxl{font-size:59px}<\/style><h2 class=\"elementor-heading-title elementor-size-default\">OFFER<\/h2>\t\t<\/div>\n\t\t\t\t<\/div>\n\t\t\t\t\t<\/div>\n\t\t<\/div>\n\t\t\t\t\t<\/div>\n\t\t<\/section>\n\t\t\t\t<section data-particle_enable=\"false\" data-particle-mobile-disabled=\"false\" class=\"elementor-section elementor-top-section elementor-element elementor-element-72a292d elementor-section-full_width elementor-section-height-default elementor-section-height-default exad-glass-effect-no exad-sticky-section-no\" data-id=\"72a292d\" data-element_type=\"section\" data-settings=\"{&quot;jet_parallax_layout_list&quot;:[]}\">\n\t\t\t\t\t\t<div class=\"elementor-container elementor-column-gap-default\">\n\t\t\t\t\t<div class=\"elementor-column elementor-col-50 elementor-top-column elementor-element elementor-element-c281b82 exad-glass-effect-no exad-sticky-section-no\" data-id=\"c281b82\" data-element_type=\"column\" data-settings=\"{&quot;background_background&quot;:&quot;classic&quot;}\">\n\t\t\t<div class=\"elementor-widget-wrap elementor-element-populated\">\n\t\t\t\t\t\t<div class=\"elementor-element elementor-element-46e3750 exad-sticky-section-no exad-glass-effect-no elementor-widget elementor-widget-text-editor\" data-id=\"46e3750\" data-element_type=\"widget\" data-widget_type=\"text-editor.default\">\n\t\t\t\t<div class=\"elementor-widget-container\">\n\t\t\t<style>\/*! elementor - v3.20.0 - 10-04-2024 *\/\n.elementor-widget-text-editor.elementor-drop-cap-view-stacked .elementor-drop-cap{background-color:#69727d;color:#fff}.elementor-widget-text-editor.elementor-drop-cap-view-framed .elementor-drop-cap{color:#69727d;border:3px solid;background-color:transparent}.elementor-widget-text-editor:not(.elementor-drop-cap-view-default) .elementor-drop-cap{margin-top:8px}.elementor-widget-text-editor:not(.elementor-drop-cap-view-default) .elementor-drop-cap-letter{width:1em;height:1em}.elementor-widget-text-editor .elementor-drop-cap{float:left;text-align:center;line-height:1;font-size:50px}.elementor-widget-text-editor .elementor-drop-cap-letter{display:inline-block}<\/style>\t\t\t\t<p><strong>Our offer is customized to the needs\nand expectations of our customers\nand, thus, is characterized by:<\/strong><\/p><ul><li>high quality<\/li><li>wide portfolio<\/li><li>wide range of packaging<\/li><li>solid and prompt fulfilment of orders<\/li><li>professional service enhanced by long-standing experience<\/li><li>do\u015bwiadczeniem<\/li><li>openness to innovative solutions<\/li><\/ul>\t\t\t\t\t\t<\/div>\n\t\t\t\t<\/div>\n\t\t\t\t\t<\/div>\n\t\t<\/div>\n\t\t\t\t<div class=\"elementor-column elementor-col-50 elementor-top-column elementor-element elementor-element-8fb5687 exad-glass-effect-no exad-sticky-section-no\" data-id=\"8fb5687\" data-element_type=\"column\" data-settings=\"{&quot;background_background&quot;:&quot;classic&quot;}\">\n\t\t\t<div class=\"elementor-widget-wrap\">\n\t\t\t\t\t\t\t<\/div>\n\t\t<\/div>\n\t\t\t\t\t<\/div>\n\t\t<\/section>\n\t\t\t\t<section data-particle_enable=\"false\" data-particle-mobile-disabled=\"false\" class=\"elementor-section elementor-top-section elementor-element elementor-element-4c797c1 elementor-section-boxed elementor-section-height-default elementor-section-height-default exad-glass-effect-no exad-sticky-section-no\" data-id=\"4c797c1\" data-element_type=\"section\" data-settings=\"{&quot;jet_parallax_layout_list&quot;:[]}\">\n\t\t\t\t\t\t<div class=\"elementor-container elementor-column-gap-default\">\n\t\t\t\t\t<div class=\"exad-link-anything-wrapper elementor-column elementor-col-33 elementor-top-column elementor-element elementor-element-c078aac exad-glass-effect-no exad-sticky-section-no\" data-exad-element-link=\"{&quot;url&quot;:&quot;https:\\\/\\\/okechamp.pl\\\/en\\\/oferta\\\/okrywa\\\/&quot;,&quot;is_external&quot;:&quot;&quot;,&quot;nofollow&quot;:&quot;&quot;,&quot;custom_attributes&quot;:&quot;&quot;}\" style=\"cursor: pointer\" data-id=\"c078aac\" data-element_type=\"column\" data-settings=\"{&quot;background_background&quot;:&quot;classic&quot;}\">\n\t\t\t<div class=\"elementor-widget-wrap elementor-element-populated\">\n\t\t\t\t\t\t<div class=\"elementor-element elementor-element-e12e1ef exad-sticky-section-no exad-glass-effect-no elementor-widget elementor-widget-image\" data-id=\"e12e1ef\" data-element_type=\"widget\" data-widget_type=\"image.default\">\n\t\t\t\t<div class=\"elementor-widget-container\">\n\t\t\t<style>\/*! elementor - v3.20.0 - 10-04-2024 *\/\n.elementor-widget-image{text-align:center}.elementor-widget-image a{display:inline-block}.elementor-widget-image a img[src$=\".svg\"]{width:48px}.elementor-widget-image img{vertical-align:middle;display:inline-block}<\/style>\t\t\t\t\t\t\t\t\t\t<img decoding=\"async\" width=\"126\" height=\"126\" src=\"https:\/\/okechamp.pl\/wp-content\/uploads\/2022\/03\/offer_icon_1.webp\" class=\"attachment-large size-large wp-image-790\" alt=\"\" \/>\t\t\t\t\t\t\t\t\t\t\t\t\t<\/div>\n\t\t\t\t<\/div>\n\t\t\t\t<div class=\"elementor-element elementor-element-3d32c72 exad-sticky-section-no exad-glass-effect-no elementor-widget elementor-widget-heading\" data-id=\"3d32c72\" data-element_type=\"widget\" data-widget_type=\"heading.default\">\n\t\t\t\t<div class=\"elementor-widget-container\">\n\t\t\t<h2 class=\"elementor-heading-title elementor-size-default\">CASING SOIL<\/h2>\t\t<\/div>\n\t\t\t\t<\/div>\n\t\t\t\t\t<\/div>\n\t\t<\/div>\n\t\t\t\t<div class=\"exad-link-anything-wrapper elementor-column elementor-col-33 elementor-top-column elementor-element elementor-element-28d7e2c exad-glass-effect-no exad-sticky-section-no\" data-exad-element-link=\"{&quot;url&quot;:&quot;https:\\\/\\\/okechamp.pl\\\/en\\\/oferta\\\/podloze\\\/&quot;,&quot;is_external&quot;:&quot;&quot;,&quot;nofollow&quot;:&quot;&quot;,&quot;custom_attributes&quot;:&quot;&quot;}\" style=\"cursor: pointer\" data-id=\"28d7e2c\" data-element_type=\"column\" data-settings=\"{&quot;background_background&quot;:&quot;classic&quot;}\">\n\t\t\t<div class=\"elementor-widget-wrap elementor-element-populated\">\n\t\t\t\t\t\t<div class=\"elementor-element elementor-element-9d8c4d2 exad-sticky-section-no exad-glass-effect-no elementor-widget elementor-widget-image\" data-id=\"9d8c4d2\" data-element_type=\"widget\" data-widget_type=\"image.default\">\n\t\t\t\t<div class=\"elementor-widget-container\">\n\t\t\t\t\t\t\t\t\t\t\t\t\t<img decoding=\"async\" width=\"126\" height=\"126\" src=\"https:\/\/okechamp.pl\/wp-content\/uploads\/2022\/03\/offer_icon_2.webp\" class=\"attachment-large size-large wp-image-791\" alt=\"\" \/>\t\t\t\t\t\t\t\t\t\t\t\t\t<\/div>\n\t\t\t\t<\/div>\n\t\t\t\t<div class=\"elementor-element elementor-element-bf48e3c exad-sticky-section-no exad-glass-effect-no elementor-widget elementor-widget-heading\" data-id=\"bf48e3c\" data-element_type=\"widget\" data-widget_type=\"heading.default\">\n\t\t\t\t<div class=\"elementor-widget-container\">\n\t\t\t<h2 class=\"elementor-heading-title elementor-size-default\">SUBSTRATE<\/h2>\t\t<\/div>\n\t\t\t\t<\/div>\n\t\t\t\t\t<\/div>\n\t\t<\/div>\n\t\t\t\t<div class=\"exad-link-anything-wrapper elementor-column elementor-col-33 elementor-top-column elementor-element elementor-element-152d68c exad-glass-effect-no exad-sticky-section-no\" data-exad-element-link=\"{&quot;url&quot;:&quot;https:\\\/\\\/okechamp.pl\\\/en\\\/oferta\\\/przetworzone-pieczarki\\\/&quot;,&quot;is_external&quot;:&quot;&quot;,&quot;nofollow&quot;:&quot;&quot;,&quot;custom_attributes&quot;:&quot;&quot;}\" style=\"cursor: pointer\" data-id=\"152d68c\" data-element_type=\"column\" data-settings=\"{&quot;background_background&quot;:&quot;classic&quot;}\">\n\t\t\t<div class=\"elementor-widget-wrap elementor-element-populated\">\n\t\t\t\t\t\t<div class=\"elementor-element elementor-element-e219796 exad-sticky-section-no exad-glass-effect-no elementor-widget elementor-widget-image\" data-id=\"e219796\" data-element_type=\"widget\" data-widget_type=\"image.default\">\n\t\t\t\t<div class=\"elementor-widget-container\">\n\t\t\t\t\t\t\t\t\t\t\t\t\t<img decoding=\"async\" width=\"126\" height=\"136\" src=\"https:\/\/okechamp.pl\/wp-content\/uploads\/2022\/03\/offer_icon_3.webp\" class=\"attachment-large size-large wp-image-792\" alt=\"\" \/>\t\t\t\t\t\t\t\t\t\t\t\t\t<\/div>\n\t\t\t\t<\/div>\n\t\t\t\t<div class=\"elementor-element elementor-element-731ecea exad-sticky-section-no exad-glass-effect-no elementor-widget elementor-widget-heading\" data-id=\"731ecea\" data-element_type=\"widget\" data-widget_type=\"heading.default\">\n\t\t\t\t<div class=\"elementor-widget-container\">\n\t\t\t<h2 class=\"elementor-heading-title elementor-size-default translation-block\">PROCESSED<br>MUSHROOMS<\/h2>\t\t<\/div>\n\t\t\t\t<\/div>\n\t\t\t\t\t<\/div>\n\t\t<\/div>\n\t\t\t\t\t<\/div>\n\t\t<\/section>\n\t\t\t\t<section data-particle_enable=\"false\" data-particle-mobile-disabled=\"false\" class=\"elementor-section elementor-top-section elementor-element elementor-element-3c54918 elementor-section-boxed elementor-section-height-default elementor-section-height-default exad-glass-effect-no exad-sticky-section-no\" data-id=\"3c54918\" data-element_type=\"section\" data-settings=\"{&quot;jet_parallax_layout_list&quot;:[]}\">\n\t\t\t\t\t\t<div class=\"elementor-container elementor-column-gap-default\">\n\t\t\t\t\t<div class=\"exad-link-anything-wrapper elementor-column elementor-col-33 elementor-top-column elementor-element elementor-element-6d2751d exad-glass-effect-no exad-sticky-section-no\" data-exad-element-link=\"{&quot;url&quot;:&quot;https:\\\/\\\/okechamp.pl\\\/en\\\/oferta\\\/przetworzone-warzywa\\\/&quot;,&quot;is_external&quot;:&quot;&quot;,&quot;nofollow&quot;:&quot;&quot;,&quot;custom_attributes&quot;:&quot;&quot;}\" style=\"cursor: pointer\" data-id=\"6d2751d\" data-element_type=\"column\" data-settings=\"{&quot;background_background&quot;:&quot;classic&quot;}\">\n\t\t\t<div class=\"elementor-widget-wrap elementor-element-populated\">\n\t\t\t\t\t\t<div class=\"elementor-element elementor-element-47b0245 exad-sticky-section-no exad-glass-effect-no elementor-widget elementor-widget-image\" data-id=\"47b0245\" data-element_type=\"widget\" data-widget_type=\"image.default\">\n\t\t\t\t<div class=\"elementor-widget-container\">\n\t\t\t\t\t\t\t\t\t\t\t\t\t<img loading=\"lazy\" decoding=\"async\" width=\"126\" height=\"128\" src=\"https:\/\/okechamp.pl\/wp-content\/uploads\/2022\/03\/offer_icon_4.webp\" class=\"attachment-large size-large wp-image-793\" alt=\"\" \/>\t\t\t\t\t\t\t\t\t\t\t\t\t<\/div>\n\t\t\t\t<\/div>\n\t\t\t\t<div class=\"elementor-element elementor-element-17aeac4 exad-sticky-section-no exad-glass-effect-no elementor-widget elementor-widget-heading\" data-id=\"17aeac4\" data-element_type=\"widget\" data-widget_type=\"heading.default\">\n\t\t\t\t<div class=\"elementor-widget-container\">\n\t\t\t<h2 class=\"elementor-heading-title elementor-size-default translation-block\">PROCESSED<br> VEGETABLES<\/h2>\t\t<\/div>\n\t\t\t\t<\/div>\n\t\t\t\t\t<\/div>\n\t\t<\/div>\n\t\t\t\t<div class=\"exad-link-anything-wrapper elementor-column elementor-col-33 elementor-top-column elementor-element elementor-element-90f715b exad-glass-effect-no exad-sticky-section-no\" data-exad-element-link=\"{&quot;url&quot;:&quot;https:\\\/\\\/okechamp.pl\\\/en\\\/oferta\\\/koncentrat-grzybowy\\\/&quot;,&quot;is_external&quot;:&quot;&quot;,&quot;nofollow&quot;:&quot;&quot;,&quot;custom_attributes&quot;:&quot;&quot;}\" style=\"cursor: pointer\" data-id=\"90f715b\" data-element_type=\"column\" data-settings=\"{&quot;background_background&quot;:&quot;classic&quot;}\">\n\t\t\t<div class=\"elementor-widget-wrap elementor-element-populated\">\n\t\t\t\t\t\t<div class=\"elementor-element elementor-element-f988f4e exad-sticky-section-no exad-glass-effect-no elementor-widget elementor-widget-image\" data-id=\"f988f4e\" data-element_type=\"widget\" data-widget_type=\"image.default\">\n\t\t\t\t<div class=\"elementor-widget-container\">\n\t\t\t\t\t\t\t\t\t\t\t\t\t<img loading=\"lazy\" decoding=\"async\" width=\"126\" height=\"126\" src=\"https:\/\/okechamp.pl\/wp-content\/uploads\/2022\/03\/offer_icon_5.webp\" class=\"attachment-large size-large wp-image-794\" alt=\"\" \/>\t\t\t\t\t\t\t\t\t\t\t\t\t<\/div>\n\t\t\t\t<\/div>\n\t\t\t\t<div class=\"elementor-element elementor-element-1872613 exad-sticky-section-no exad-glass-effect-no elementor-widget elementor-widget-heading\" data-id=\"1872613\" data-element_type=\"widget\" data-widget_type=\"heading.default\">\n\t\t\t\t<div class=\"elementor-widget-container\">\n\t\t\t<h2 class=\"elementor-heading-title elementor-size-default\">MUSHROOMS POWDER <br>AND CONCENTRATE<\/h2>\t\t<\/div>\n\t\t\t\t<\/div>\n\t\t\t\t\t<\/div>\n\t\t<\/div>\n\t\t\t\t<div class=\"exad-link-anything-wrapper elementor-column elementor-col-33 elementor-top-column elementor-element elementor-element-0d67240 exad-glass-effect-no exad-sticky-section-no\" data-exad-element-link=\"{&quot;url&quot;:&quot;https:\\\/\\\/okechamp.pl\\\/en\\\/oferta\\\/nasze-marki\\\/&quot;,&quot;is_external&quot;:&quot;&quot;,&quot;nofollow&quot;:&quot;&quot;,&quot;custom_attributes&quot;:&quot;&quot;}\" style=\"cursor: pointer\" data-id=\"0d67240\" data-element_type=\"column\" data-settings=\"{&quot;background_background&quot;:&quot;classic&quot;}\">\n\t\t\t<div class=\"elementor-widget-wrap elementor-element-populated\">\n\t\t\t\t\t\t<div class=\"elementor-element elementor-element-71d2b47 exad-sticky-section-no exad-glass-effect-no elementor-widget elementor-widget-image\" data-id=\"71d2b47\" data-element_type=\"widget\" data-widget_type=\"image.default\">\n\t\t\t\t<div class=\"elementor-widget-container\">\n\t\t\t\t\t\t\t\t\t\t\t\t\t<img loading=\"lazy\" decoding=\"async\" width=\"126\" height=\"126\" src=\"https:\/\/okechamp.pl\/wp-content\/uploads\/2022\/03\/offer_icon_6.png\" class=\"attachment-large size-large wp-image-795\" alt=\"\" \/>\t\t\t\t\t\t\t\t\t\t\t\t\t<\/div>\n\t\t\t\t<\/div>\n\t\t\t\t<div class=\"elementor-element elementor-element-d334b9e exad-sticky-section-no exad-glass-effect-no elementor-widget elementor-widget-heading\" data-id=\"d334b9e\" data-element_type=\"widget\" data-widget_type=\"heading.default\">\n\t\t\t\t<div class=\"elementor-widget-container\">\n\t\t\t<h2 class=\"elementor-heading-title elementor-size-default\">OLE! and LUTECE<br>\nBRAND\n<\/h2>\t\t<\/div>\n\t\t\t\t<\/div>\n\t\t\t\t\t<\/div>\n\t\t<\/div>\n\t\t\t\t\t<\/div>\n\t\t<\/section>\n\t\t\t\t<\/div>","protected":false},"excerpt":{"rendered":"<p>Nasza oferta dostosowana jest do potrzeb i oczekiwa\u0144 klient\u00f3w i charakteryzuje si\u0119: najwy\u017csz\u0105 jako\u015bci\u0105 bogatym portfolio szerok\u0105 ofert\u0105 opakowa\u0144 solidn\u0105 i szybk\u0105 realizacj\u0105 zam\u00f3wie\u0144 profesjonaln\u0105 obs\u0142ug\u0105 wspart\u0105 wieloletnim do\u015bwiadczeniem otwarto\u015bci\u0105 na innowacyjne rozwi\u0105zania OKRYWA POD\u0141O\u017bE PIECZARKI PRZETWORZONE WARZYWAPRZETWORZONE KONCENTRAT GRZYBOWY MARKA OLE! and LUTECE<\/p>","protected":false},"author":1,"featured_media":0,"parent":0,"menu_order":0,"comment_status":"closed","ping_status":"closed","template":"elementor_header_footer","meta":{"footnotes":""},"class_list":["post-364","page","type-page","status-publish","hentry","entry"],"yoast_head":"<!-- This site is optimized with the Yoast SEO plugin v23.4 - https:\/\/yoast.com\/wordpress\/plugins\/seo\/ -->\n<title>Oferta - Okechamp Group<\/title>\n<meta name=\"robots\" content=\"index, follow, max-snippet:-1, max-image-preview:large, max-video-preview:-1\" \/>\n<link rel=\"canonical\" href=\"https:\/\/okechamp.pl\/en\/oferta\/\" \/>\n<meta property=\"og:locale\" content=\"en_US\" \/>\n<meta property=\"og:type\" content=\"article\" \/>\n<meta property=\"og:title\" content=\"Oferta - Okechamp Group\" \/>\n<meta property=\"og:description\" content=\"Nasza oferta dostosowana jest do potrzeb i oczekiwa\u0144 klient\u00f3w i charakteryzuje si\u0119: najwy\u017csz\u0105 jako\u015bci\u0105 bogatym portfolio szerok\u0105 ofert\u0105 opakowa\u0144 solidn\u0105 i szybk\u0105 realizacj\u0105 zam\u00f3wie\u0144 profesjonaln\u0105 obs\u0142ug\u0105 wspart\u0105 wieloletnim do\u015bwiadczeniem otwarto\u015bci\u0105 na innowacyjne rozwi\u0105zania OKRYWA POD\u0141O\u017bE PIECZARKI PRZETWORZONE WARZYWAPRZETWORZONE KONCENTRAT GRZYBOWY MARKA OLE! and LUTECE\" \/>\n<meta property=\"og:url\" content=\"https:\/\/okechamp.pl\/en\/oferta\/\" \/>\n<meta property=\"og:site_name\" content=\"Okechamp Group\" \/>\n<meta property=\"article:modified_time\" content=\"2022-03-10T16:51:27+00:00\" \/>\n<meta property=\"og:image\" content=\"https:\/\/2022.okechamp.pl\/wp-content\/uploads\/2022\/03\/offer_icon_1.webp\" \/>\n<meta name=\"twitter:card\" content=\"summary_large_image\" \/>\n<meta name=\"twitter:label1\" content=\"Est. reading time\" \/>\n\t<meta name=\"twitter:data1\" content=\"2 minutes\" \/>\n<script type=\"application\/ld+json\" class=\"yoast-schema-graph\">{\"@context\":\"https:\/\/schema.org\",\"@graph\":[{\"@type\":\"WebPage\",\"@id\":\"https:\/\/okechamp.pl\/oferta\/\",\"url\":\"https:\/\/okechamp.pl\/oferta\/\",\"name\":\"Oferta - Okechamp Group\",\"isPartOf\":{\"@id\":\"https:\/\/okechamp.pl\/#website\"},\"primaryImageOfPage\":{\"@id\":\"https:\/\/okechamp.pl\/oferta\/#primaryimage\"},\"image\":{\"@id\":\"https:\/\/okechamp.pl\/oferta\/#primaryimage\"},\"thumbnailUrl\":\"https:\/\/2022.okechamp.pl\/wp-content\/uploads\/2022\/03\/offer_icon_1.webp\",\"datePublished\":\"2022-03-01T09:45:36+00:00\",\"dateModified\":\"2022-03-10T16:51:27+00:00\",\"breadcrumb\":{\"@id\":\"https:\/\/okechamp.pl\/oferta\/#breadcrumb\"},\"inLanguage\":\"en-US\",\"potentialAction\":[{\"@type\":\"ReadAction\",\"target\":[\"https:\/\/okechamp.pl\/oferta\/\"]}]},{\"@type\":\"ImageObject\",\"inLanguage\":\"en-US\",\"@id\":\"https:\/\/okechamp.pl\/oferta\/#primaryimage\",\"url\":\"https:\/\/2022.okechamp.pl\/wp-content\/uploads\/2022\/03\/offer_icon_1.webp\",\"contentUrl\":\"https:\/\/2022.okechamp.pl\/wp-content\/uploads\/2022\/03\/offer_icon_1.webp\"},{\"@type\":\"BreadcrumbList\",\"@id\":\"https:\/\/okechamp.pl\/oferta\/#breadcrumb\",\"itemListElement\":[{\"@type\":\"ListItem\",\"position\":1,\"name\":\"Strona g\u0142\u00f3wna\",\"item\":\"https:\/\/okechamp.pl\/\"},{\"@type\":\"ListItem\",\"position\":2,\"name\":\"Oferta\"}]},{\"@type\":\"WebSite\",\"@id\":\"https:\/\/okechamp.pl\/#website\",\"url\":\"https:\/\/okechamp.pl\/\",\"name\":\"Okechamp Group\",\"description\":\"producent pieczarek\",\"publisher\":{\"@id\":\"https:\/\/okechamp.pl\/#organization\"},\"potentialAction\":[{\"@type\":\"SearchAction\",\"target\":{\"@type\":\"EntryPoint\",\"urlTemplate\":\"https:\/\/okechamp.pl\/?s={search_term_string}\"},\"query-input\":{\"@type\":\"PropertyValueSpecification\",\"valueRequired\":true,\"valueName\":\"search_term_string\"}}],\"inLanguage\":\"en-US\"},{\"@type\":\"Organization\",\"@id\":\"https:\/\/okechamp.pl\/#organization\",\"name\":\"Okechamp Group\",\"url\":\"https:\/\/okechamp.pl\/\",\"logo\":{\"@type\":\"ImageObject\",\"inLanguage\":\"en-US\",\"@id\":\"https:\/\/okechamp.pl\/#\/schema\/logo\/image\/\",\"url\":\"https:\/\/okechamp.pl\/wp-content\/uploads\/2022\/02\/logo_okechamp.png\",\"contentUrl\":\"https:\/\/okechamp.pl\/wp-content\/uploads\/2022\/02\/logo_okechamp.png\",\"width\":110,\"height\":66,\"caption\":\"Okechamp Group\"},\"image\":{\"@id\":\"https:\/\/okechamp.pl\/#\/schema\/logo\/image\/\"}}]}<\/script>\n<!-- \/ Yoast SEO plugin. -->","yoast_head_json":{"title":"Oferta - Okechamp Group","robots":{"index":"index","follow":"follow","max-snippet":"max-snippet:-1","max-image-preview":"max-image-preview:large","max-video-preview":"max-video-preview:-1"},"canonical":"https:\/\/okechamp.pl\/en\/oferta\/","og_locale":"en_US","og_type":"article","og_title":"Oferta - Okechamp Group","og_description":"Nasza oferta dostosowana jest do potrzeb i oczekiwa\u0144 klient\u00f3w i charakteryzuje si\u0119: najwy\u017csz\u0105 jako\u015bci\u0105 bogatym portfolio szerok\u0105 ofert\u0105 opakowa\u0144 solidn\u0105 i szybk\u0105 realizacj\u0105 zam\u00f3wie\u0144 profesjonaln\u0105 obs\u0142ug\u0105 wspart\u0105 wieloletnim do\u015bwiadczeniem otwarto\u015bci\u0105 na innowacyjne rozwi\u0105zania OKRYWA POD\u0141O\u017bE PIECZARKI PRZETWORZONE WARZYWAPRZETWORZONE KONCENTRAT GRZYBOWY MARKA OLE! and LUTECE","og_url":"https:\/\/okechamp.pl\/en\/oferta\/","og_site_name":"Okechamp Group","article_modified_time":"2022-03-10T16:51:27+00:00","og_image":[{"url":"https:\/\/2022.okechamp.pl\/wp-content\/uploads\/2022\/03\/offer_icon_1.webp"}],"twitter_card":"summary_large_image","twitter_misc":{"Est. reading time":"2 minutes"},"schema":{"@context":"https:\/\/schema.org","@graph":[{"@type":"WebPage","@id":"https:\/\/okechamp.pl\/oferta\/","url":"https:\/\/okechamp.pl\/oferta\/","name":"Oferta - Okechamp Group","isPartOf":{"@id":"https:\/\/okechamp.pl\/#website"},"primaryImageOfPage":{"@id":"https:\/\/okechamp.pl\/oferta\/#primaryimage"},"image":{"@id":"https:\/\/okechamp.pl\/oferta\/#primaryimage"},"thumbnailUrl":"https:\/\/2022.okechamp.pl\/wp-content\/uploads\/2022\/03\/offer_icon_1.webp","datePublished":"2022-03-01T09:45:36+00:00","dateModified":"2022-03-10T16:51:27+00:00","breadcrumb":{"@id":"https:\/\/okechamp.pl\/oferta\/#breadcrumb"},"inLanguage":"en-US","potentialAction":[{"@type":"ReadAction","target":["https:\/\/okechamp.pl\/oferta\/"]}]},{"@type":"ImageObject","inLanguage":"en-US","@id":"https:\/\/okechamp.pl\/oferta\/#primaryimage","url":"https:\/\/2022.okechamp.pl\/wp-content\/uploads\/2022\/03\/offer_icon_1.webp","contentUrl":"https:\/\/2022.okechamp.pl\/wp-content\/uploads\/2022\/03\/offer_icon_1.webp"},{"@type":"BreadcrumbList","@id":"https:\/\/okechamp.pl\/oferta\/#breadcrumb","itemListElement":[{"@type":"ListItem","position":1,"name":"Strona g\u0142\u00f3wna","item":"https:\/\/okechamp.pl\/"},{"@type":"ListItem","position":2,"name":"Oferta"}]},{"@type":"WebSite","@id":"https:\/\/okechamp.pl\/#website","url":"https:\/\/okechamp.pl\/","name":"Okechamp Group","description":"producent pieczarek","publisher":{"@id":"https:\/\/okechamp.pl\/#organization"},"potentialAction":[{"@type":"SearchAction","target":{"@type":"EntryPoint","urlTemplate":"https:\/\/okechamp.pl\/?s={search_term_string}"},"query-input":{"@type":"PropertyValueSpecification","valueRequired":true,"valueName":"search_term_string"}}],"inLanguage":"en-US"},{"@type":"Organization","@id":"https:\/\/okechamp.pl\/#organization","name":"Okechamp Group","url":"https:\/\/okechamp.pl\/","logo":{"@type":"ImageObject","inLanguage":"en-US","@id":"https:\/\/okechamp.pl\/#\/schema\/logo\/image\/","url":"https:\/\/okechamp.pl\/wp-content\/uploads\/2022\/02\/logo_okechamp.png","contentUrl":"https:\/\/okechamp.pl\/wp-content\/uploads\/2022\/02\/logo_okechamp.png","width":110,"height":66,"caption":"Okechamp Group"},"image":{"@id":"https:\/\/okechamp.pl\/#\/schema\/logo\/image\/"}}]}},"_links":{"self":[{"href":"https:\/\/okechamp.pl\/en\/wp-json\/wp\/v2\/pages\/364","targetHints":{"allow":["GET"]}}],"collection":[{"href":"https:\/\/okechamp.pl\/en\/wp-json\/wp\/v2\/pages"}],"about":[{"href":"https:\/\/okechamp.pl\/en\/wp-json\/wp\/v2\/types\/page"}],"author":[{"embeddable":true,"href":"https:\/\/okechamp.pl\/en\/wp-json\/wp\/v2\/users\/1"}],"replies":[{"embeddable":true,"href":"https:\/\/okechamp.pl\/en\/wp-json\/wp\/v2\/comments?post=364"}],"version-history":[{"count":13,"href":"https:\/\/okechamp.pl\/en\/wp-json\/wp\/v2\/pages\/364\/revisions"}],"predecessor-version":[{"id":1373,"href":"https:\/\/okechamp.pl\/en\/wp-json\/wp\/v2\/pages\/364\/revisions\/1373"}],"wp:attachment":[{"href":"https:\/\/okechamp.pl\/en\/wp-json\/wp\/v2\/media?parent=364"}],"curies":[{"name":"wp","href":"https:\/\/api.w.org\/{rel}","templated":true}]}}