{"id":3,"date":"2022-02-02T11:17:09","date_gmt":"2022-02-02T11:17:09","guid":{"rendered":"https:\/\/2022.okechamp.pl\/?page_id=3"},"modified":"2026-02-16T11:37:38","modified_gmt":"2026-02-16T11:37:38","slug":"polityka-prywatnosci","status":"publish","type":"page","link":"https:\/\/okechamp.pl\/nl\/dokumenty\/polityka-prywatnosci\/","title":{"rendered":"PRIVACY NOTICE"},"content":{"rendered":"<p><strong>KLAUZULA INFORMACYJNA<\/strong><br>Szanowni Pa\u0144stwo,<br>W wykonaniu obowi\u0105zku informacyjnego, okre\u015blonego w Rozporz\u0105dzeniu Parlamentu Europejskiego i Rady (UE) 2016\/679 z 27.04.2016 r. w sprawie ochrony os\u00f3b fizycznych w zwi\u0105zku z przetwarzaniem danych osobowych i w sprawie swobodnego przep\u0142ywu takich danych, dalej \u201e<strong>RODO<\/strong>\u201d, maj\u0105c na uwadze fakt zgromadzenia przez nas Pa\u0144stwa danych osobowych, a w szczeg\u00f3lno\u015bci szanuj\u0105c Pa\u0144stwa prywatno\u015b\u0107 oraz dbaj\u0105c o to, aby wiedzieli Pa\u0144stwo, kto i w jaki spos\u00f3b przetwarza Pa\u0144stwa dane osobowe, przedstawiamy nast\u0119puj\u0105ce informacje:<br>1.\u00a0\u00a0\u00a0\u00a0\u00a0Administratorem Pa\u0144stwa danych osobowych jest sp\u00f3\u0142ka OKECHAMP S.A. w restrukturyzacji z siedzib\u0105 w Grodzisku Wlkp.,\u00a0ul. Fabryczna 7, 62-065 Grodzisk Wielkopolski, zwana dalej \u201e<strong>Administratorem Danych<\/strong>\u201d.\u00a0Administrator Danych ustanowi\u0142 inspektora ochrony danych, kt\u00f3ry dost\u0119pny jest pod adresem e-mail:\u00a0<a href=\"mailto:iod@okechamp.pl\">iod@okechamp.pl<\/a>.<br><br>2.\u00a0\u00a0\u00a0\u00a0\u00a0Pa\u0144stwa dane osobowe przetwarzane s\u0105 przez Administratora Danych w nast\u0119puj\u0105cych celach:<br>a)\u00a0\u00a0\u00a0\u00a0\u00a0w celu oferowania Pa\u0144stwu przez Administratora Danych bezpo\u015brednio naszych produkt\u00f3w i us\u0142ug, b\u0119d\u0105cego realizacj\u0105 naszego prawnie uzasadnionego w tym zakresie interesu (podstaw\u0119 prawn\u0105 stanowi art. 6 ust. 1 lit. f RODO),\u00a0<br>b)\u00a0\u00a0\u00a0\u00a0\u00a0w celu prawid\u0142owego wykonywania um\u00f3w zawartych przez Administratora Danych z kontrahentami, b\u0119d\u0105cego realizacj\u0105 naszego prawnie uzasadnionego w tym zakresie interesu (podstaw\u0119 prawn\u0105 stanowi art. 6 ust. 1 lit. f RODO),<br>c)\u00a0\u00a0\u00a0\u00a0\u00a0w celu nawi\u0105zania relacji handlowych z Pa\u0144stwem lub firm\u0105, w imieniu kt\u00f3rej Pa\u0144stwo dzia\u0142aj\u0105, na rzecz kt\u00f3rej pracuj\u0105 lub z kt\u00f3r\u0105 wsp\u00f3\u0142pracuj\u0105, w tym, w celu prowadzenia korespondencji handlowej, negocjowania i zawarcia stosownych um\u00f3w z firm\u0105, w imieniu kt\u00f3rej Pa\u0144stwo dzia\u0142aj\u0105, na rzecz kt\u00f3rej pracuj\u0105 lub z kt\u00f3r\u0105 wsp\u00f3\u0142pracuj\u0105, b\u0119d\u0105cego realizacj\u0105 naszego prawnie uzasadnionego w tym zakresie interesu (podstaw\u0119 prawn\u0105 stanowi art. 6 ust. 1 lit. f RODO),<br>d)\u00a0\u00a0\u00a0\u00a0\u00a0w celu informowania Pa\u0144stwa o ofertach i dzia\u0142alno\u015bci Administratora Danych, jak r\u00f3wnie\u017c o\u00a0organizowanych przez nich wydarzeniach (podstaw\u0119 prawn\u0105 stanowi art. 6 ust. 1 lit. a RODO),<br>e)\u00a0\u00a0\u00a0\u00a0\u00a0w celu ewentualnego ustalenia, dochodzenia lub obrony przed roszczeniami, co jest realizacj\u0105 naszego prawnie uzasadnionego w tym zakresie interesu (podstaw\u0119 prawn\u0105 stanowi art. 6 ust. 1 lit. f RODO),<br>f)\u00a0\u00a0\u00a0\u00a0\u00a0\u00a0w celach analitycznych, w szczeg\u00f3lno\u015bci w celach budowania wiedzy o kontrahentach b\u0105d\u017a potencjalnych kontrahentach Administratora Danych, optymalizacji procesu sprzeda\u017cy oraz obs\u0142ugi, b\u0119d\u0105cego realizacj\u0105 naszego prawnie uzasadnionego w tym zakresie interesu (podstaw\u0119 prawn\u0105 stanowi art. 6 ust. 1 lit. f RODO),<br>g)\u00a0\u00a0\u00a0\u00a0\u00a0w celach archiwizacyjnych, w szczeg\u00f3lno\u015bci w celu zapewnienia mo\u017cliwo\u015bci wykazania wykonania obowi\u0105zk\u00f3w wobec Pa\u0144stwa, wynikaj\u0105cych z przepis\u00f3w RODO, stanowi\u0105cych realizacj\u0119 naszego prawnie uzasadnionego w tym zakresie interesu (podstaw\u0119 prawn\u0105 stanowi art. 6 ust. 1 lit. f RODO).<br><br>3.\u00a0\u00a0\u00a0\u00a0\u00a0Administrator Danych przetwarza nast\u0119puj\u0105ce kategorie danych osobowych, kt\u00f3re Pa\u0144stwa dotycz\u0105: dane kontaktowe (imi\u0119, nazwisko, adres e-mail, telefon, miejsce zatrudnienia, w tym adres, stanowisko), historia aktywno\u015bci.<br><br>4.\u00a0\u00a0\u00a0\u00a0\u00a0Pa\u0144stwa dane osobowe b\u0119d\u0105 przetwarzane nie d\u0142u\u017cej ni\u017c jest to konieczne i wynika z okre\u015blonych w pkt. 2 powy\u017cej cel\u00f3w przetwarzania, tj.:<br>a)\u00a0\u00a0\u00a0\u00a0\u00a0w celu prawid\u0142owego wykonywania um\u00f3w zawartych przez Administratora Danych z kontrahentami, jak r\u00f3wnie\u017c w celu ustalenia, dochodzenia lub obrony przed roszczeniami wynikaj\u0105cymi z tych um\u00f3w, Pa\u0144stwa dane b\u0119d\u0105 przetwarzane przez okres, w kt\u00f3rym mog\u0105 pojawi\u0107 si\u0119 roszczenia wynikaj\u0105ce z takich um\u00f3w, tj. przez okres 3 lat od ko\u0144ca roku, w kt\u00f3rym dany stosunek umowny uleg\u0142 zako\u0144czeniu,<br>b)\u00a0\u00a0\u00a0\u00a0\u00a0dla cel\u00f3w marketingu bezpo\u015bredniego przetwarzane mog\u0105 by\u0107 do czasu zg\u0142oszenia przez Pa\u0144stwa sprzeciwu wobec ich przetwarzania w wy\u017cej wskazanym celu lub ustalenia, \u017ce dane te si\u0119 zdezaktualizowa\u0142y.<br><br>5.\u00a0\u00a0\u00a0\u00a0\u00a0Pa\u0144stwa dane osobowe mog\u0105 zosta\u0107 ujawnione nast\u0119puj\u0105cym kategoriom odbiorc\u00f3w:<br>a)\u00a0\u00a0\u00a0\u00a0\u00a0podmiotom, kt\u00f3rym Administrator Danych ma prawny obowi\u0105zek udost\u0119pnienia przetwarzanych przez siebie danych osobowych,<br>b)\u00a0\u00a0\u00a0\u00a0\u00a0podmiotom przetwarzaj\u0105cym dane osobowe na podstawie um\u00f3w powierzenia przetwarzania danych osobowych<em>.<\/em><br><br>6.\u00a0\u00a0\u00a0\u00a0\u00a0Pa\u0144stwa dane osobowe nie s\u0105 przekazywane do pa\u0144stw trzecich.<br><br>7.\u00a0\u00a0\u00a0\u00a0\u00a0Maj\u0105 Pa\u0144stwo prawo \u017c\u0105da\u0107 od Administratora Danych dost\u0119pu do swoich danych osobowych oraz przys\u0142uguje Pa\u0144stwu:<br>a)\u00a0\u00a0\u00a0\u00a0\u00a0prawo do ich sprostowania,<br>b)\u00a0\u00a0\u00a0\u00a0\u00a0prawo do ich usuni\u0119cia lub prawo do ograniczenia przetwarzania danych,<br>c)\u00a0\u00a0\u00a0\u00a0\u00a0prawo do wniesienia sprzeciwu wobec przetwarzania Pa\u0144stwa danych osobowych, jak r\u00f3wnie\u017c<br>d)\u00a0\u00a0\u00a0\u00a0\u00a0prawo do przenoszenia Pa\u0144stwa danych osobowych (tj. w przypadkach okre\u015blonych w przepisach RODO maj\u0105 Pa\u0144stwo prawo \u017c\u0105da\u0107, by Pa\u0144stwa dane osobowe zosta\u0142y przes\u0142ane przez Administratora Danych bezpo\u015brednio innemu administratorowi, o ile jest to technicznie mo\u017cliwe).<br><br>8.\u00a0\u00a0\u00a0\u00a0\u00a0W oparciu o Pa\u0144stwa dane osobowe mog\u0105 by\u0107 podejmowane wobec Pa\u0144stwa zautomatyzowane decyzje, w tym decyzje b\u0119d\u0105ce wynikiem profilowania (tj. Pa\u0144stwa dane osobowe mog\u0105 by\u0107 przetwarzane w spos\u00f3b zautomatyzowany, polegaj\u0105cy na wykorzystaniu Pa\u0144stwa danych osobowych do oceny okre\u015blonych cech\/czynnik\u00f3w przy podejmowaniu decyzji przez Administratora Danych s\u0142u\u017c\u0105ce dopasowaniu i zapewnieniu adekwatno\u015bci rodzaju oraz dost\u0119pno\u015bci us\u0142ug oraz dzia\u0142a\u0144 marketingowych oferowanych przez Administratora Danych. Stosowanie przez Administratora Danych wskazanego w niniejszym punkcie mechanizmu mo\u017ce skutkowa\u0107 podj\u0119ciem wobec Pa\u0144stwa dzia\u0142a\u0144 marketingowych, niedopasowanych do Pa\u0144stwa zainteresowa\u0144 czy dzia\u0142alno\u015bci.<br><br>9.\u00a0\u00a0\u00a0\u00a0\u00a0W zwi\u0105zku z przetwarzaniem Pa\u0144stwa danych osobowych przys\u0142uguje Pa\u0144stwu prawo do wniesienia skargi do organu nadzorczego, w sytuacji, gdy uznaj\u0105 Pa\u0144stwo, i\u017c przetwarzanie dotycz\u0105cych Pa\u0144stwa danych osobowych, narusza przepisy RODO.<br><br>10.\u00a0\u00a0\u00a0Je\u015bli udzielili Pa\u0144stwo swojej zgody na przetwarzanie danych osobowych, mog\u0105 j\u0105 Pa\u0144stwo w ka\u017cdej chwili odwo\u0142a\u0107 ze skutkiem na przysz\u0142o\u015b\u0107. Je\u017celi przetwarzanie Pa\u0144stwa danych osobowych opiera si\u0119 na wa\u017ceniu interes\u00f3w, mog\u0105 Pa\u0144stwo wyrazi\u0107 sprzeciw wobec takiego przetwarzania. W przypadku wniesienia takiego sprzeciwu prosimy o podanie powod\u00f3w, dla kt\u00f3rych Pa\u0144stwa dane osobowe nie powinny by\u0107 przetwarzane w taki spos\u00f3b, w jaki czyni\u0142 to Administrator Danych. Pa\u0144stwa sprzeciw zostanie zbadany i je\u015bli oka\u017ce si\u0119 uzasadniony, wstrzymane lub dostosowane zostanie przetwarzanie danych osobowych b\u0105d\u017a wskazane zostan\u0105 Pa\u0144stwu istotne przes\u0142anki, przemawiaj\u0105ce za kontynuacj\u0105 przetwarzania danych. W ka\u017cdej chwili mog\u0105 Pa\u0144stwo sprzeciwi\u0107 si\u0119 przetwarzaniu swoich danych osobowych do cel\u00f3w marketingowych i analizy danych, w takim przypadku skutkowa\u0107 to b\u0119dzie zaprzestaniem przetwarzania Pa\u0144stwa danych osobowych przez Administratora Danych w tych celach. Mog\u0105 Pa\u0144stwo przes\u0142a\u0107 swoje odwo\u0142anie zgody lub sprzeciw wobec przetwarzania Pa\u0144stwa danych osobowych na e-mail lub na adres, wskazane w pkt. 1 powy\u017cej.<\/p>","protected":false},"excerpt":{"rendered":"<p>KLAUZULA INFORMACYJNASzanowni Pa\u0144stwo,W wykonaniu obowi\u0105zku informacyjnego, okre\u015blonego w Rozporz\u0105dzeniu Parlamentu Europejskiego i Rady (UE) 2016\/679 z 27.04.2016 r. w sprawie ochrony os\u00f3b fizycznych w zwi\u0105zku z przetwarzaniem danych osobowych i w sprawie swobodnego przep\u0142ywu takich danych, dalej \u201eRODO\u201d, maj\u0105c na uwadze fakt zgromadzenia przez nas Pa\u0144stwa danych osobowych, a w szczeg\u00f3lno\u015bci szanuj\u0105c Pa\u0144stwa prywatno\u015b\u0107 oraz [&hellip;]<\/p>","protected":false},"author":1,"featured_media":0,"parent":118,"menu_order":0,"comment_status":"closed","ping_status":"open","template":"","meta":{"footnotes":""},"class_list":["post-3","page","type-page","status-publish","hentry","entry"],"yoast_head":"<!-- This site is optimized with the Yoast SEO plugin v23.4 - https:\/\/yoast.com\/wordpress\/plugins\/seo\/ -->\n<title>Polityka Prywatno\u015bci - Okechamp Group<\/title>\n<meta name=\"robots\" content=\"index, follow, max-snippet:-1, max-image-preview:large, max-video-preview:-1\" \/>\n<link rel=\"canonical\" href=\"https:\/\/okechamp.pl\/nl\/dokumenty\/polityka-prywatnosci\/\" \/>\n<meta property=\"og:locale\" content=\"nl_NL\" \/>\n<meta property=\"og:type\" content=\"article\" \/>\n<meta property=\"og:title\" content=\"Polityka Prywatno\u015bci - Okechamp Group\" \/>\n<meta property=\"og:description\" content=\"KLAUZULA INFORMACYJNASzanowni Pa\u0144stwo,W wykonaniu obowi\u0105zku informacyjnego, okre\u015blonego w Rozporz\u0105dzeniu Parlamentu Europejskiego i Rady (UE) 2016\/679 z 27.04.2016 r. w sprawie ochrony os\u00f3b fizycznych w zwi\u0105zku z przetwarzaniem danych osobowych i w sprawie swobodnego przep\u0142ywu takich danych, dalej \u201eRODO\u201d, maj\u0105c na uwadze fakt zgromadzenia przez nas Pa\u0144stwa danych osobowych, a w szczeg\u00f3lno\u015bci szanuj\u0105c Pa\u0144stwa prywatno\u015b\u0107 oraz [&hellip;]\" \/>\n<meta property=\"og:url\" content=\"https:\/\/okechamp.pl\/nl\/dokumenty\/polityka-prywatnosci\/\" \/>\n<meta property=\"og:site_name\" content=\"Okechamp Group\" \/>\n<meta property=\"article:modified_time\" content=\"2026-02-16T11:37:38+00:00\" \/>\n<meta name=\"twitter:card\" content=\"summary_large_image\" \/>\n<meta name=\"twitter:label1\" content=\"Geschatte leestijd\" \/>\n\t<meta name=\"twitter:data1\" content=\"6 minuten\" \/>\n<script type=\"application\/ld+json\" class=\"yoast-schema-graph\">{\"@context\":\"https:\/\/schema.org\",\"@graph\":[{\"@type\":\"WebPage\",\"@id\":\"https:\/\/okechamp.pl\/dokumenty\/polityka-prywatnosci\/\",\"url\":\"https:\/\/okechamp.pl\/dokumenty\/polityka-prywatnosci\/\",\"name\":\"Polityka Prywatno\u015bci - Okechamp Group\",\"isPartOf\":{\"@id\":\"https:\/\/okechamp.pl\/#website\"},\"datePublished\":\"2022-02-02T11:17:09+00:00\",\"dateModified\":\"2026-02-16T11:37:38+00:00\",\"breadcrumb\":{\"@id\":\"https:\/\/okechamp.pl\/dokumenty\/polityka-prywatnosci\/#breadcrumb\"},\"inLanguage\":\"nl-NL\",\"potentialAction\":[{\"@type\":\"ReadAction\",\"target\":[\"https:\/\/okechamp.pl\/dokumenty\/polityka-prywatnosci\/\"]}]},{\"@type\":\"BreadcrumbList\",\"@id\":\"https:\/\/okechamp.pl\/dokumenty\/polityka-prywatnosci\/#breadcrumb\",\"itemListElement\":[{\"@type\":\"ListItem\",\"position\":1,\"name\":\"Strona g\u0142\u00f3wna\",\"item\":\"https:\/\/okechamp.pl\/\"},{\"@type\":\"ListItem\",\"position\":2,\"name\":\"Dokumenty\",\"item\":\"https:\/\/okechamp.pl\/dokumenty\/\"},{\"@type\":\"ListItem\",\"position\":3,\"name\":\"Polityka Prywatno\u015bci\"}]},{\"@type\":\"WebSite\",\"@id\":\"https:\/\/okechamp.pl\/#website\",\"url\":\"https:\/\/okechamp.pl\/\",\"name\":\"Okechamp Group\",\"description\":\"producent pieczarek\",\"publisher\":{\"@id\":\"https:\/\/okechamp.pl\/#organization\"},\"potentialAction\":[{\"@type\":\"SearchAction\",\"target\":{\"@type\":\"EntryPoint\",\"urlTemplate\":\"https:\/\/okechamp.pl\/?s={search_term_string}\"},\"query-input\":{\"@type\":\"PropertyValueSpecification\",\"valueRequired\":true,\"valueName\":\"search_term_string\"}}],\"inLanguage\":\"nl-NL\"},{\"@type\":\"Organization\",\"@id\":\"https:\/\/okechamp.pl\/#organization\",\"name\":\"Okechamp Group\",\"url\":\"https:\/\/okechamp.pl\/\",\"logo\":{\"@type\":\"ImageObject\",\"inLanguage\":\"nl-NL\",\"@id\":\"https:\/\/okechamp.pl\/#\/schema\/logo\/image\/\",\"url\":\"https:\/\/okechamp.pl\/wp-content\/uploads\/2022\/02\/logo_okechamp.png\",\"contentUrl\":\"https:\/\/okechamp.pl\/wp-content\/uploads\/2022\/02\/logo_okechamp.png\",\"width\":110,\"height\":66,\"caption\":\"Okechamp Group\"},\"image\":{\"@id\":\"https:\/\/okechamp.pl\/#\/schema\/logo\/image\/\"}}]}<\/script>\n<!-- \/ Yoast SEO plugin. -->","yoast_head_json":{"title":"Polityka Prywatno\u015bci - Okechamp Group","robots":{"index":"index","follow":"follow","max-snippet":"max-snippet:-1","max-image-preview":"max-image-preview:large","max-video-preview":"max-video-preview:-1"},"canonical":"https:\/\/okechamp.pl\/nl\/dokumenty\/polityka-prywatnosci\/","og_locale":"nl_NL","og_type":"article","og_title":"Polityka Prywatno\u015bci - Okechamp Group","og_description":"KLAUZULA INFORMACYJNASzanowni Pa\u0144stwo,W wykonaniu obowi\u0105zku informacyjnego, okre\u015blonego w Rozporz\u0105dzeniu Parlamentu Europejskiego i Rady (UE) 2016\/679 z 27.04.2016 r. w sprawie ochrony os\u00f3b fizycznych w zwi\u0105zku z przetwarzaniem danych osobowych i w sprawie swobodnego przep\u0142ywu takich danych, dalej \u201eRODO\u201d, maj\u0105c na uwadze fakt zgromadzenia przez nas Pa\u0144stwa danych osobowych, a w szczeg\u00f3lno\u015bci szanuj\u0105c Pa\u0144stwa prywatno\u015b\u0107 oraz [&hellip;]","og_url":"https:\/\/okechamp.pl\/nl\/dokumenty\/polityka-prywatnosci\/","og_site_name":"Okechamp Group","article_modified_time":"2026-02-16T11:37:38+00:00","twitter_card":"summary_large_image","twitter_misc":{"Geschatte leestijd":"6 minuten"},"schema":{"@context":"https:\/\/schema.org","@graph":[{"@type":"WebPage","@id":"https:\/\/okechamp.pl\/dokumenty\/polityka-prywatnosci\/","url":"https:\/\/okechamp.pl\/dokumenty\/polityka-prywatnosci\/","name":"Polityka Prywatno\u015bci - Okechamp Group","isPartOf":{"@id":"https:\/\/okechamp.pl\/#website"},"datePublished":"2022-02-02T11:17:09+00:00","dateModified":"2026-02-16T11:37:38+00:00","breadcrumb":{"@id":"https:\/\/okechamp.pl\/dokumenty\/polityka-prywatnosci\/#breadcrumb"},"inLanguage":"nl-NL","potentialAction":[{"@type":"ReadAction","target":["https:\/\/okechamp.pl\/dokumenty\/polityka-prywatnosci\/"]}]},{"@type":"BreadcrumbList","@id":"https:\/\/okechamp.pl\/dokumenty\/polityka-prywatnosci\/#breadcrumb","itemListElement":[{"@type":"ListItem","position":1,"name":"Strona g\u0142\u00f3wna","item":"https:\/\/okechamp.pl\/"},{"@type":"ListItem","position":2,"name":"Dokumenty","item":"https:\/\/okechamp.pl\/dokumenty\/"},{"@type":"ListItem","position":3,"name":"Polityka Prywatno\u015bci"}]},{"@type":"WebSite","@id":"https:\/\/okechamp.pl\/#website","url":"https:\/\/okechamp.pl\/","name":"Okechamp Group","description":"producent pieczarek","publisher":{"@id":"https:\/\/okechamp.pl\/#organization"},"potentialAction":[{"@type":"SearchAction","target":{"@type":"EntryPoint","urlTemplate":"https:\/\/okechamp.pl\/?s={search_term_string}"},"query-input":{"@type":"PropertyValueSpecification","valueRequired":true,"valueName":"search_term_string"}}],"inLanguage":"nl-NL"},{"@type":"Organization","@id":"https:\/\/okechamp.pl\/#organization","name":"Okechamp Group","url":"https:\/\/okechamp.pl\/","logo":{"@type":"ImageObject","inLanguage":"nl-NL","@id":"https:\/\/okechamp.pl\/#\/schema\/logo\/image\/","url":"https:\/\/okechamp.pl\/wp-content\/uploads\/2022\/02\/logo_okechamp.png","contentUrl":"https:\/\/okechamp.pl\/wp-content\/uploads\/2022\/02\/logo_okechamp.png","width":110,"height":66,"caption":"Okechamp Group"},"image":{"@id":"https:\/\/okechamp.pl\/#\/schema\/logo\/image\/"}}]}},"_links":{"self":[{"href":"https:\/\/okechamp.pl\/nl\/wp-json\/wp\/v2\/pages\/3","targetHints":{"allow":["GET"]}}],"collection":[{"href":"https:\/\/okechamp.pl\/nl\/wp-json\/wp\/v2\/pages"}],"about":[{"href":"https:\/\/okechamp.pl\/nl\/wp-json\/wp\/v2\/types\/page"}],"author":[{"embeddable":true,"href":"https:\/\/okechamp.pl\/nl\/wp-json\/wp\/v2\/users\/1"}],"replies":[{"embeddable":true,"href":"https:\/\/okechamp.pl\/nl\/wp-json\/wp\/v2\/comments?post=3"}],"version-history":[{"count":5,"href":"https:\/\/okechamp.pl\/nl\/wp-json\/wp\/v2\/pages\/3\/revisions"}],"predecessor-version":[{"id":3912,"href":"https:\/\/okechamp.pl\/nl\/wp-json\/wp\/v2\/pages\/3\/revisions\/3912"}],"up":[{"embeddable":true,"href":"https:\/\/okechamp.pl\/nl\/wp-json\/wp\/v2\/pages\/118"}],"wp:attachment":[{"href":"https:\/\/okechamp.pl\/nl\/wp-json\/wp\/v2\/media?parent=3"}],"curies":[{"name":"wp","href":"https:\/\/api.w.org\/{rel}","templated":true}]}}