{"id":330,"date":"2022-03-01T09:35:12","date_gmt":"2022-03-01T09:35:12","guid":{"rendered":"https:\/\/2022.okechamp.pl\/?page_id=330"},"modified":"2023-11-16T07:53:11","modified_gmt":"2023-11-16T07:53:11","slug":"kim-jestesmy","status":"publish","type":"page","link":"https:\/\/okechamp.pl\/nl\/kim-jestesmy\/","title":{"rendered":"OVER ONS"},"content":{"rendered":"<div data-elementor-type=\"wp-page\" data-elementor-id=\"330\" class=\"elementor elementor-330\" data-elementor-post-type=\"page\">\n\t\t\t\t\t\t<section data-particle_enable=\"false\" data-particle-mobile-disabled=\"false\" class=\"elementor-section elementor-top-section elementor-element elementor-element-2a1c579 elementor-section-boxed elementor-section-height-default elementor-section-height-default exad-glass-effect-no exad-sticky-section-no\" data-id=\"2a1c579\" data-element_type=\"section\" data-settings=\"{&quot;jet_parallax_layout_list&quot;:[]}\">\n\t\t\t\t\t\t<div class=\"elementor-container elementor-column-gap-default\">\n\t\t\t\t\t<div class=\"elementor-column elementor-col-100 elementor-top-column elementor-element elementor-element-114b44c exad-glass-effect-no exad-sticky-section-no\" data-id=\"114b44c\" data-element_type=\"column\">\n\t\t\t<div class=\"elementor-widget-wrap elementor-element-populated\">\n\t\t\t\t\t\t<div class=\"elementor-element elementor-element-fae34a6 exad-sticky-section-no exad-glass-effect-no elementor-widget elementor-widget-heading\" data-id=\"fae34a6\" data-element_type=\"widget\" data-widget_type=\"heading.default\">\n\t\t\t\t<div class=\"elementor-widget-container\">\n\t\t\t<style>\/*! elementor - v3.20.0 - 10-04-2024 *\/\n.elementor-heading-title{padding:0;margin:0;line-height:1}.elementor-widget-heading .elementor-heading-title[class*=elementor-size-]>a{color:inherit;font-size:inherit;line-height:inherit}.elementor-widget-heading .elementor-heading-title.elementor-size-small{font-size:15px}.elementor-widget-heading .elementor-heading-title.elementor-size-medium{font-size:19px}.elementor-widget-heading .elementor-heading-title.elementor-size-large{font-size:29px}.elementor-widget-heading .elementor-heading-title.elementor-size-xl{font-size:39px}.elementor-widget-heading .elementor-heading-title.elementor-size-xxl{font-size:59px}<\/style><h2 class=\"elementor-heading-title elementor-size-default\">OVER ONS<\/h2>\t\t<\/div>\n\t\t\t\t<\/div>\n\t\t\t\t\t<\/div>\n\t\t<\/div>\n\t\t\t\t\t<\/div>\n\t\t<\/section>\n\t\t\t\t<section data-particle_enable=\"false\" data-particle-mobile-disabled=\"false\" class=\"elementor-section elementor-top-section elementor-element elementor-element-9414428 elementor-section-boxed elementor-section-height-default elementor-section-height-default exad-glass-effect-no exad-sticky-section-no\" data-id=\"9414428\" data-element_type=\"section\" data-settings=\"{&quot;jet_parallax_layout_list&quot;:[]}\">\n\t\t\t\t\t\t<div class=\"elementor-container elementor-column-gap-default\">\n\t\t\t\t\t<div class=\"elementor-column elementor-col-50 elementor-top-column elementor-element elementor-element-8d1d07f exad-glass-effect-no exad-sticky-section-no\" data-id=\"8d1d07f\" data-element_type=\"column\">\n\t\t\t<div class=\"elementor-widget-wrap elementor-element-populated\">\n\t\t\t\t\t\t<div class=\"elementor-element elementor-element-0fc9200 exad-sticky-section-no exad-glass-effect-no elementor-widget elementor-widget-image\" data-id=\"0fc9200\" data-element_type=\"widget\" data-widget_type=\"image.default\">\n\t\t\t\t<div class=\"elementor-widget-container\">\n\t\t\t<style>\/*! elementor - v3.20.0 - 10-04-2024 *\/\n.elementor-widget-image{text-align:center}.elementor-widget-image a{display:inline-block}.elementor-widget-image a img[src$=\".svg\"]{width:48px}.elementor-widget-image img{vertical-align:middle;display:inline-block}<\/style>\t\t\t\t\t\t\t\t\t\t<img fetchpriority=\"high\" decoding=\"async\" width=\"490\" height=\"490\" src=\"https:\/\/okechamp.pl\/wp-content\/uploads\/2022\/03\/whoweare_1.png\" class=\"attachment-large size-large wp-image-548\" alt=\"\" srcset=\"https:\/\/okechamp.pl\/wp-content\/uploads\/2022\/03\/whoweare_1.png 490w, https:\/\/okechamp.pl\/wp-content\/uploads\/2022\/03\/whoweare_1-300x300.png 300w, https:\/\/okechamp.pl\/wp-content\/uploads\/2022\/03\/whoweare_1-150x150.png 150w\" sizes=\"(max-width: 490px) 100vw, 490px\" \/>\t\t\t\t\t\t\t\t\t\t\t\t\t<\/div>\n\t\t\t\t<\/div>\n\t\t\t\t\t<\/div>\n\t\t<\/div>\n\t\t\t\t<div class=\"elementor-column elementor-col-50 elementor-top-column elementor-element elementor-element-539c1a9 exad-glass-effect-no exad-sticky-section-no\" data-id=\"539c1a9\" data-element_type=\"column\">\n\t\t\t<div class=\"elementor-widget-wrap elementor-element-populated\">\n\t\t\t\t\t\t<div class=\"elementor-element elementor-element-99c074b exad-sticky-section-no exad-glass-effect-no elementor-widget elementor-widget-heading\" data-id=\"99c074b\" data-element_type=\"widget\" data-widget_type=\"heading.default\">\n\t\t\t\t<div class=\"elementor-widget-container\">\n\t\t\t<h2 class=\"elementor-heading-title elementor-size-default\">Over ons<\/h2>\t\t<\/div>\n\t\t\t\t<\/div>\n\t\t\t\t<div class=\"elementor-element elementor-element-8c97fb9 exad-sticky-section-no exad-glass-effect-no elementor-widget elementor-widget-text-editor\" data-id=\"8c97fb9\" data-element_type=\"widget\" data-widget_type=\"text-editor.default\">\n\t\t\t\t<div class=\"elementor-widget-container\">\n\t\t\t<style>\/*! elementor - v3.20.0 - 10-04-2024 *\/\n.elementor-widget-text-editor.elementor-drop-cap-view-stacked .elementor-drop-cap{background-color:#69727d;color:#fff}.elementor-widget-text-editor.elementor-drop-cap-view-framed .elementor-drop-cap{color:#69727d;border:3px solid;background-color:transparent}.elementor-widget-text-editor:not(.elementor-drop-cap-view-default) .elementor-drop-cap{margin-top:8px}.elementor-widget-text-editor:not(.elementor-drop-cap-view-default) .elementor-drop-cap-letter{width:1em;height:1em}.elementor-widget-text-editor .elementor-drop-cap{float:left;text-align:center;line-height:1;font-size:50px}.elementor-widget-text-editor .elementor-drop-cap-letter{display:inline-block}<\/style>\t\t\t\t<p>De OKECHAMP Group is een groep bedrijven samen \u00e9\u00e9n van de leiders zijn in de sector van champignonproductie en -verwerking op de Europese en wereldwijde markt. Onze hoge kwaliteits- en operationele normen stellen ons in staat om onze producten aan klanten over de hele wereld te leveren. De groeiende export en hoge erkenning van onze competenties bij veeleisende klanten in het buitenland is \u00e9\u00e9n van de factoren van ons gemeenschappelijk succes.<\/p><p>Het merk OLE! dat we met succes op de Poolse markt hebben ge\u00efntroduceerd, is een van de leiders in de categorie van groenten- en champignonsnacks. De reputatie van het merk bij de klant \u2013 bevestigd in marktonderzoeken \u2013 zien we als \u00e9\u00e9n verbintenis tot verdere ontwikkeling.<\/p>\t\t\t\t\t\t<\/div>\n\t\t\t\t<\/div>\n\t\t\t\t\t<\/div>\n\t\t<\/div>\n\t\t\t\t\t<\/div>\n\t\t<\/section>\n\t\t\t\t<section data-particle_enable=\"false\" data-particle-mobile-disabled=\"false\" class=\"elementor-section elementor-top-section elementor-element elementor-element-9cabd93 elementor-section-full_width elementor-section-height-default elementor-section-height-default exad-glass-effect-no exad-sticky-section-no\" data-id=\"9cabd93\" data-element_type=\"section\" data-settings=\"{&quot;jet_parallax_layout_list&quot;:[],&quot;background_background&quot;:&quot;classic&quot;}\">\n\t\t\t\t\t\t<div class=\"elementor-container elementor-column-gap-default\">\n\t\t\t\t\t<div class=\"elementor-column elementor-col-50 elementor-top-column elementor-element elementor-element-23bcf38 exad-glass-effect-no exad-sticky-section-no\" data-id=\"23bcf38\" data-element_type=\"column\" data-settings=\"{&quot;background_background&quot;:&quot;classic&quot;}\">\n\t\t\t<div class=\"elementor-widget-wrap elementor-element-populated\">\n\t\t\t\t\t\t<div class=\"elementor-element elementor-element-e3965eb elementor-hidden-desktop elementor-hidden-tablet exad-sticky-section-no exad-glass-effect-no elementor-widget elementor-widget-image\" data-id=\"e3965eb\" data-element_type=\"widget\" data-widget_type=\"image.default\">\n\t\t\t\t<div class=\"elementor-widget-container\">\n\t\t\t\t\t\t\t\t\t\t\t\t\t<img decoding=\"async\" width=\"952\" height=\"756\" src=\"https:\/\/okechamp.pl\/wp-content\/uploads\/2022\/03\/whoweare_2.jpg\" class=\"attachment-large size-large wp-image-549\" alt=\"\" srcset=\"https:\/\/okechamp.pl\/wp-content\/uploads\/2022\/03\/whoweare_2.jpg 952w, https:\/\/okechamp.pl\/wp-content\/uploads\/2022\/03\/whoweare_2-300x238.jpg 300w, https:\/\/okechamp.pl\/wp-content\/uploads\/2022\/03\/whoweare_2-768x610.jpg 768w\" sizes=\"(max-width: 952px) 100vw, 952px\" \/>\t\t\t\t\t\t\t\t\t\t\t\t\t<\/div>\n\t\t\t\t<\/div>\n\t\t\t\t\t<\/div>\n\t\t<\/div>\n\t\t\t\t<div class=\"elementor-column elementor-col-50 elementor-top-column elementor-element elementor-element-fdec327 exad-glass-effect-no exad-sticky-section-no\" data-id=\"fdec327\" data-element_type=\"column\">\n\t\t\t<div class=\"elementor-widget-wrap elementor-element-populated\">\n\t\t\t\t\t\t<div class=\"elementor-element elementor-element-b743415 exad-sticky-section-no exad-glass-effect-no elementor-widget elementor-widget-heading\" data-id=\"b743415\" data-element_type=\"widget\" data-widget_type=\"heading.default\">\n\t\t\t\t<div class=\"elementor-widget-container\">\n\t\t\t<h2 class=\"elementor-heading-title elementor-size-default\">Specialist  \nin de teelt van \npaddestoelen\n\n<\/h2>\t\t<\/div>\n\t\t\t\t<\/div>\n\t\t\t\t<div class=\"elementor-element elementor-element-fec0f76 exad-sticky-section-no exad-glass-effect-no elementor-widget elementor-widget-text-editor\" data-id=\"fec0f76\" data-element_type=\"widget\" data-widget_type=\"text-editor.default\">\n\t\t\t\t<div class=\"elementor-widget-container\">\n\t\t\t\t\t\t\t<p><strong>OKECHAMP Group is een moderne internationale groep bedrijven die een unieke waardeketen cre\u00ebren door actief te zijn in alle schakels van de paddenstoelensector:<\/strong><\/p>\t\t\t\t\t\t<\/div>\n\t\t\t\t<\/div>\n\t\t\t\t<div class=\"elementor-element elementor-element-9d3f528 elementor-position-left elementor-vertical-align-top exad-sticky-section-no exad-glass-effect-no elementor-widget elementor-widget-image-box\" data-id=\"9d3f528\" data-element_type=\"widget\" data-widget_type=\"image-box.default\">\n\t\t\t\t<div class=\"elementor-widget-container\">\n\t\t\t<style>\/*! elementor - v3.20.0 - 10-04-2024 *\/\n.elementor-widget-image-box .elementor-image-box-content{width:100%}@media (min-width:768px){.elementor-widget-image-box.elementor-position-left .elementor-image-box-wrapper,.elementor-widget-image-box.elementor-position-right .elementor-image-box-wrapper{display:flex}.elementor-widget-image-box.elementor-position-right .elementor-image-box-wrapper{text-align:right;flex-direction:row-reverse}.elementor-widget-image-box.elementor-position-left .elementor-image-box-wrapper{text-align:left;flex-direction:row}.elementor-widget-image-box.elementor-position-top .elementor-image-box-img{margin:auto}.elementor-widget-image-box.elementor-vertical-align-top .elementor-image-box-wrapper{align-items:flex-start}.elementor-widget-image-box.elementor-vertical-align-middle .elementor-image-box-wrapper{align-items:center}.elementor-widget-image-box.elementor-vertical-align-bottom .elementor-image-box-wrapper{align-items:flex-end}}@media (max-width:767px){.elementor-widget-image-box .elementor-image-box-img{margin-left:auto!important;margin-right:auto!important;margin-bottom:15px}}.elementor-widget-image-box .elementor-image-box-img{display:inline-block}.elementor-widget-image-box .elementor-image-box-title a{color:inherit}.elementor-widget-image-box .elementor-image-box-wrapper{text-align:center}.elementor-widget-image-box .elementor-image-box-description{margin:0}<\/style><div class=\"elementor-image-box-wrapper\"><figure class=\"elementor-image-box-img\"><img decoding=\"async\" width=\"123\" height=\"49\" src=\"https:\/\/okechamp.pl\/wp-content\/uploads\/2022\/03\/whoweare_icon_1-1.png\" class=\"attachment-full size-full wp-image-555\" alt=\"\" \/><\/figure><div class=\"elementor-image-box-content\"><p class=\"elementor-image-box-description\">productie van substraat en dekaarde in Polen<\/p><\/div><\/div>\t\t<\/div>\n\t\t\t\t<\/div>\n\t\t\t\t<div class=\"elementor-element elementor-element-eedc354 elementor-position-left elementor-vertical-align-top exad-sticky-section-no exad-glass-effect-no elementor-widget elementor-widget-image-box\" data-id=\"eedc354\" data-element_type=\"widget\" data-widget_type=\"image-box.default\">\n\t\t\t\t<div class=\"elementor-widget-container\">\n\t\t\t<div class=\"elementor-image-box-wrapper\"><figure class=\"elementor-image-box-img\"><img loading=\"lazy\" decoding=\"async\" width=\"49\" height=\"54\" src=\"https:\/\/okechamp.pl\/wp-content\/uploads\/2022\/03\/whoweare_icon_2-1.png\" class=\"attachment-full size-full wp-image-556\" alt=\"\" \/><\/figure><div class=\"elementor-image-box-content\"><p class=\"elementor-image-box-description\">champignonteelt in Polen en champignonverwerking in Polen en Nederland<\/p><\/div><\/div>\t\t<\/div>\n\t\t\t\t<\/div>\n\t\t\t\t<div class=\"elementor-element elementor-element-6443e79 elementor-position-left elementor-vertical-align-top exad-sticky-section-no exad-glass-effect-no elementor-widget elementor-widget-image-box\" data-id=\"6443e79\" data-element_type=\"widget\" data-widget_type=\"image-box.default\">\n\t\t\t\t<div class=\"elementor-widget-container\">\n\t\t\t<div class=\"elementor-image-box-wrapper\"><figure class=\"elementor-image-box-img\"><img loading=\"lazy\" decoding=\"async\" width=\"71\" height=\"71\" src=\"https:\/\/okechamp.pl\/wp-content\/uploads\/2022\/03\/whoweare_icon_3.png\" class=\"attachment-full size-full wp-image-552\" alt=\"\" \/><\/figure><div class=\"elementor-image-box-content\"><p class=\"elementor-image-box-description\">logistiek en verkoop van champignon <\/p><\/div><\/div>\t\t<\/div>\n\t\t\t\t<\/div>\n\t\t\t\t\t<\/div>\n\t\t<\/div>\n\t\t\t\t\t<\/div>\n\t\t<\/section>\n\t\t\t\t<section data-particle_enable=\"false\" data-particle-mobile-disabled=\"false\" class=\"elementor-section elementor-top-section elementor-element elementor-element-384bf9a elementor-section-boxed elementor-section-height-default elementor-section-height-default exad-glass-effect-no exad-sticky-section-no\" data-id=\"384bf9a\" data-element_type=\"section\" data-settings=\"{&quot;jet_parallax_layout_list&quot;:[]}\">\n\t\t\t\t\t\t<div class=\"elementor-container elementor-column-gap-default\">\n\t\t\t\t\t<div class=\"elementor-column elementor-col-50 elementor-top-column elementor-element elementor-element-c540748 exad-glass-effect-no exad-sticky-section-no\" data-id=\"c540748\" data-element_type=\"column\">\n\t\t\t<div class=\"elementor-widget-wrap elementor-element-populated\">\n\t\t\t\t\t\t<div class=\"elementor-element elementor-element-8671cd4 exad-sticky-section-no exad-glass-effect-no elementor-widget elementor-widget-image\" data-id=\"8671cd4\" data-element_type=\"widget\" data-widget_type=\"image.default\">\n\t\t\t\t<div class=\"elementor-widget-container\">\n\t\t\t\t\t\t\t\t\t\t\t\t\t<img loading=\"lazy\" decoding=\"async\" width=\"440\" height=\"768\" src=\"https:\/\/2022.okechamp.pl\/wp-content\/uploads\/2022\/03\/who_nl.png\" class=\"attachment-large size-large wp-image-560\" alt=\"\" srcset=\"\" sizes=\"(max-width: 440px) 100vw, 440px\" data-srcset=\"\" \/>\t\t\t\t\t\t\t\t\t\t\t\t\t<\/div>\n\t\t\t\t<\/div>\n\t\t\t\t\t<\/div>\n\t\t<\/div>\n\t\t\t\t<div class=\"elementor-column elementor-col-50 elementor-top-column elementor-element elementor-element-4256277 exad-glass-effect-no exad-sticky-section-no\" data-id=\"4256277\" data-element_type=\"column\">\n\t\t\t<div class=\"elementor-widget-wrap elementor-element-populated\">\n\t\t\t\t\t\t<div class=\"elementor-element elementor-element-5eff848 exad-sticky-section-no exad-glass-effect-no elementor-widget elementor-widget-heading\" data-id=\"5eff848\" data-element_type=\"widget\" data-widget_type=\"heading.default\">\n\t\t\t\t<div class=\"elementor-widget-container\">\n\t\t\t<h2 class=\"elementor-heading-title elementor-size-default\">Unieke  <br>\n<span>\u0142a\u0144cuch<\/span> <br>\nproductieketen<\/h2>\t\t<\/div>\n\t\t\t\t<\/div>\n\t\t\t\t\t<\/div>\n\t\t<\/div>\n\t\t\t\t\t<\/div>\n\t\t<\/section>\n\t\t\t\t<\/div>","protected":false},"excerpt":{"rendered":"<p>De OKECHAMP Group is een groep bedrijven samen \u00e9\u00e9n van de leiders zijn in de sector van champignonproductie en -verwerking op de Europese en wereldwijde markt. Onze hoge kwaliteits- en operationele normen stellen ons in staat om onze producten aan klanten over de hele wereld te leveren. De groeiende export en hoge erkenning van onze competenties bij veeleisende klanten in het buitenland is \u00e9\u00e9n van de factoren van ons gemeenschappelijk succes.<\/p>","protected":false},"author":1,"featured_media":0,"parent":0,"menu_order":0,"comment_status":"closed","ping_status":"closed","template":"elementor_header_footer","meta":{"footnotes":""},"class_list":["post-330","page","type-page","status-publish","hentry","entry"],"yoast_head":"<!-- This site is optimized with the Yoast SEO plugin v23.4 - https:\/\/yoast.com\/wordpress\/plugins\/seo\/ -->\n<title>Kim jeste\u015bmy - Okechamp Group<\/title>\n<meta name=\"robots\" content=\"index, follow, max-snippet:-1, max-image-preview:large, max-video-preview:-1\" \/>\n<link rel=\"canonical\" href=\"https:\/\/okechamp.pl\/nl\/kim-jestesmy\/\" \/>\n<meta property=\"og:locale\" content=\"nl_NL\" \/>\n<meta property=\"og:type\" content=\"article\" \/>\n<meta property=\"og:title\" content=\"Kim jeste\u015bmy - Okechamp Group\" \/>\n<meta property=\"og:description\" content=\"O nas OKECHAMP Group jest grup\u0105 firm, kt\u00f3re razem s\u0105 jednym z lider\u00f3w produkcji i przetw\u00f3rstwa pieczarek w Polsce i Europie. Nasza jako\u015b\u0107 oraz standardy pracy pozwalaj\u0105 na dostarczanie naszych produkt\u00f3w do Klient\u00f3w na ca\u0142ym \u015bwiecie. Rosn\u0105cy eksport i wysokie uznanie naszych kompetencji w\u015br\u00f3d wymagaj\u0105cych Klient\u00f3w zagranicznych to jeden z czynnik\u00f3w sukcesu, jaki wsp\u00f3lnie osi\u0105gn\u0119li\u015bmy. [&hellip;]\" \/>\n<meta property=\"og:url\" content=\"https:\/\/okechamp.pl\/nl\/kim-jestesmy\/\" \/>\n<meta property=\"og:site_name\" content=\"Okechamp Group\" \/>\n<meta property=\"article:modified_time\" content=\"2023-11-16T07:53:11+00:00\" \/>\n<meta property=\"og:image\" content=\"https:\/\/okechamp.pl\/wp-content\/uploads\/2022\/03\/whoweare_1.png\" \/>\n<meta name=\"twitter:card\" content=\"summary_large_image\" \/>\n<meta name=\"twitter:label1\" content=\"Geschatte leestijd\" \/>\n\t<meta name=\"twitter:data1\" content=\"3 minuten\" \/>\n<script type=\"application\/ld+json\" class=\"yoast-schema-graph\">{\"@context\":\"https:\/\/schema.org\",\"@graph\":[{\"@type\":\"WebPage\",\"@id\":\"https:\/\/okechamp.pl\/kim-jestesmy\/\",\"url\":\"https:\/\/okechamp.pl\/kim-jestesmy\/\",\"name\":\"Kim jeste\u015bmy - Okechamp Group\",\"isPartOf\":{\"@id\":\"https:\/\/okechamp.pl\/#website\"},\"primaryImageOfPage\":{\"@id\":\"https:\/\/okechamp.pl\/kim-jestesmy\/#primaryimage\"},\"image\":{\"@id\":\"https:\/\/okechamp.pl\/kim-jestesmy\/#primaryimage\"},\"thumbnailUrl\":\"https:\/\/okechamp.pl\/wp-content\/uploads\/2022\/03\/whoweare_1.png\",\"datePublished\":\"2022-03-01T09:35:12+00:00\",\"dateModified\":\"2023-11-16T07:53:11+00:00\",\"breadcrumb\":{\"@id\":\"https:\/\/okechamp.pl\/kim-jestesmy\/#breadcrumb\"},\"inLanguage\":\"nl-NL\",\"potentialAction\":[{\"@type\":\"ReadAction\",\"target\":[\"https:\/\/okechamp.pl\/kim-jestesmy\/\"]}]},{\"@type\":\"ImageObject\",\"inLanguage\":\"nl-NL\",\"@id\":\"https:\/\/okechamp.pl\/kim-jestesmy\/#primaryimage\",\"url\":\"https:\/\/okechamp.pl\/wp-content\/uploads\/2022\/03\/whoweare_1.png\",\"contentUrl\":\"https:\/\/okechamp.pl\/wp-content\/uploads\/2022\/03\/whoweare_1.png\"},{\"@type\":\"BreadcrumbList\",\"@id\":\"https:\/\/okechamp.pl\/kim-jestesmy\/#breadcrumb\",\"itemListElement\":[{\"@type\":\"ListItem\",\"position\":1,\"name\":\"Strona g\u0142\u00f3wna\",\"item\":\"https:\/\/okechamp.pl\/\"},{\"@type\":\"ListItem\",\"position\":2,\"name\":\"Kim jeste\u015bmy\"}]},{\"@type\":\"WebSite\",\"@id\":\"https:\/\/okechamp.pl\/#website\",\"url\":\"https:\/\/okechamp.pl\/\",\"name\":\"Okechamp Group\",\"description\":\"producent pieczarek\",\"publisher\":{\"@id\":\"https:\/\/okechamp.pl\/#organization\"},\"potentialAction\":[{\"@type\":\"SearchAction\",\"target\":{\"@type\":\"EntryPoint\",\"urlTemplate\":\"https:\/\/okechamp.pl\/?s={search_term_string}\"},\"query-input\":{\"@type\":\"PropertyValueSpecification\",\"valueRequired\":true,\"valueName\":\"search_term_string\"}}],\"inLanguage\":\"nl-NL\"},{\"@type\":\"Organization\",\"@id\":\"https:\/\/okechamp.pl\/#organization\",\"name\":\"Okechamp Group\",\"url\":\"https:\/\/okechamp.pl\/\",\"logo\":{\"@type\":\"ImageObject\",\"inLanguage\":\"nl-NL\",\"@id\":\"https:\/\/okechamp.pl\/#\/schema\/logo\/image\/\",\"url\":\"https:\/\/okechamp.pl\/wp-content\/uploads\/2022\/02\/logo_okechamp.png\",\"contentUrl\":\"https:\/\/okechamp.pl\/wp-content\/uploads\/2022\/02\/logo_okechamp.png\",\"width\":110,\"height\":66,\"caption\":\"Okechamp Group\"},\"image\":{\"@id\":\"https:\/\/okechamp.pl\/#\/schema\/logo\/image\/\"}}]}<\/script>\n<!-- \/ Yoast SEO plugin. -->","yoast_head_json":{"title":"Kim jeste\u015bmy - Okechamp Group","robots":{"index":"index","follow":"follow","max-snippet":"max-snippet:-1","max-image-preview":"max-image-preview:large","max-video-preview":"max-video-preview:-1"},"canonical":"https:\/\/okechamp.pl\/nl\/kim-jestesmy\/","og_locale":"nl_NL","og_type":"article","og_title":"Kim jeste\u015bmy - Okechamp Group","og_description":"O nas OKECHAMP Group jest grup\u0105 firm, kt\u00f3re razem s\u0105 jednym z lider\u00f3w produkcji i przetw\u00f3rstwa pieczarek w Polsce i Europie. Nasza jako\u015b\u0107 oraz standardy pracy pozwalaj\u0105 na dostarczanie naszych produkt\u00f3w do Klient\u00f3w na ca\u0142ym \u015bwiecie. Rosn\u0105cy eksport i wysokie uznanie naszych kompetencji w\u015br\u00f3d wymagaj\u0105cych Klient\u00f3w zagranicznych to jeden z czynnik\u00f3w sukcesu, jaki wsp\u00f3lnie osi\u0105gn\u0119li\u015bmy. [&hellip;]","og_url":"https:\/\/okechamp.pl\/nl\/kim-jestesmy\/","og_site_name":"Okechamp Group","article_modified_time":"2023-11-16T07:53:11+00:00","og_image":[{"url":"https:\/\/okechamp.pl\/wp-content\/uploads\/2022\/03\/whoweare_1.png"}],"twitter_card":"summary_large_image","twitter_misc":{"Geschatte leestijd":"3 minuten"},"schema":{"@context":"https:\/\/schema.org","@graph":[{"@type":"WebPage","@id":"https:\/\/okechamp.pl\/kim-jestesmy\/","url":"https:\/\/okechamp.pl\/kim-jestesmy\/","name":"Kim jeste\u015bmy - Okechamp Group","isPartOf":{"@id":"https:\/\/okechamp.pl\/#website"},"primaryImageOfPage":{"@id":"https:\/\/okechamp.pl\/kim-jestesmy\/#primaryimage"},"image":{"@id":"https:\/\/okechamp.pl\/kim-jestesmy\/#primaryimage"},"thumbnailUrl":"https:\/\/okechamp.pl\/wp-content\/uploads\/2022\/03\/whoweare_1.png","datePublished":"2022-03-01T09:35:12+00:00","dateModified":"2023-11-16T07:53:11+00:00","breadcrumb":{"@id":"https:\/\/okechamp.pl\/kim-jestesmy\/#breadcrumb"},"inLanguage":"nl-NL","potentialAction":[{"@type":"ReadAction","target":["https:\/\/okechamp.pl\/kim-jestesmy\/"]}]},{"@type":"ImageObject","inLanguage":"nl-NL","@id":"https:\/\/okechamp.pl\/kim-jestesmy\/#primaryimage","url":"https:\/\/okechamp.pl\/wp-content\/uploads\/2022\/03\/whoweare_1.png","contentUrl":"https:\/\/okechamp.pl\/wp-content\/uploads\/2022\/03\/whoweare_1.png"},{"@type":"BreadcrumbList","@id":"https:\/\/okechamp.pl\/kim-jestesmy\/#breadcrumb","itemListElement":[{"@type":"ListItem","position":1,"name":"Strona g\u0142\u00f3wna","item":"https:\/\/okechamp.pl\/"},{"@type":"ListItem","position":2,"name":"Kim jeste\u015bmy"}]},{"@type":"WebSite","@id":"https:\/\/okechamp.pl\/#website","url":"https:\/\/okechamp.pl\/","name":"Okechamp Group","description":"producent pieczarek","publisher":{"@id":"https:\/\/okechamp.pl\/#organization"},"potentialAction":[{"@type":"SearchAction","target":{"@type":"EntryPoint","urlTemplate":"https:\/\/okechamp.pl\/?s={search_term_string}"},"query-input":{"@type":"PropertyValueSpecification","valueRequired":true,"valueName":"search_term_string"}}],"inLanguage":"nl-NL"},{"@type":"Organization","@id":"https:\/\/okechamp.pl\/#organization","name":"Okechamp Group","url":"https:\/\/okechamp.pl\/","logo":{"@type":"ImageObject","inLanguage":"nl-NL","@id":"https:\/\/okechamp.pl\/#\/schema\/logo\/image\/","url":"https:\/\/okechamp.pl\/wp-content\/uploads\/2022\/02\/logo_okechamp.png","contentUrl":"https:\/\/okechamp.pl\/wp-content\/uploads\/2022\/02\/logo_okechamp.png","width":110,"height":66,"caption":"Okechamp Group"},"image":{"@id":"https:\/\/okechamp.pl\/#\/schema\/logo\/image\/"}}]}},"_links":{"self":[{"href":"https:\/\/okechamp.pl\/nl\/wp-json\/wp\/v2\/pages\/330","targetHints":{"allow":["GET"]}}],"collection":[{"href":"https:\/\/okechamp.pl\/nl\/wp-json\/wp\/v2\/pages"}],"about":[{"href":"https:\/\/okechamp.pl\/nl\/wp-json\/wp\/v2\/types\/page"}],"author":[{"embeddable":true,"href":"https:\/\/okechamp.pl\/nl\/wp-json\/wp\/v2\/users\/1"}],"replies":[{"embeddable":true,"href":"https:\/\/okechamp.pl\/nl\/wp-json\/wp\/v2\/comments?post=330"}],"version-history":[{"count":43,"href":"https:\/\/okechamp.pl\/nl\/wp-json\/wp\/v2\/pages\/330\/revisions"}],"predecessor-version":[{"id":2158,"href":"https:\/\/okechamp.pl\/nl\/wp-json\/wp\/v2\/pages\/330\/revisions\/2158"}],"wp:attachment":[{"href":"https:\/\/okechamp.pl\/nl\/wp-json\/wp\/v2\/media?parent=330"}],"curies":[{"name":"wp","href":"https:\/\/api.w.org\/{rel}","templated":true}]}}