{"id":3453,"date":"2025-02-26T22:44:55","date_gmt":"2025-02-26T22:44:55","guid":{"rendered":"https:\/\/okechamp.pl\/?page_id=3453"},"modified":"2026-02-16T12:33:27","modified_gmt":"2026-02-16T12:33:27","slug":"ochrona-maloletnich","status":"publish","type":"page","link":"https:\/\/okechamp.pl\/nl\/csr\/ochrona-maloletnich\/","title":{"rendered":"The protection of minors"},"content":{"rendered":"<div data-elementor-type=\"wp-page\" data-elementor-id=\"3453\" class=\"elementor elementor-3453\" data-elementor-post-type=\"page\">\n\t\t\t\t<div class=\"elementor-element elementor-element-916a68d e-flex e-con-boxed e-con e-parent\" data-id=\"916a68d\" data-element_type=\"container\" data-core-v316-plus=\"true\">\n\t\t\t\t\t<div class=\"e-con-inner\">\n\t\t<div class=\"elementor-element elementor-element-16e0e6f e-con-full elementor-hidden-desktop elementor-hidden-tablet e-flex e-con e-child\" data-id=\"16e0e6f\" data-element_type=\"container\">\n\t\t\t\t<div class=\"elementor-element elementor-element-a757199 elementor-widget__width-initial elementor-hidden-desktop elementor-hidden-tablet exad-sticky-section-no exad-glass-effect-no elementor-widget elementor-widget-image\" data-id=\"a757199\" data-element_type=\"widget\" data-widget_type=\"image.default\">\n\t\t\t\t<div class=\"elementor-widget-container\">\n\t\t\t<style>\/*! elementor - v3.20.0 - 10-04-2024 *\/\n.elementor-widget-image{text-align:center}.elementor-widget-image a{display:inline-block}.elementor-widget-image a img[src$=\".svg\"]{width:48px}.elementor-widget-image img{vertical-align:middle;display:inline-block}<\/style>\t\t\t\t\t\t\t\t\t\t<img fetchpriority=\"high\" decoding=\"async\" width=\"244\" height=\"245\" src=\"https:\/\/okechamp.pl\/wp-content\/uploads\/2025\/03\/ochrona_maloletnich.png\" class=\"attachment-large size-large wp-image-3500\" alt=\"\" srcset=\"https:\/\/okechamp.pl\/wp-content\/uploads\/2025\/03\/ochrona_maloletnich.png 244w, https:\/\/okechamp.pl\/wp-content\/uploads\/2025\/03\/ochrona_maloletnich-150x150.png 150w, https:\/\/okechamp.pl\/wp-content\/uploads\/2025\/03\/ochrona_maloletnich-12x12.png 12w\" sizes=\"(max-width: 244px) 100vw, 244px\" \/>\t\t\t\t\t\t\t\t\t\t\t\t\t<\/div>\n\t\t\t\t<\/div>\n\t\t\t\t<\/div>\n\t\t<div class=\"elementor-element elementor-element-5e01f68 e-con-full e-flex e-con e-child\" data-id=\"5e01f68\" data-element_type=\"container\">\n\t\t\t\t<div class=\"elementor-element elementor-element-7fc504a exad-sticky-section-no exad-glass-effect-no elementor-widget elementor-widget-text-editor\" data-id=\"7fc504a\" data-element_type=\"widget\" data-widget_type=\"text-editor.default\">\n\t\t\t\t<div class=\"elementor-widget-container\">\n\t\t\t<style>\/*! elementor - v3.20.0 - 10-04-2024 *\/\n.elementor-widget-text-editor.elementor-drop-cap-view-stacked .elementor-drop-cap{background-color:#69727d;color:#fff}.elementor-widget-text-editor.elementor-drop-cap-view-framed .elementor-drop-cap{color:#69727d;border:3px solid;background-color:transparent}.elementor-widget-text-editor:not(.elementor-drop-cap-view-default) .elementor-drop-cap{margin-top:8px}.elementor-widget-text-editor:not(.elementor-drop-cap-view-default) .elementor-drop-cap-letter{width:1em;height:1em}.elementor-widget-text-editor .elementor-drop-cap{float:left;text-align:center;line-height:1;font-size:50px}.elementor-widget-text-editor .elementor-drop-cap-letter{display:inline-block}<\/style>\t\t\t\t<p>In order to ensure the safety and comfort of the youngest people working at OKECHAMP S.A. w restrukturyzacji, Poland our company has introduced<\/p>\t\t\t\t\t\t<\/div>\n\t\t\t\t<\/div>\n\t\t\t\t<div class=\"elementor-element elementor-element-abbc354 exad-sticky-section-no exad-glass-effect-no elementor-widget elementor-widget-heading\" data-id=\"abbc354\" data-element_type=\"widget\" data-widget_type=\"heading.default\">\n\t\t\t\t<div class=\"elementor-widget-container\">\n\t\t\t<style>\/*! elementor - v3.20.0 - 10-04-2024 *\/\n.elementor-heading-title{padding:0;margin:0;line-height:1}.elementor-widget-heading .elementor-heading-title[class*=elementor-size-]>a{color:inherit;font-size:inherit;line-height:inherit}.elementor-widget-heading .elementor-heading-title.elementor-size-small{font-size:15px}.elementor-widget-heading .elementor-heading-title.elementor-size-medium{font-size:19px}.elementor-widget-heading .elementor-heading-title.elementor-size-large{font-size:29px}.elementor-widget-heading .elementor-heading-title.elementor-size-xl{font-size:39px}.elementor-widget-heading .elementor-heading-title.elementor-size-xxl{font-size:59px}<\/style><h2 class=\"elementor-heading-title elementor-size-default\">Standards for the Protection of Minors<\/h2>\t\t<\/div>\n\t\t\t\t<\/div>\n\t\t\t\t<div class=\"elementor-element elementor-element-718c434 exad-sticky-section-no exad-glass-effect-no elementor-widget elementor-widget-text-editor\" data-id=\"718c434\" data-element_type=\"widget\" data-widget_type=\"text-editor.default\">\n\t\t\t\t<div class=\"elementor-widget-container\">\n\t\t\t\t\t\t\t<p data-pm-slice=\"1 1 []\" class=\" translation-block\">It is a set of rules intended to provide protection and support for minors.<\/p><p data-ccp-props=\"{&quot;335551550&quot;:1,&quot;335551620&quot;:1,&quot;335559683&quot;:1,&quot;335559685&quot;:272,&quot;335559731&quot;:0,&quot;335559737&quot;:0,&quot;335562764&quot;:2,&quot;335562765&quot;:1.5,&quot;335562766&quot;:4,&quot;335562767&quot;:0,&quot;335562768&quot;:4,&quot;335562769&quot;:0}\"><b><span data-scheme-color=\"@000000,,\" data-usefontface=\"true\" data-contrast=\"none\">If you are a minor and you are struggling with a problem<\/span><\/b><span data-scheme-color=\"@000000,,\" data-usefontface=\"true\" data-contrast=\"none\">, you can: <\/span>\u200b<\/p><ul style=\"font-weight: 400;\"><li data-charcodes=\"8226\" data-font=\"Arial,Sans-Serif\" data-buautonum=\"8\" data-margin=\"752\" data-aria-posinset=\"1\" data-aria-level=\"2\" class=\" translation-block\">ask for support and a conversation with the Coordinator for the Protection of Minors \u2013 Monika Welc-Waszkowiak\u200b<\/li><li data-charcodes=\"8226\" data-font=\"Arial,Sans-Serif\" data-buautonum=\"8\" data-margin=\"752\" data-aria-posinset=\"2\" data-aria-level=\"2\" class=\" translation-block\">send a report to <b style=\"text-decoration: underline\">ochronamaloletnich@okechamp.eu<\/b><\/li><li data-charcodes=\"8226\" data-font=\"Arial,Sans-Serif\" data-buautonum=\"8\" data-margin=\"722\" data-aria-posinset=\"3\" data-aria-level=\"2\"><span data-scheme-color=\"@000000,,\" data-usefontface=\"true\" data-contrast=\"none\">or call one of the following numbers:<\/span><br \/><ul style=\"font-weight: 400;\"><li data-charcodes=\"8226\" data-font=\"Arial,Sans-Serif\" data-buautonum=\"8\" data-margin=\"722\" data-aria-posinset=\"3\" data-aria-level=\"2\">\u200b<strong><span style=\"color: #00ccff;\">+48 116 111 \u2013 Helpline for children and young people<\/span><\/strong><\/li><li data-charcodes=\"8226\" data-font=\"Arial,Sans-Serif\" data-buautonum=\"8\" data-margin=\"722\" data-aria-posinset=\"3\" data-aria-level=\"2\"><strong><span style=\"color: #00ccff;\">+48 800 121 212 \u2013 Children's helpline, run by the Ombudsman for Children\u200b<\/span><\/strong><\/li><\/ul><\/li><\/ul><p data-ccp-props=\"{&quot;335551550&quot;:1,&quot;335551620&quot;:1,&quot;335559683&quot;:1,&quot;335559685&quot;:272,&quot;335559731&quot;:0,&quot;335559737&quot;:0,&quot;335562764&quot;:2,&quot;335562765&quot;:1.5,&quot;335562766&quot;:4,&quot;335562767&quot;:0,&quot;335562768&quot;:4,&quot;335562769&quot;:16}\" class=\" translation-block\">The people who work there will give you many useful tips and help you solve your problems.<\/p><p data-ccp-props=\"{&quot;335551550&quot;:1,&quot;335551620&quot;:1,&quot;335559683&quot;:1,&quot;335559685&quot;:272,&quot;335559731&quot;:0,&quot;335559737&quot;:0,&quot;335562764&quot;:4,&quot;335562765&quot;:26.67,&quot;335562766&quot;:4,&quot;335562767&quot;:0,&quot;335562768&quot;:4,&quot;335562769&quot;:0}\" class=\" translation-block\"><span style=\"color: #ff0000\"><b>If you are concerned about your health or life, call the Police on the emergency number: 112.<\/b><\/span>\u200b<\/p>\t\t\t\t\t\t<\/div>\n\t\t\t\t<\/div>\n\t\t<div class=\"elementor-element elementor-element-68d3aee e-flex e-con-boxed e-con e-child\" data-id=\"68d3aee\" data-element_type=\"container\">\n\t\t\t\t\t<div class=\"e-con-inner\">\n\t\t\t\t<div class=\"elementor-element elementor-element-7fbe6d4 elementor-position-left elementor-vertical-align-middle elementor-widget__width-initial elementor-widget-mobile__width-inherit elementor-view-default elementor-mobile-position-top exad-sticky-section-no exad-glass-effect-no elementor-widget elementor-widget-icon-box\" data-id=\"7fbe6d4\" data-element_type=\"widget\" data-no-translation=\"\" data-widget_type=\"icon-box.default\">\n\t\t\t\t<div class=\"elementor-widget-container\">\n\t\t\t<link rel=\"stylesheet\" href=\"https:\/\/okechamp.pl\/wp-content\/plugins\/elementor\/assets\/css\/widget-icon-box.min.css\"><style>.elementor-element-7fbe6d4{display:none !important}<\/style>\t\t<\/div>\n\t\t\t\t<\/div>\n\t\t\t\t<div class=\"elementor-element elementor-element-0697a7f elementor-position-left elementor-vertical-align-middle elementor-widget__width-initial elementor-widget-mobile__width-inherit elementor-view-default elementor-mobile-position-top exad-sticky-section-no exad-glass-effect-no elementor-widget elementor-widget-icon-box\" data-id=\"0697a7f\" data-element_type=\"widget\" data-no-translation=\"\" data-widget_type=\"icon-box.default\">\n\t\t\t\t<div class=\"elementor-widget-container\">\n\t\t\t<style>.elementor-element-0697a7f{display:none !important}<\/style>\t\t<\/div>\n\t\t\t\t<\/div>\n\t\t\t\t<div class=\"elementor-element elementor-element-f4624c6 elementor-position-left elementor-vertical-align-middle elementor-widget__width-initial elementor-widget-mobile__width-inherit elementor-view-default elementor-mobile-position-top exad-sticky-section-no exad-glass-effect-no elementor-widget elementor-widget-icon-box\" data-id=\"f4624c6\" data-element_type=\"widget\" data-no-translation=\"\" data-widget_type=\"icon-box.default\">\n\t\t\t\t<div class=\"elementor-widget-container\">\n\t\t\t\t\t<div class=\"elementor-icon-box-wrapper\">\n\t\t\t\t\t\t<div class=\"elementor-icon-box-icon\">\n\t\t\t\t<a href=\"https:\/\/okechamp.pl\/wp-content\/uploads\/2025\/02\/STANDARDS-FOR-THE-PROTECTION-OF-MINORS-AT-OKECHAMP-S.A._23.12.2024_EN.pdf\" target=\"_blank\" class=\"elementor-icon elementor-animation-\" tabindex=\"-1\">\n\t\t\t\t<i aria-hidden=\"true\" class=\"teenyicon ti-pdf\"><\/i>\t\t\t\t<\/a>\n\t\t\t<\/div>\n\t\t\t\t\t\t<div class=\"elementor-icon-box-content\">\n\t\t\t\t<h3 class=\"elementor-icon-box-title\">\n\t\t\t\t\t<a href=\"https:\/\/okechamp.pl\/wp-content\/uploads\/2025\/02\/STANDARDS-FOR-THE-PROTECTION-OF-MINORS-AT-OKECHAMP-S.A._23.12.2024_EN.pdf\" target=\"_blank\" >\n\t\t\t\t\t\t The full version of the document\t\t\t\t\t<\/a>\n\t\t\t\t<\/h3>\n\t\t\t\t\t\t\t<\/div>\n\t\t<\/div>\n\t\t\t\t<\/div>\n\t\t\t\t<\/div>\n\t\t\t\t\t<\/div>\n\t\t\t\t<\/div>\n\t\t\t\t<\/div>\n\t\t<div class=\"elementor-element elementor-element-64c47b5 e-con-full elementor-hidden-mobile e-flex e-con e-child\" data-id=\"64c47b5\" data-element_type=\"container\">\n\t\t\t\t<div class=\"elementor-element elementor-element-1e17c7a elementor-widget__width-initial exad-sticky-section-no exad-glass-effect-no elementor-widget elementor-widget-image\" data-id=\"1e17c7a\" data-element_type=\"widget\" data-widget_type=\"image.default\">\n\t\t\t\t<div class=\"elementor-widget-container\">\n\t\t\t\t\t\t\t\t\t\t\t\t\t<img decoding=\"async\" width=\"976\" height=\"980\" src=\"https:\/\/okechamp.pl\/wp-content\/uploads\/2025\/03\/unnamed-1.png\" class=\"attachment-full size-full wp-image-3539\" alt=\"\" srcset=\"https:\/\/okechamp.pl\/wp-content\/uploads\/2025\/03\/unnamed-1.png 976w, https:\/\/okechamp.pl\/wp-content\/uploads\/2025\/03\/unnamed-1-300x300.png 300w, https:\/\/okechamp.pl\/wp-content\/uploads\/2025\/03\/unnamed-1-150x150.png 150w, https:\/\/okechamp.pl\/wp-content\/uploads\/2025\/03\/unnamed-1-768x771.png 768w, https:\/\/okechamp.pl\/wp-content\/uploads\/2025\/03\/unnamed-1-12x12.png 12w\" sizes=\"(max-width: 976px) 100vw, 976px\" \/>\t\t\t\t\t\t\t\t\t\t\t\t\t<\/div>\n\t\t\t\t<\/div>\n\t\t\t\t<\/div>\n\t\t\t\t\t<\/div>\n\t\t\t\t<\/div>\n\t\t\t\t<\/div>","protected":false},"excerpt":{"rendered":"<p>W trosce o bezpiecze\u0144stwo i komfort najm\u0142odszych os\u00f3b wykonuj\u0105cych prac\u0119 w OKECHAMP S.A. w restrukturyzacji, wprowadzone zosta\u0142y w naszej Firmie Standardy Ochrony Ma\u0142oletnich Jest to zbi\u00f3r zasad, kt\u00f3re maj\u0105 zapewni\u0107 ochron\u0119 i wsparcie dla ma\u0142oletnich. Je\u015bli jeste\u015b Ma\u0142oletnim i zmagasz si\u0119 z problemem, mo\u017cesz \u200b poprosi\u0107 o wsparcie i rozmow\u0119 Koordynatora ds. ochrony ma\u0142oletnich \u2013 [&hellip;]<\/p>","protected":false},"author":3,"featured_media":0,"parent":346,"menu_order":0,"comment_status":"closed","ping_status":"closed","template":"","meta":{"footnotes":""},"class_list":["post-3453","page","type-page","status-publish","hentry","entry"],"yoast_head":"<!-- This site is optimized with the Yoast SEO plugin v23.4 - https:\/\/yoast.com\/wordpress\/plugins\/seo\/ -->\n<title>Ochrona Ma\u0142oletnich - Okechamp Group<\/title>\n<meta name=\"robots\" content=\"index, follow, max-snippet:-1, max-image-preview:large, max-video-preview:-1\" \/>\n<link rel=\"canonical\" href=\"https:\/\/okechamp.pl\/nl\/csr\/ochrona-maloletnich\/\" \/>\n<meta property=\"og:locale\" content=\"nl_NL\" \/>\n<meta property=\"og:type\" content=\"article\" \/>\n<meta property=\"og:title\" content=\"Ochrona Ma\u0142oletnich - Okechamp Group\" \/>\n<meta property=\"og:description\" content=\"W trosce o bezpiecze\u0144stwo i komfort najm\u0142odszych os\u00f3b wykonuj\u0105cych prac\u0119 w OKECHAMP S.A. w restrukturyzacji, wprowadzone zosta\u0142y w naszej Firmie Standardy Ochrony Ma\u0142oletnich Jest to zbi\u00f3r zasad, kt\u00f3re maj\u0105 zapewni\u0107 ochron\u0119 i wsparcie dla ma\u0142oletnich. Je\u015bli jeste\u015b Ma\u0142oletnim i zmagasz si\u0119 z problemem, mo\u017cesz \u200b poprosi\u0107 o wsparcie i rozmow\u0119 Koordynatora ds. ochrony ma\u0142oletnich \u2013 [&hellip;]\" \/>\n<meta property=\"og:url\" content=\"https:\/\/okechamp.pl\/nl\/csr\/ochrona-maloletnich\/\" \/>\n<meta property=\"og:site_name\" content=\"Okechamp Group\" \/>\n<meta property=\"article:modified_time\" content=\"2026-02-16T12:33:27+00:00\" \/>\n<meta property=\"og:image\" content=\"https:\/\/okechamp.pl\/wp-content\/uploads\/2025\/03\/ochrona_maloletnich.png\" \/>\n<meta name=\"twitter:card\" content=\"summary_large_image\" \/>\n<meta name=\"twitter:label1\" content=\"Geschatte leestijd\" \/>\n\t<meta name=\"twitter:data1\" content=\"2 minuten\" \/>\n<script type=\"application\/ld+json\" class=\"yoast-schema-graph\">{\"@context\":\"https:\/\/schema.org\",\"@graph\":[{\"@type\":\"WebPage\",\"@id\":\"https:\/\/okechamp.pl\/csr\/ochrona-maloletnich\/\",\"url\":\"https:\/\/okechamp.pl\/csr\/ochrona-maloletnich\/\",\"name\":\"Ochrona Ma\u0142oletnich - Okechamp Group\",\"isPartOf\":{\"@id\":\"https:\/\/okechamp.pl\/#website\"},\"primaryImageOfPage\":{\"@id\":\"https:\/\/okechamp.pl\/csr\/ochrona-maloletnich\/#primaryimage\"},\"image\":{\"@id\":\"https:\/\/okechamp.pl\/csr\/ochrona-maloletnich\/#primaryimage\"},\"thumbnailUrl\":\"https:\/\/okechamp.pl\/wp-content\/uploads\/2025\/03\/ochrona_maloletnich.png\",\"datePublished\":\"2025-02-26T22:44:55+00:00\",\"dateModified\":\"2026-02-16T12:33:27+00:00\",\"breadcrumb\":{\"@id\":\"https:\/\/okechamp.pl\/csr\/ochrona-maloletnich\/#breadcrumb\"},\"inLanguage\":\"nl-NL\",\"potentialAction\":[{\"@type\":\"ReadAction\",\"target\":[\"https:\/\/okechamp.pl\/csr\/ochrona-maloletnich\/\"]}]},{\"@type\":\"ImageObject\",\"inLanguage\":\"nl-NL\",\"@id\":\"https:\/\/okechamp.pl\/csr\/ochrona-maloletnich\/#primaryimage\",\"url\":\"https:\/\/okechamp.pl\/wp-content\/uploads\/2025\/03\/ochrona_maloletnich.png\",\"contentUrl\":\"https:\/\/okechamp.pl\/wp-content\/uploads\/2025\/03\/ochrona_maloletnich.png\"},{\"@type\":\"BreadcrumbList\",\"@id\":\"https:\/\/okechamp.pl\/csr\/ochrona-maloletnich\/#breadcrumb\",\"itemListElement\":[{\"@type\":\"ListItem\",\"position\":1,\"name\":\"Strona g\u0142\u00f3wna\",\"item\":\"https:\/\/okechamp.pl\/\"},{\"@type\":\"ListItem\",\"position\":2,\"name\":\"CSR\",\"item\":\"https:\/\/okechamp.pl\/csr\/\"},{\"@type\":\"ListItem\",\"position\":3,\"name\":\"Ochrona Ma\u0142oletnich\"}]},{\"@type\":\"WebSite\",\"@id\":\"https:\/\/okechamp.pl\/#website\",\"url\":\"https:\/\/okechamp.pl\/\",\"name\":\"Okechamp Group\",\"description\":\"producent pieczarek\",\"publisher\":{\"@id\":\"https:\/\/okechamp.pl\/#organization\"},\"potentialAction\":[{\"@type\":\"SearchAction\",\"target\":{\"@type\":\"EntryPoint\",\"urlTemplate\":\"https:\/\/okechamp.pl\/?s={search_term_string}\"},\"query-input\":{\"@type\":\"PropertyValueSpecification\",\"valueRequired\":true,\"valueName\":\"search_term_string\"}}],\"inLanguage\":\"nl-NL\"},{\"@type\":\"Organization\",\"@id\":\"https:\/\/okechamp.pl\/#organization\",\"name\":\"Okechamp Group\",\"url\":\"https:\/\/okechamp.pl\/\",\"logo\":{\"@type\":\"ImageObject\",\"inLanguage\":\"nl-NL\",\"@id\":\"https:\/\/okechamp.pl\/#\/schema\/logo\/image\/\",\"url\":\"https:\/\/okechamp.pl\/wp-content\/uploads\/2022\/02\/logo_okechamp.png\",\"contentUrl\":\"https:\/\/okechamp.pl\/wp-content\/uploads\/2022\/02\/logo_okechamp.png\",\"width\":110,\"height\":66,\"caption\":\"Okechamp Group\"},\"image\":{\"@id\":\"https:\/\/okechamp.pl\/#\/schema\/logo\/image\/\"}}]}<\/script>\n<!-- \/ Yoast SEO plugin. -->","yoast_head_json":{"title":"Ochrona Ma\u0142oletnich - Okechamp Group","robots":{"index":"index","follow":"follow","max-snippet":"max-snippet:-1","max-image-preview":"max-image-preview:large","max-video-preview":"max-video-preview:-1"},"canonical":"https:\/\/okechamp.pl\/nl\/csr\/ochrona-maloletnich\/","og_locale":"nl_NL","og_type":"article","og_title":"Ochrona Ma\u0142oletnich - Okechamp Group","og_description":"W trosce o bezpiecze\u0144stwo i komfort najm\u0142odszych os\u00f3b wykonuj\u0105cych prac\u0119 w OKECHAMP S.A. w restrukturyzacji, wprowadzone zosta\u0142y w naszej Firmie Standardy Ochrony Ma\u0142oletnich Jest to zbi\u00f3r zasad, kt\u00f3re maj\u0105 zapewni\u0107 ochron\u0119 i wsparcie dla ma\u0142oletnich. Je\u015bli jeste\u015b Ma\u0142oletnim i zmagasz si\u0119 z problemem, mo\u017cesz \u200b poprosi\u0107 o wsparcie i rozmow\u0119 Koordynatora ds. ochrony ma\u0142oletnich \u2013 [&hellip;]","og_url":"https:\/\/okechamp.pl\/nl\/csr\/ochrona-maloletnich\/","og_site_name":"Okechamp Group","article_modified_time":"2026-02-16T12:33:27+00:00","og_image":[{"url":"https:\/\/okechamp.pl\/wp-content\/uploads\/2025\/03\/ochrona_maloletnich.png"}],"twitter_card":"summary_large_image","twitter_misc":{"Geschatte leestijd":"2 minuten"},"schema":{"@context":"https:\/\/schema.org","@graph":[{"@type":"WebPage","@id":"https:\/\/okechamp.pl\/csr\/ochrona-maloletnich\/","url":"https:\/\/okechamp.pl\/csr\/ochrona-maloletnich\/","name":"Ochrona Ma\u0142oletnich - Okechamp Group","isPartOf":{"@id":"https:\/\/okechamp.pl\/#website"},"primaryImageOfPage":{"@id":"https:\/\/okechamp.pl\/csr\/ochrona-maloletnich\/#primaryimage"},"image":{"@id":"https:\/\/okechamp.pl\/csr\/ochrona-maloletnich\/#primaryimage"},"thumbnailUrl":"https:\/\/okechamp.pl\/wp-content\/uploads\/2025\/03\/ochrona_maloletnich.png","datePublished":"2025-02-26T22:44:55+00:00","dateModified":"2026-02-16T12:33:27+00:00","breadcrumb":{"@id":"https:\/\/okechamp.pl\/csr\/ochrona-maloletnich\/#breadcrumb"},"inLanguage":"nl-NL","potentialAction":[{"@type":"ReadAction","target":["https:\/\/okechamp.pl\/csr\/ochrona-maloletnich\/"]}]},{"@type":"ImageObject","inLanguage":"nl-NL","@id":"https:\/\/okechamp.pl\/csr\/ochrona-maloletnich\/#primaryimage","url":"https:\/\/okechamp.pl\/wp-content\/uploads\/2025\/03\/ochrona_maloletnich.png","contentUrl":"https:\/\/okechamp.pl\/wp-content\/uploads\/2025\/03\/ochrona_maloletnich.png"},{"@type":"BreadcrumbList","@id":"https:\/\/okechamp.pl\/csr\/ochrona-maloletnich\/#breadcrumb","itemListElement":[{"@type":"ListItem","position":1,"name":"Strona g\u0142\u00f3wna","item":"https:\/\/okechamp.pl\/"},{"@type":"ListItem","position":2,"name":"CSR","item":"https:\/\/okechamp.pl\/csr\/"},{"@type":"ListItem","position":3,"name":"Ochrona Ma\u0142oletnich"}]},{"@type":"WebSite","@id":"https:\/\/okechamp.pl\/#website","url":"https:\/\/okechamp.pl\/","name":"Okechamp Group","description":"producent pieczarek","publisher":{"@id":"https:\/\/okechamp.pl\/#organization"},"potentialAction":[{"@type":"SearchAction","target":{"@type":"EntryPoint","urlTemplate":"https:\/\/okechamp.pl\/?s={search_term_string}"},"query-input":{"@type":"PropertyValueSpecification","valueRequired":true,"valueName":"search_term_string"}}],"inLanguage":"nl-NL"},{"@type":"Organization","@id":"https:\/\/okechamp.pl\/#organization","name":"Okechamp Group","url":"https:\/\/okechamp.pl\/","logo":{"@type":"ImageObject","inLanguage":"nl-NL","@id":"https:\/\/okechamp.pl\/#\/schema\/logo\/image\/","url":"https:\/\/okechamp.pl\/wp-content\/uploads\/2022\/02\/logo_okechamp.png","contentUrl":"https:\/\/okechamp.pl\/wp-content\/uploads\/2022\/02\/logo_okechamp.png","width":110,"height":66,"caption":"Okechamp Group"},"image":{"@id":"https:\/\/okechamp.pl\/#\/schema\/logo\/image\/"}}]}},"_links":{"self":[{"href":"https:\/\/okechamp.pl\/nl\/wp-json\/wp\/v2\/pages\/3453","targetHints":{"allow":["GET"]}}],"collection":[{"href":"https:\/\/okechamp.pl\/nl\/wp-json\/wp\/v2\/pages"}],"about":[{"href":"https:\/\/okechamp.pl\/nl\/wp-json\/wp\/v2\/types\/page"}],"author":[{"embeddable":true,"href":"https:\/\/okechamp.pl\/nl\/wp-json\/wp\/v2\/users\/3"}],"replies":[{"embeddable":true,"href":"https:\/\/okechamp.pl\/nl\/wp-json\/wp\/v2\/comments?post=3453"}],"version-history":[{"count":52,"href":"https:\/\/okechamp.pl\/nl\/wp-json\/wp\/v2\/pages\/3453\/revisions"}],"predecessor-version":[{"id":3928,"href":"https:\/\/okechamp.pl\/nl\/wp-json\/wp\/v2\/pages\/3453\/revisions\/3928"}],"up":[{"embeddable":true,"href":"https:\/\/okechamp.pl\/nl\/wp-json\/wp\/v2\/pages\/346"}],"wp:attachment":[{"href":"https:\/\/okechamp.pl\/nl\/wp-json\/wp\/v2\/media?parent=3453"}],"curies":[{"name":"wp","href":"https:\/\/api.w.org\/{rel}","templated":true}]}}