{"id":360,"date":"2022-03-01T09:44:55","date_gmt":"2022-03-01T09:44:55","guid":{"rendered":"https:\/\/2022.okechamp.pl\/?page_id=360"},"modified":"2025-11-14T14:22:53","modified_gmt":"2025-11-14T14:22:53","slug":"polityka-jakosci","status":"publish","type":"page","link":"https:\/\/okechamp.pl\/nl\/jakosc\/polityka-jakosci\/","title":{"rendered":"KWALITEITSBELEID"},"content":{"rendered":"<div data-elementor-type=\"wp-page\" data-elementor-id=\"360\" class=\"elementor elementor-360\" data-elementor-post-type=\"page\">\n\t\t\t\t\t\t<section data-particle_enable=\"false\" data-particle-mobile-disabled=\"false\" class=\"elementor-section elementor-top-section elementor-element elementor-element-5c394483 elementor-section-boxed elementor-section-height-default elementor-section-height-default exad-glass-effect-no exad-sticky-section-no\" data-id=\"5c394483\" data-element_type=\"section\" data-settings=\"{&quot;jet_parallax_layout_list&quot;:[],&quot;background_background&quot;:&quot;classic&quot;}\">\n\t\t\t\t\t\t<div class=\"elementor-container elementor-column-gap-default\">\n\t\t\t\t\t<div class=\"elementor-column elementor-col-100 elementor-top-column elementor-element elementor-element-76577b2e exad-glass-effect-no exad-sticky-section-no\" data-id=\"76577b2e\" data-element_type=\"column\">\n\t\t\t<div class=\"elementor-widget-wrap elementor-element-populated\">\n\t\t\t\t\t\t<div class=\"elementor-element elementor-element-7ec26a77 exad-sticky-section-no exad-glass-effect-no elementor-widget elementor-widget-heading\" data-id=\"7ec26a77\" data-element_type=\"widget\" data-widget_type=\"heading.default\">\n\t\t\t\t<div class=\"elementor-widget-container\">\n\t\t\t<style>\/*! elementor - v3.20.0 - 10-04-2024 *\/\n.elementor-heading-title{padding:0;margin:0;line-height:1}.elementor-widget-heading .elementor-heading-title[class*=elementor-size-]>a{color:inherit;font-size:inherit;line-height:inherit}.elementor-widget-heading .elementor-heading-title.elementor-size-small{font-size:15px}.elementor-widget-heading .elementor-heading-title.elementor-size-medium{font-size:19px}.elementor-widget-heading .elementor-heading-title.elementor-size-large{font-size:29px}.elementor-widget-heading .elementor-heading-title.elementor-size-xl{font-size:39px}.elementor-widget-heading .elementor-heading-title.elementor-size-xxl{font-size:59px}<\/style><h2 class=\"elementor-heading-title elementor-size-default\">KWALITEITSBELEID<\/h2>\t\t<\/div>\n\t\t\t\t<\/div>\n\t\t\t\t<div class=\"elementor-element elementor-element-3a9d6994 exad-sticky-section-no exad-glass-effect-no elementor-widget elementor-widget-heading\" data-id=\"3a9d6994\" data-element_type=\"widget\" data-widget_type=\"heading.default\">\n\t\t\t\t<div class=\"elementor-widget-container\">\n\t\t\t<h2 class=\"elementor-heading-title elementor-size-default\">OKECHAMP GROUP KWALITEITSBELEID<\/h2>\t\t<\/div>\n\t\t\t\t<\/div>\n\t\t\t\t\t<\/div>\n\t\t<\/div>\n\t\t\t\t\t<\/div>\n\t\t<\/section>\n\t\t\t\t<section data-particle_enable=\"false\" data-particle-mobile-disabled=\"false\" class=\"elementor-section elementor-top-section elementor-element elementor-element-953bf28 elementor-section-full_width elementor-section-height-default elementor-section-height-default exad-glass-effect-no exad-sticky-section-no\" data-id=\"953bf28\" data-element_type=\"section\" data-settings=\"{&quot;jet_parallax_layout_list&quot;:[]}\">\n\t\t\t\t\t\t<div class=\"elementor-container elementor-column-gap-default\">\n\t\t\t\t\t<div class=\"elementor-column elementor-col-50 elementor-top-column elementor-element elementor-element-9758866 exad-glass-effect-no exad-sticky-section-no\" data-id=\"9758866\" data-element_type=\"column\">\n\t\t\t<div class=\"elementor-widget-wrap elementor-element-populated\">\n\t\t\t\t\t\t<div class=\"elementor-element elementor-element-a1dc617 exad-sticky-section-no exad-glass-effect-no elementor-widget elementor-widget-image\" data-id=\"a1dc617\" data-element_type=\"widget\" data-widget_type=\"image.default\">\n\t\t\t\t<div class=\"elementor-widget-container\">\n\t\t\t<style>\/*! elementor - v3.20.0 - 10-04-2024 *\/\n.elementor-widget-image{text-align:center}.elementor-widget-image a{display:inline-block}.elementor-widget-image a img[src$=\".svg\"]{width:48px}.elementor-widget-image img{vertical-align:middle;display:inline-block}<\/style>\t\t\t\t\t\t\t\t\t\t<img fetchpriority=\"high\" decoding=\"async\" width=\"631\" height=\"1024\" src=\"https:\/\/okechamp.pl\/wp-content\/uploads\/2022\/03\/polj_1-631x1024.jpg\" class=\"attachment-large size-large wp-image-744\" alt=\"\" srcset=\"https:\/\/okechamp.pl\/wp-content\/uploads\/2022\/03\/polj_1-631x1024.jpg 631w, https:\/\/okechamp.pl\/wp-content\/uploads\/2022\/03\/polj_1-185x300.jpg 185w, https:\/\/okechamp.pl\/wp-content\/uploads\/2022\/03\/polj_1-768x1246.jpg 768w, https:\/\/okechamp.pl\/wp-content\/uploads\/2022\/03\/polj_1-946x1536.jpg 946w, https:\/\/okechamp.pl\/wp-content\/uploads\/2022\/03\/polj_1.jpg 952w\" sizes=\"(max-width: 631px) 100vw, 631px\" \/>\t\t\t\t\t\t\t\t\t\t\t\t\t<\/div>\n\t\t\t\t<\/div>\n\t\t\t\t\t<\/div>\n\t\t<\/div>\n\t\t\t\t<div class=\"elementor-column elementor-col-50 elementor-top-column elementor-element elementor-element-97a7d52 exad-glass-effect-no exad-sticky-section-no\" data-id=\"97a7d52\" data-element_type=\"column\">\n\t\t\t<div class=\"elementor-widget-wrap elementor-element-populated\">\n\t\t\t\t\t\t<section data-particle_enable=\"false\" data-particle-mobile-disabled=\"false\" class=\"elementor-section elementor-inner-section elementor-element elementor-element-1efe17e elementor-section-boxed elementor-section-height-default elementor-section-height-default exad-glass-effect-no exad-sticky-section-no\" data-id=\"1efe17e\" data-element_type=\"section\" data-settings=\"{&quot;jet_parallax_layout_list&quot;:[]}\">\n\t\t\t\t\t\t<div class=\"elementor-container elementor-column-gap-default\">\n\t\t\t\t\t<div class=\"elementor-column elementor-col-33 elementor-inner-column elementor-element elementor-element-47bd5fa exad-glass-effect-no exad-sticky-section-no\" data-id=\"47bd5fa\" data-element_type=\"column\">\n\t\t\t<div class=\"elementor-widget-wrap\">\n\t\t\t\t\t\t\t<\/div>\n\t\t<\/div>\n\t\t\t\t<div class=\"elementor-column elementor-col-33 elementor-inner-column elementor-element elementor-element-1aa5068 exad-glass-effect-no exad-sticky-section-no\" data-id=\"1aa5068\" data-element_type=\"column\">\n\t\t\t<div class=\"elementor-widget-wrap elementor-element-populated\">\n\t\t\t\t\t\t<div class=\"elementor-element elementor-element-4318692 exad-sticky-section-no exad-glass-effect-no elementor-widget elementor-widget-text-editor\" data-id=\"4318692\" data-element_type=\"widget\" data-widget_type=\"text-editor.default\">\n\t\t\t\t<div class=\"elementor-widget-container\">\n\t\t\t<style>\/*! elementor - v3.20.0 - 10-04-2024 *\/\n.elementor-widget-text-editor.elementor-drop-cap-view-stacked .elementor-drop-cap{background-color:#69727d;color:#fff}.elementor-widget-text-editor.elementor-drop-cap-view-framed .elementor-drop-cap{color:#69727d;border:3px solid;background-color:transparent}.elementor-widget-text-editor:not(.elementor-drop-cap-view-default) .elementor-drop-cap{margin-top:8px}.elementor-widget-text-editor:not(.elementor-drop-cap-view-default) .elementor-drop-cap-letter{width:1em;height:1em}.elementor-widget-text-editor .elementor-drop-cap{float:left;text-align:center;line-height:1;font-size:50px}.elementor-widget-text-editor .elementor-drop-cap-letter{display:inline-block}<\/style>\t\t\t\t<div class=\"page\" title=\"Page 1\"><div class=\"layoutArea\"><div class=\"column\"><p><strong>OKECHAMP KWALITEITSBELEID<\/strong><strong>\u00a0<\/strong><\/p><p>De OKECHAMP Groep houdt zich bezig met de teelt, oogst en verwerking van champignons, de verwerking van groenten en de distributie van champignon- en groenteproducten.<\/p><p>Het strategische doel van de OKECHAMP Groep is om producten te leveren van de hoogste kwaliteit, veiligheid en wettelijkheid, in overeenstemming met wettelijke vereisten, erkende internationale normen en klantverwachtingen. Wij streven ernaar onze marktpositie te versterken door vertrouwen op te bouwen via ethische waarden, verantwoordelijke ontwikkeling en stabiele partnerschappen.<\/p><p>De Raad van Bestuur en de medewerkers van de OKECHAMP Groep zetten zich volledig in voor de uitvoering van het Kwaliteitsbeleid door te zorgen voor de veiligheid, wettelijkheid en hoogste kwaliteit van producten, naleving van wettelijke, klant- en managementsysteemvereisten, alsook het bevorderen van een voedselveiligheidscultuur en de voortdurende verbetering van processen en producten.<\/p><p><strong>Om dit te bereiken, waarborgen wij naleving van de vereisten op de volgende gebieden:<\/strong><\/p><ol><li><strong>Voedselkwaliteit en -veiligheid<\/strong><\/li><\/ol><ul><li>Voldoen aan de eisen van voedselkwaliteit- en veiligheidsmanagementsystemen, waaronder IFS en BRC op de productielocaties in Grodzisk Wlkp. en Velden, evenals GlobalG.A.P. en ISO 22000 voor de teelt van verse champignons op de locatie Borucino.<\/li><li>Het opbouwen en onderhouden van een cultuur van voedselveiligheid en kwaliteit in alle fasen van de bedrijfsvoering.<\/li><li>Productie van producten die voldoen aan certificeringsvereisten (bijv. NON GMO, Kosher).<\/li><li>Het monitoren en beheersen van productieprocessen om risico\u2019s te elimineren en de effici\u00ebntie te verbeteren.<\/li><li>Waarborging van de veiligheid, kwaliteit, wettelijkheid en traceerbaarheid van verhandelde producten.<\/li><\/ul><ol start=\"2\"><li><strong>Voortdurende verbetering en innovatie<\/strong><\/li><\/ol><ul><li>Continue verbetering van processen en implementatie van innovatieve technische en technologische oplossingen.<\/li><li>Toepassing van TQM-principes en de OKECHAMP Code of Values.<\/li><li>Opleiden, motiveren en betrekken van medewerkers zodat iedereen zich bewust is van zijn of haar rol en verantwoordelijkheid voor kwaliteit en veiligheid.<\/li><\/ul><ol start=\"3\"><li><strong>Klanten en markt<\/strong><\/li><\/ol><ul><li>Luisteren naar klanten en voldoen aan hun eisen op het gebied van productkwaliteit, veiligheid en wettelijkheid<\/li><li>Tijdige uitvoering van leveringen en het verlenen van diensten op het hoogste niveau.<\/li><li>Het opbouwen van een positief en betrouwbaar imago van het bedrijf in de markt.<\/li><\/ul><ol start=\"4\"><li><strong>Duurzame ontwikkeling en maatschappelijke verantwoordelijkheid<\/strong><\/li><\/ol><ul><li>Selecteren van leveranciers op basis van hun vermogen om constante kwaliteit te leveren en verantwoord zaken te doen.<\/li><li>Nastreven van duurzaamheidsdoelstellingen die de levenskwaliteit verbeteren en tegelijkertijd economische effici\u00ebntie behouden.<\/li><li>Beschermen van het milieu en handelen in overeenstemming met de hoogste ethische en milieunormen.<\/li><\/ul><p>De uitvoering en naleving van het Kwaliteitsbeleid is de verantwoordelijkheid van elke medewerker van de OKECHAMP Groep. De Raad van Bestuur en alle medewerkers verbinden zich gezamenlijk tot naleving, voortdurende verbetering en regelmatige beoordeling van het beleid om de doeltreffendheid en naleving van de eisen van het kwaliteitsmanagementsysteem te waarborgen.<\/p><\/div><\/div><\/div>\t\t\t\t\t\t<\/div>\n\t\t\t\t<\/div>\n\t\t\t\t\t<\/div>\n\t\t<\/div>\n\t\t\t\t<div class=\"elementor-column elementor-col-33 elementor-inner-column elementor-element elementor-element-28f4bae exad-glass-effect-no exad-sticky-section-no\" data-id=\"28f4bae\" data-element_type=\"column\">\n\t\t\t<div class=\"elementor-widget-wrap\">\n\t\t\t\t\t\t\t<\/div>\n\t\t<\/div>\n\t\t\t\t\t<\/div>\n\t\t<\/section>\n\t\t\t\t\t<\/div>\n\t\t<\/div>\n\t\t\t\t\t<\/div>\n\t\t<\/section>\n\t\t\t\t<\/div>","protected":false},"excerpt":{"rendered":"<p>JAKO\u015a\u0106 OKECHAMP GROUP POLITYKA JAKO\u015aCI OKECHAMP\u00a0 Grupa OKECHAMP prowadzi upraw\u0119, zbiory i przetw\u00f3rstwo pieczarki, przetw\u00f3rstwo warzyw oraz dystrybucj\u0119 produkt\u00f3w grzybowych i warzywnych. Celem strategicznym Grupy OKECHAMP jest dostarczanie wyrob\u00f3w o najwy\u017cszej jako\u015bci, bezpiecze\u0144stwie i legalno\u015bci, zgodnie z wymaganiami prawnymi, uznanymi standardami mi\u0119dzynarodowymi oraz oczekiwaniami Klient\u00f3w. Chcemy wzmacnia\u0107 nasz\u0105 pozycj\u0119 na rynku, buduj\u0105c zaufanie poprzez etyczne [&hellip;]<\/p>","protected":false},"author":1,"featured_media":0,"parent":356,"menu_order":0,"comment_status":"closed","ping_status":"closed","template":"elementor_header_footer","meta":{"footnotes":""},"class_list":["post-360","page","type-page","status-publish","hentry","entry"],"yoast_head":"<!-- This site is optimized with the Yoast SEO plugin v23.4 - https:\/\/yoast.com\/wordpress\/plugins\/seo\/ -->\n<title>Polityka jako\u015bci - Okechamp Group<\/title>\n<meta name=\"robots\" content=\"index, follow, max-snippet:-1, max-image-preview:large, max-video-preview:-1\" \/>\n<link rel=\"canonical\" href=\"https:\/\/okechamp.pl\/nl\/jakosc\/polityka-jakosci\/\" \/>\n<meta property=\"og:locale\" content=\"nl_NL\" \/>\n<meta property=\"og:type\" content=\"article\" \/>\n<meta property=\"og:title\" content=\"Polityka jako\u015bci - Okechamp Group\" \/>\n<meta property=\"og:description\" content=\"JAKO\u015a\u0106 OKECHAMP GROUP POLITYKA JAKO\u015aCI OKECHAMP\u00a0 Grupa OKECHAMP prowadzi upraw\u0119, zbiory i przetw\u00f3rstwo pieczarki, przetw\u00f3rstwo warzyw oraz dystrybucj\u0119 produkt\u00f3w grzybowych i warzywnych. Celem strategicznym Grupy OKECHAMP jest dostarczanie wyrob\u00f3w o najwy\u017cszej jako\u015bci, bezpiecze\u0144stwie i legalno\u015bci, zgodnie z wymaganiami prawnymi, uznanymi standardami mi\u0119dzynarodowymi oraz oczekiwaniami Klient\u00f3w. Chcemy wzmacnia\u0107 nasz\u0105 pozycj\u0119 na rynku, buduj\u0105c zaufanie poprzez etyczne [&hellip;]\" \/>\n<meta property=\"og:url\" content=\"https:\/\/okechamp.pl\/nl\/jakosc\/polityka-jakosci\/\" \/>\n<meta property=\"og:site_name\" content=\"Okechamp Group\" \/>\n<meta property=\"article:modified_time\" content=\"2025-11-14T14:22:53+00:00\" \/>\n<meta property=\"og:image\" content=\"https:\/\/okechamp.pl\/wp-content\/uploads\/2022\/03\/polj_1-631x1024.jpg\" \/>\n<meta name=\"twitter:card\" content=\"summary_large_image\" \/>\n<meta name=\"twitter:label1\" content=\"Geschatte leestijd\" \/>\n\t<meta name=\"twitter:data1\" content=\"3 minuten\" \/>\n<script type=\"application\/ld+json\" class=\"yoast-schema-graph\">{\"@context\":\"https:\/\/schema.org\",\"@graph\":[{\"@type\":\"WebPage\",\"@id\":\"https:\/\/okechamp.pl\/jakosc\/polityka-jakosci\/\",\"url\":\"https:\/\/okechamp.pl\/jakosc\/polityka-jakosci\/\",\"name\":\"Polityka jako\u015bci - Okechamp Group\",\"isPartOf\":{\"@id\":\"https:\/\/okechamp.pl\/#website\"},\"primaryImageOfPage\":{\"@id\":\"https:\/\/okechamp.pl\/jakosc\/polityka-jakosci\/#primaryimage\"},\"image\":{\"@id\":\"https:\/\/okechamp.pl\/jakosc\/polityka-jakosci\/#primaryimage\"},\"thumbnailUrl\":\"https:\/\/okechamp.pl\/wp-content\/uploads\/2022\/03\/polj_1-631x1024.jpg\",\"datePublished\":\"2022-03-01T09:44:55+00:00\",\"dateModified\":\"2025-11-14T14:22:53+00:00\",\"breadcrumb\":{\"@id\":\"https:\/\/okechamp.pl\/jakosc\/polityka-jakosci\/#breadcrumb\"},\"inLanguage\":\"nl-NL\",\"potentialAction\":[{\"@type\":\"ReadAction\",\"target\":[\"https:\/\/okechamp.pl\/jakosc\/polityka-jakosci\/\"]}]},{\"@type\":\"ImageObject\",\"inLanguage\":\"nl-NL\",\"@id\":\"https:\/\/okechamp.pl\/jakosc\/polityka-jakosci\/#primaryimage\",\"url\":\"https:\/\/okechamp.pl\/wp-content\/uploads\/2022\/03\/polj_1-631x1024.jpg\",\"contentUrl\":\"https:\/\/okechamp.pl\/wp-content\/uploads\/2022\/03\/polj_1-631x1024.jpg\"},{\"@type\":\"BreadcrumbList\",\"@id\":\"https:\/\/okechamp.pl\/jakosc\/polityka-jakosci\/#breadcrumb\",\"itemListElement\":[{\"@type\":\"ListItem\",\"position\":1,\"name\":\"Strona g\u0142\u00f3wna\",\"item\":\"https:\/\/okechamp.pl\/\"},{\"@type\":\"ListItem\",\"position\":2,\"name\":\"Jako\u015b\u0107\",\"item\":\"https:\/\/okechamp.pl\/jakosc\/\"},{\"@type\":\"ListItem\",\"position\":3,\"name\":\"Polityka jako\u015bci\"}]},{\"@type\":\"WebSite\",\"@id\":\"https:\/\/okechamp.pl\/#website\",\"url\":\"https:\/\/okechamp.pl\/\",\"name\":\"Okechamp Group\",\"description\":\"producent pieczarek\",\"publisher\":{\"@id\":\"https:\/\/okechamp.pl\/#organization\"},\"potentialAction\":[{\"@type\":\"SearchAction\",\"target\":{\"@type\":\"EntryPoint\",\"urlTemplate\":\"https:\/\/okechamp.pl\/?s={search_term_string}\"},\"query-input\":{\"@type\":\"PropertyValueSpecification\",\"valueRequired\":true,\"valueName\":\"search_term_string\"}}],\"inLanguage\":\"nl-NL\"},{\"@type\":\"Organization\",\"@id\":\"https:\/\/okechamp.pl\/#organization\",\"name\":\"Okechamp Group\",\"url\":\"https:\/\/okechamp.pl\/\",\"logo\":{\"@type\":\"ImageObject\",\"inLanguage\":\"nl-NL\",\"@id\":\"https:\/\/okechamp.pl\/#\/schema\/logo\/image\/\",\"url\":\"https:\/\/okechamp.pl\/wp-content\/uploads\/2022\/02\/logo_okechamp.png\",\"contentUrl\":\"https:\/\/okechamp.pl\/wp-content\/uploads\/2022\/02\/logo_okechamp.png\",\"width\":110,\"height\":66,\"caption\":\"Okechamp Group\"},\"image\":{\"@id\":\"https:\/\/okechamp.pl\/#\/schema\/logo\/image\/\"}}]}<\/script>\n<!-- \/ Yoast SEO plugin. -->","yoast_head_json":{"title":"Polityka jako\u015bci - Okechamp Group","robots":{"index":"index","follow":"follow","max-snippet":"max-snippet:-1","max-image-preview":"max-image-preview:large","max-video-preview":"max-video-preview:-1"},"canonical":"https:\/\/okechamp.pl\/nl\/jakosc\/polityka-jakosci\/","og_locale":"nl_NL","og_type":"article","og_title":"Polityka jako\u015bci - Okechamp Group","og_description":"JAKO\u015a\u0106 OKECHAMP GROUP POLITYKA JAKO\u015aCI OKECHAMP\u00a0 Grupa OKECHAMP prowadzi upraw\u0119, zbiory i przetw\u00f3rstwo pieczarki, przetw\u00f3rstwo warzyw oraz dystrybucj\u0119 produkt\u00f3w grzybowych i warzywnych. Celem strategicznym Grupy OKECHAMP jest dostarczanie wyrob\u00f3w o najwy\u017cszej jako\u015bci, bezpiecze\u0144stwie i legalno\u015bci, zgodnie z wymaganiami prawnymi, uznanymi standardami mi\u0119dzynarodowymi oraz oczekiwaniami Klient\u00f3w. Chcemy wzmacnia\u0107 nasz\u0105 pozycj\u0119 na rynku, buduj\u0105c zaufanie poprzez etyczne [&hellip;]","og_url":"https:\/\/okechamp.pl\/nl\/jakosc\/polityka-jakosci\/","og_site_name":"Okechamp Group","article_modified_time":"2025-11-14T14:22:53+00:00","og_image":[{"url":"https:\/\/okechamp.pl\/wp-content\/uploads\/2022\/03\/polj_1-631x1024.jpg"}],"twitter_card":"summary_large_image","twitter_misc":{"Geschatte leestijd":"3 minuten"},"schema":{"@context":"https:\/\/schema.org","@graph":[{"@type":"WebPage","@id":"https:\/\/okechamp.pl\/jakosc\/polityka-jakosci\/","url":"https:\/\/okechamp.pl\/jakosc\/polityka-jakosci\/","name":"Polityka jako\u015bci - Okechamp Group","isPartOf":{"@id":"https:\/\/okechamp.pl\/#website"},"primaryImageOfPage":{"@id":"https:\/\/okechamp.pl\/jakosc\/polityka-jakosci\/#primaryimage"},"image":{"@id":"https:\/\/okechamp.pl\/jakosc\/polityka-jakosci\/#primaryimage"},"thumbnailUrl":"https:\/\/okechamp.pl\/wp-content\/uploads\/2022\/03\/polj_1-631x1024.jpg","datePublished":"2022-03-01T09:44:55+00:00","dateModified":"2025-11-14T14:22:53+00:00","breadcrumb":{"@id":"https:\/\/okechamp.pl\/jakosc\/polityka-jakosci\/#breadcrumb"},"inLanguage":"nl-NL","potentialAction":[{"@type":"ReadAction","target":["https:\/\/okechamp.pl\/jakosc\/polityka-jakosci\/"]}]},{"@type":"ImageObject","inLanguage":"nl-NL","@id":"https:\/\/okechamp.pl\/jakosc\/polityka-jakosci\/#primaryimage","url":"https:\/\/okechamp.pl\/wp-content\/uploads\/2022\/03\/polj_1-631x1024.jpg","contentUrl":"https:\/\/okechamp.pl\/wp-content\/uploads\/2022\/03\/polj_1-631x1024.jpg"},{"@type":"BreadcrumbList","@id":"https:\/\/okechamp.pl\/jakosc\/polityka-jakosci\/#breadcrumb","itemListElement":[{"@type":"ListItem","position":1,"name":"Strona g\u0142\u00f3wna","item":"https:\/\/okechamp.pl\/"},{"@type":"ListItem","position":2,"name":"Jako\u015b\u0107","item":"https:\/\/okechamp.pl\/jakosc\/"},{"@type":"ListItem","position":3,"name":"Polityka jako\u015bci"}]},{"@type":"WebSite","@id":"https:\/\/okechamp.pl\/#website","url":"https:\/\/okechamp.pl\/","name":"Okechamp Group","description":"producent pieczarek","publisher":{"@id":"https:\/\/okechamp.pl\/#organization"},"potentialAction":[{"@type":"SearchAction","target":{"@type":"EntryPoint","urlTemplate":"https:\/\/okechamp.pl\/?s={search_term_string}"},"query-input":{"@type":"PropertyValueSpecification","valueRequired":true,"valueName":"search_term_string"}}],"inLanguage":"nl-NL"},{"@type":"Organization","@id":"https:\/\/okechamp.pl\/#organization","name":"Okechamp Group","url":"https:\/\/okechamp.pl\/","logo":{"@type":"ImageObject","inLanguage":"nl-NL","@id":"https:\/\/okechamp.pl\/#\/schema\/logo\/image\/","url":"https:\/\/okechamp.pl\/wp-content\/uploads\/2022\/02\/logo_okechamp.png","contentUrl":"https:\/\/okechamp.pl\/wp-content\/uploads\/2022\/02\/logo_okechamp.png","width":110,"height":66,"caption":"Okechamp Group"},"image":{"@id":"https:\/\/okechamp.pl\/#\/schema\/logo\/image\/"}}]}},"_links":{"self":[{"href":"https:\/\/okechamp.pl\/nl\/wp-json\/wp\/v2\/pages\/360","targetHints":{"allow":["GET"]}}],"collection":[{"href":"https:\/\/okechamp.pl\/nl\/wp-json\/wp\/v2\/pages"}],"about":[{"href":"https:\/\/okechamp.pl\/nl\/wp-json\/wp\/v2\/types\/page"}],"author":[{"embeddable":true,"href":"https:\/\/okechamp.pl\/nl\/wp-json\/wp\/v2\/users\/1"}],"replies":[{"embeddable":true,"href":"https:\/\/okechamp.pl\/nl\/wp-json\/wp\/v2\/comments?post=360"}],"version-history":[{"count":37,"href":"https:\/\/okechamp.pl\/nl\/wp-json\/wp\/v2\/pages\/360\/revisions"}],"predecessor-version":[{"id":3768,"href":"https:\/\/okechamp.pl\/nl\/wp-json\/wp\/v2\/pages\/360\/revisions\/3768"}],"up":[{"embeddable":true,"href":"https:\/\/okechamp.pl\/nl\/wp-json\/wp\/v2\/pages\/356"}],"wp:attachment":[{"href":"https:\/\/okechamp.pl\/nl\/wp-json\/wp\/v2\/media?parent=360"}],"curies":[{"name":"wp","href":"https:\/\/api.w.org\/{rel}","templated":true}]}}