{"id":366,"date":"2022-03-01T09:45:58","date_gmt":"2022-03-01T09:45:58","guid":{"rendered":"https:\/\/2022.okechamp.pl\/?page_id=366"},"modified":"2022-03-16T13:31:29","modified_gmt":"2022-03-16T13:31:29","slug":"okrywa","status":"publish","type":"page","link":"https:\/\/okechamp.pl\/nl\/oferta\/okrywa\/","title":{"rendered":"DEKAARDE"},"content":{"rendered":"<div data-elementor-type=\"wp-page\" data-elementor-id=\"366\" class=\"elementor elementor-366\" data-elementor-post-type=\"page\">\n\t\t\t\t\t\t<section data-particle_enable=\"false\" data-particle-mobile-disabled=\"false\" class=\"elementor-section elementor-top-section elementor-element elementor-element-7202f0b elementor-section-full_width elementor-section-height-default elementor-section-height-default exad-glass-effect-no exad-sticky-section-no\" data-id=\"7202f0b\" data-element_type=\"section\" data-settings=\"{&quot;jet_parallax_layout_list&quot;:[]}\">\n\t\t\t\t\t\t<div class=\"elementor-container elementor-column-gap-default\">\n\t\t\t\t\t<div class=\"elementor-column elementor-col-50 elementor-top-column elementor-element elementor-element-71b7209 exad-glass-effect-no exad-sticky-section-no\" data-id=\"71b7209\" data-element_type=\"column\">\n\t\t\t<div class=\"elementor-widget-wrap elementor-element-populated\">\n\t\t\t\t\t\t<div class=\"elementor-element elementor-element-6f0a944 exad-sticky-section-no exad-glass-effect-no elementor-widget elementor-widget-image\" data-id=\"6f0a944\" data-element_type=\"widget\" data-widget_type=\"image.default\">\n\t\t\t\t<div class=\"elementor-widget-container\">\n\t\t\t<style>\/*! elementor - v3.20.0 - 10-04-2024 *\/\n.elementor-widget-image{text-align:center}.elementor-widget-image a{display:inline-block}.elementor-widget-image a img[src$=\".svg\"]{width:48px}.elementor-widget-image img{vertical-align:middle;display:inline-block}<\/style>\t\t\t\t\t\t\t\t\t\t<img fetchpriority=\"high\" decoding=\"async\" width=\"761\" height=\"598\" src=\"https:\/\/okechamp.pl\/wp-content\/uploads\/2022\/03\/okrywa_1.jpg\" class=\"attachment-large size-large wp-image-800\" alt=\"\" srcset=\"https:\/\/okechamp.pl\/wp-content\/uploads\/2022\/03\/okrywa_1.jpg 761w, https:\/\/okechamp.pl\/wp-content\/uploads\/2022\/03\/okrywa_1-300x236.jpg 300w\" sizes=\"(max-width: 761px) 100vw, 761px\" \/>\t\t\t\t\t\t\t\t\t\t\t\t\t<\/div>\n\t\t\t\t<\/div>\n\t\t\t\t\t<\/div>\n\t\t<\/div>\n\t\t\t\t<div class=\"elementor-column elementor-col-50 elementor-top-column elementor-element elementor-element-026b480 exad-glass-effect-no exad-sticky-section-no\" data-id=\"026b480\" data-element_type=\"column\">\n\t\t\t<div class=\"elementor-widget-wrap elementor-element-populated\">\n\t\t\t\t\t\t<div class=\"elementor-element elementor-element-01955c9 exad-sticky-section-no exad-glass-effect-no elementor-widget elementor-widget-heading\" data-id=\"01955c9\" data-element_type=\"widget\" data-widget_type=\"heading.default\">\n\t\t\t\t<div class=\"elementor-widget-container\">\n\t\t\t<style>\/*! elementor - v3.20.0 - 10-04-2024 *\/\n.elementor-heading-title{padding:0;margin:0;line-height:1}.elementor-widget-heading .elementor-heading-title[class*=elementor-size-]>a{color:inherit;font-size:inherit;line-height:inherit}.elementor-widget-heading .elementor-heading-title.elementor-size-small{font-size:15px}.elementor-widget-heading .elementor-heading-title.elementor-size-medium{font-size:19px}.elementor-widget-heading .elementor-heading-title.elementor-size-large{font-size:29px}.elementor-widget-heading .elementor-heading-title.elementor-size-xl{font-size:39px}.elementor-widget-heading .elementor-heading-title.elementor-size-xxl{font-size:59px}<\/style><h2 class=\"elementor-heading-title elementor-size-default\">DEKAARDE<\/h2>\t\t<\/div>\n\t\t\t\t<\/div>\n\t\t\t\t<div class=\"elementor-element elementor-element-087ba9a exad-sticky-section-no exad-glass-effect-no elementor-widget elementor-widget-text-editor\" data-id=\"087ba9a\" data-element_type=\"widget\" data-widget_type=\"text-editor.default\">\n\t\t\t\t<div class=\"elementor-widget-container\">\n\t\t\t<style>\/*! elementor - v3.20.0 - 10-04-2024 *\/\n.elementor-widget-text-editor.elementor-drop-cap-view-stacked .elementor-drop-cap{background-color:#69727d;color:#fff}.elementor-widget-text-editor.elementor-drop-cap-view-framed .elementor-drop-cap{color:#69727d;border:3px solid;background-color:transparent}.elementor-widget-text-editor:not(.elementor-drop-cap-view-default) .elementor-drop-cap{margin-top:8px}.elementor-widget-text-editor:not(.elementor-drop-cap-view-default) .elementor-drop-cap-letter{width:1em;height:1em}.elementor-widget-text-editor .elementor-drop-cap{float:left;text-align:center;line-height:1;font-size:50px}.elementor-widget-text-editor .elementor-drop-cap-letter{display:inline-block}<\/style>\t\t\t\t<ul><li>de basis voor onze dekaarde zijn turven afkomstig uit de veenderij van het bedrijf PeatCo, vermengd met schuimaarde (kalkachtige stof afkomstig uit de suikerindustrie), krijt en, indien vereist, hoogveen\u00a0<\/li><li>het productieproces is volledig geautomatiseerd, vindt plaats in een gesloten kringloop en het laden van het eindproduct gebeurt in een sluis aangrenzend aan de productiehal, waardoor de kans op besmetting van het eindproduct minimaal is<\/li><li>de dekaarde is 100% natuurlijk, en het product is niet gedesinfecteerd<\/li><\/ul>\t\t\t\t\t\t<\/div>\n\t\t\t\t<\/div>\n\t\t\t\t<div class=\"elementor-element elementor-element-aa9b65c exad-sticky-section-no exad-glass-effect-no elementor-widget elementor-widget-spacer\" data-id=\"aa9b65c\" data-element_type=\"widget\" data-widget_type=\"spacer.default\">\n\t\t\t\t<div class=\"elementor-widget-container\">\n\t\t\t<style>\/*! elementor - v3.20.0 - 10-04-2024 *\/\n.elementor-column .elementor-spacer-inner{height:var(--spacer-size)}.e-con{--container-widget-width:100%}.e-con-inner>.elementor-widget-spacer,.e-con>.elementor-widget-spacer{width:var(--container-widget-width,var(--spacer-size));--align-self:var(--container-widget-align-self,initial);--flex-shrink:0}.e-con-inner>.elementor-widget-spacer>.elementor-widget-container,.e-con>.elementor-widget-spacer>.elementor-widget-container{height:100%;width:100%}.e-con-inner>.elementor-widget-spacer>.elementor-widget-container>.elementor-spacer,.e-con>.elementor-widget-spacer>.elementor-widget-container>.elementor-spacer{height:100%}.e-con-inner>.elementor-widget-spacer>.elementor-widget-container>.elementor-spacer>.elementor-spacer-inner,.e-con>.elementor-widget-spacer>.elementor-widget-container>.elementor-spacer>.elementor-spacer-inner{height:var(--container-widget-height,var(--spacer-size))}.e-con-inner>.elementor-widget-spacer.elementor-widget-empty,.e-con>.elementor-widget-spacer.elementor-widget-empty{position:relative;min-height:22px;min-width:22px}.e-con-inner>.elementor-widget-spacer.elementor-widget-empty .elementor-widget-empty-icon,.e-con>.elementor-widget-spacer.elementor-widget-empty .elementor-widget-empty-icon{position:absolute;top:0;bottom:0;left:0;right:0;margin:auto;padding:0;width:22px;height:22px}<\/style>\t\t<div class=\"elementor-spacer\">\n\t\t\t<div class=\"elementor-spacer-inner\"><\/div>\n\t\t<\/div>\n\t\t\t\t<\/div>\n\t\t\t\t<\/div>\n\t\t\t\t<div class=\"elementor-element elementor-element-9d3d294 exad-sticky-section-no exad-glass-effect-no elementor-widget elementor-widget-image\" data-id=\"9d3d294\" data-element_type=\"widget\" data-widget_type=\"image.default\">\n\t\t\t\t<div class=\"elementor-widget-container\">\n\t\t\t\t\t\t\t\t\t\t\t\t\t<img decoding=\"async\" width=\"126\" height=\"126\" src=\"https:\/\/okechamp.pl\/wp-content\/uploads\/2022\/03\/offer_icon_1.webp\" class=\"attachment-large size-large wp-image-790\" alt=\"\" \/>\t\t\t\t\t\t\t\t\t\t\t\t\t<\/div>\n\t\t\t\t<\/div>\n\t\t\t\t\t<\/div>\n\t\t<\/div>\n\t\t\t\t\t<\/div>\n\t\t<\/section>\n\t\t\t\t<\/div>","protected":false},"excerpt":{"rendered":"<p>Okrywa baz\u0105 okrywy s\u0105 torfy pochodz\u0105ce z kopalni firmy PeatCo mieszanych z wapniem defekacyjnym (pocukrowym) \u00a0kred\u0105 i je\u015bli jest taki wym\u00f3g z torfami wysokimi\u00a0 proces produkcyjny jest w pe\u0142ni zautomatyzowany, odbywa si\u0119 w cyklu zamkni\u0119tym, a za\u0142adunek gotowego produktu nast\u0119puje w \u015bluzie przylegaj\u0105cej do hali produkcyjnej co minimalizuje mo\u017cliwo\u015b\u0107 zaka\u017cenia gotowego produktu okrywa jest w [&hellip;]<\/p>","protected":false},"author":1,"featured_media":0,"parent":364,"menu_order":0,"comment_status":"closed","ping_status":"closed","template":"elementor_header_footer","meta":{"footnotes":""},"class_list":["post-366","page","type-page","status-publish","hentry","entry"],"yoast_head":"<!-- This site is optimized with the Yoast SEO plugin v23.4 - https:\/\/yoast.com\/wordpress\/plugins\/seo\/ -->\n<title>Okrywa - Okechamp Group<\/title>\n<meta name=\"robots\" content=\"index, follow, max-snippet:-1, max-image-preview:large, max-video-preview:-1\" \/>\n<link rel=\"canonical\" href=\"https:\/\/okechamp.pl\/nl\/oferta\/okrywa\/\" \/>\n<meta property=\"og:locale\" content=\"nl_NL\" \/>\n<meta property=\"og:type\" content=\"article\" \/>\n<meta property=\"og:title\" content=\"Okrywa - Okechamp Group\" \/>\n<meta property=\"og:description\" content=\"Okrywa baz\u0105 okrywy s\u0105 torfy pochodz\u0105ce z kopalni firmy PeatCo mieszanych z wapniem defekacyjnym (pocukrowym) \u00a0kred\u0105 i je\u015bli jest taki wym\u00f3g z torfami wysokimi\u00a0 proces produkcyjny jest w pe\u0142ni zautomatyzowany, odbywa si\u0119 w cyklu zamkni\u0119tym, a za\u0142adunek gotowego produktu nast\u0119puje w \u015bluzie przylegaj\u0105cej do hali produkcyjnej co minimalizuje mo\u017cliwo\u015b\u0107 zaka\u017cenia gotowego produktu okrywa jest w [&hellip;]\" \/>\n<meta property=\"og:url\" content=\"https:\/\/okechamp.pl\/nl\/oferta\/okrywa\/\" \/>\n<meta property=\"og:site_name\" content=\"Okechamp Group\" \/>\n<meta property=\"article:modified_time\" content=\"2022-03-16T13:31:29+00:00\" \/>\n<meta property=\"og:image\" content=\"https:\/\/2022.okechamp.pl\/wp-content\/uploads\/2022\/03\/okrywa_1.jpg\" \/>\n<meta name=\"twitter:card\" content=\"summary_large_image\" \/>\n<meta name=\"twitter:label1\" content=\"Geschatte leestijd\" \/>\n\t<meta name=\"twitter:data1\" content=\"1 minuut\" \/>\n<script type=\"application\/ld+json\" class=\"yoast-schema-graph\">{\"@context\":\"https:\/\/schema.org\",\"@graph\":[{\"@type\":\"WebPage\",\"@id\":\"https:\/\/okechamp.pl\/oferta\/okrywa\/\",\"url\":\"https:\/\/okechamp.pl\/oferta\/okrywa\/\",\"name\":\"Okrywa - Okechamp Group\",\"isPartOf\":{\"@id\":\"https:\/\/okechamp.pl\/#website\"},\"primaryImageOfPage\":{\"@id\":\"https:\/\/okechamp.pl\/oferta\/okrywa\/#primaryimage\"},\"image\":{\"@id\":\"https:\/\/okechamp.pl\/oferta\/okrywa\/#primaryimage\"},\"thumbnailUrl\":\"https:\/\/2022.okechamp.pl\/wp-content\/uploads\/2022\/03\/okrywa_1.jpg\",\"datePublished\":\"2022-03-01T09:45:58+00:00\",\"dateModified\":\"2022-03-16T13:31:29+00:00\",\"breadcrumb\":{\"@id\":\"https:\/\/okechamp.pl\/oferta\/okrywa\/#breadcrumb\"},\"inLanguage\":\"nl-NL\",\"potentialAction\":[{\"@type\":\"ReadAction\",\"target\":[\"https:\/\/okechamp.pl\/oferta\/okrywa\/\"]}]},{\"@type\":\"ImageObject\",\"inLanguage\":\"nl-NL\",\"@id\":\"https:\/\/okechamp.pl\/oferta\/okrywa\/#primaryimage\",\"url\":\"https:\/\/2022.okechamp.pl\/wp-content\/uploads\/2022\/03\/okrywa_1.jpg\",\"contentUrl\":\"https:\/\/2022.okechamp.pl\/wp-content\/uploads\/2022\/03\/okrywa_1.jpg\"},{\"@type\":\"BreadcrumbList\",\"@id\":\"https:\/\/okechamp.pl\/oferta\/okrywa\/#breadcrumb\",\"itemListElement\":[{\"@type\":\"ListItem\",\"position\":1,\"name\":\"Strona g\u0142\u00f3wna\",\"item\":\"https:\/\/okechamp.pl\/\"},{\"@type\":\"ListItem\",\"position\":2,\"name\":\"Oferta\",\"item\":\"https:\/\/okechamp.pl\/oferta\/\"},{\"@type\":\"ListItem\",\"position\":3,\"name\":\"Okrywa\"}]},{\"@type\":\"WebSite\",\"@id\":\"https:\/\/okechamp.pl\/#website\",\"url\":\"https:\/\/okechamp.pl\/\",\"name\":\"Okechamp Group\",\"description\":\"producent pieczarek\",\"publisher\":{\"@id\":\"https:\/\/okechamp.pl\/#organization\"},\"potentialAction\":[{\"@type\":\"SearchAction\",\"target\":{\"@type\":\"EntryPoint\",\"urlTemplate\":\"https:\/\/okechamp.pl\/?s={search_term_string}\"},\"query-input\":{\"@type\":\"PropertyValueSpecification\",\"valueRequired\":true,\"valueName\":\"search_term_string\"}}],\"inLanguage\":\"nl-NL\"},{\"@type\":\"Organization\",\"@id\":\"https:\/\/okechamp.pl\/#organization\",\"name\":\"Okechamp Group\",\"url\":\"https:\/\/okechamp.pl\/\",\"logo\":{\"@type\":\"ImageObject\",\"inLanguage\":\"nl-NL\",\"@id\":\"https:\/\/okechamp.pl\/#\/schema\/logo\/image\/\",\"url\":\"https:\/\/okechamp.pl\/wp-content\/uploads\/2022\/02\/logo_okechamp.png\",\"contentUrl\":\"https:\/\/okechamp.pl\/wp-content\/uploads\/2022\/02\/logo_okechamp.png\",\"width\":110,\"height\":66,\"caption\":\"Okechamp Group\"},\"image\":{\"@id\":\"https:\/\/okechamp.pl\/#\/schema\/logo\/image\/\"}}]}<\/script>\n<!-- \/ Yoast SEO plugin. -->","yoast_head_json":{"title":"Okrywa - Okechamp Group","robots":{"index":"index","follow":"follow","max-snippet":"max-snippet:-1","max-image-preview":"max-image-preview:large","max-video-preview":"max-video-preview:-1"},"canonical":"https:\/\/okechamp.pl\/nl\/oferta\/okrywa\/","og_locale":"nl_NL","og_type":"article","og_title":"Okrywa - Okechamp Group","og_description":"Okrywa baz\u0105 okrywy s\u0105 torfy pochodz\u0105ce z kopalni firmy PeatCo mieszanych z wapniem defekacyjnym (pocukrowym) \u00a0kred\u0105 i je\u015bli jest taki wym\u00f3g z torfami wysokimi\u00a0 proces produkcyjny jest w pe\u0142ni zautomatyzowany, odbywa si\u0119 w cyklu zamkni\u0119tym, a za\u0142adunek gotowego produktu nast\u0119puje w \u015bluzie przylegaj\u0105cej do hali produkcyjnej co minimalizuje mo\u017cliwo\u015b\u0107 zaka\u017cenia gotowego produktu okrywa jest w [&hellip;]","og_url":"https:\/\/okechamp.pl\/nl\/oferta\/okrywa\/","og_site_name":"Okechamp Group","article_modified_time":"2022-03-16T13:31:29+00:00","og_image":[{"url":"https:\/\/2022.okechamp.pl\/wp-content\/uploads\/2022\/03\/okrywa_1.jpg"}],"twitter_card":"summary_large_image","twitter_misc":{"Geschatte leestijd":"1 minuut"},"schema":{"@context":"https:\/\/schema.org","@graph":[{"@type":"WebPage","@id":"https:\/\/okechamp.pl\/oferta\/okrywa\/","url":"https:\/\/okechamp.pl\/oferta\/okrywa\/","name":"Okrywa - Okechamp Group","isPartOf":{"@id":"https:\/\/okechamp.pl\/#website"},"primaryImageOfPage":{"@id":"https:\/\/okechamp.pl\/oferta\/okrywa\/#primaryimage"},"image":{"@id":"https:\/\/okechamp.pl\/oferta\/okrywa\/#primaryimage"},"thumbnailUrl":"https:\/\/2022.okechamp.pl\/wp-content\/uploads\/2022\/03\/okrywa_1.jpg","datePublished":"2022-03-01T09:45:58+00:00","dateModified":"2022-03-16T13:31:29+00:00","breadcrumb":{"@id":"https:\/\/okechamp.pl\/oferta\/okrywa\/#breadcrumb"},"inLanguage":"nl-NL","potentialAction":[{"@type":"ReadAction","target":["https:\/\/okechamp.pl\/oferta\/okrywa\/"]}]},{"@type":"ImageObject","inLanguage":"nl-NL","@id":"https:\/\/okechamp.pl\/oferta\/okrywa\/#primaryimage","url":"https:\/\/2022.okechamp.pl\/wp-content\/uploads\/2022\/03\/okrywa_1.jpg","contentUrl":"https:\/\/2022.okechamp.pl\/wp-content\/uploads\/2022\/03\/okrywa_1.jpg"},{"@type":"BreadcrumbList","@id":"https:\/\/okechamp.pl\/oferta\/okrywa\/#breadcrumb","itemListElement":[{"@type":"ListItem","position":1,"name":"Strona g\u0142\u00f3wna","item":"https:\/\/okechamp.pl\/"},{"@type":"ListItem","position":2,"name":"Oferta","item":"https:\/\/okechamp.pl\/oferta\/"},{"@type":"ListItem","position":3,"name":"Okrywa"}]},{"@type":"WebSite","@id":"https:\/\/okechamp.pl\/#website","url":"https:\/\/okechamp.pl\/","name":"Okechamp Group","description":"producent pieczarek","publisher":{"@id":"https:\/\/okechamp.pl\/#organization"},"potentialAction":[{"@type":"SearchAction","target":{"@type":"EntryPoint","urlTemplate":"https:\/\/okechamp.pl\/?s={search_term_string}"},"query-input":{"@type":"PropertyValueSpecification","valueRequired":true,"valueName":"search_term_string"}}],"inLanguage":"nl-NL"},{"@type":"Organization","@id":"https:\/\/okechamp.pl\/#organization","name":"Okechamp Group","url":"https:\/\/okechamp.pl\/","logo":{"@type":"ImageObject","inLanguage":"nl-NL","@id":"https:\/\/okechamp.pl\/#\/schema\/logo\/image\/","url":"https:\/\/okechamp.pl\/wp-content\/uploads\/2022\/02\/logo_okechamp.png","contentUrl":"https:\/\/okechamp.pl\/wp-content\/uploads\/2022\/02\/logo_okechamp.png","width":110,"height":66,"caption":"Okechamp Group"},"image":{"@id":"https:\/\/okechamp.pl\/#\/schema\/logo\/image\/"}}]}},"_links":{"self":[{"href":"https:\/\/okechamp.pl\/nl\/wp-json\/wp\/v2\/pages\/366","targetHints":{"allow":["GET"]}}],"collection":[{"href":"https:\/\/okechamp.pl\/nl\/wp-json\/wp\/v2\/pages"}],"about":[{"href":"https:\/\/okechamp.pl\/nl\/wp-json\/wp\/v2\/types\/page"}],"author":[{"embeddable":true,"href":"https:\/\/okechamp.pl\/nl\/wp-json\/wp\/v2\/users\/1"}],"replies":[{"embeddable":true,"href":"https:\/\/okechamp.pl\/nl\/wp-json\/wp\/v2\/comments?post=366"}],"version-history":[{"count":13,"href":"https:\/\/okechamp.pl\/nl\/wp-json\/wp\/v2\/pages\/366\/revisions"}],"predecessor-version":[{"id":1555,"href":"https:\/\/okechamp.pl\/nl\/wp-json\/wp\/v2\/pages\/366\/revisions\/1555"}],"up":[{"embeddable":true,"href":"https:\/\/okechamp.pl\/nl\/wp-json\/wp\/v2\/pages\/364"}],"wp:attachment":[{"href":"https:\/\/okechamp.pl\/nl\/wp-json\/wp\/v2\/media?parent=366"}],"curies":[{"name":"wp","href":"https:\/\/api.w.org\/{rel}","templated":true}]}}